{"id":18724,"date":"2025-08-20T13:41:28","date_gmt":"2025-08-20T13:41:28","guid":{"rendered":"https:\/\/verdascagroup.com\/?post_type=product&#038;p=18724"},"modified":"2025-08-21T23:42:19","modified_gmt":"2025-08-21T23:42:19","slug":"escaliers","status":"publish","type":"product","link":"https:\/\/verdascagroup.com\/fr\/produit\/escaliers\/","title":{"rendered":"Escaliers"},"content":{"rendered":"<p>Fabriqu\u00e9es avec des mat\u00e9riaux hautement r\u00e9sistants et d&rsquo;une grande pr\u00e9cision technique, elles garantissent s\u00e9curit\u00e9, durabilit\u00e9 et une finition d&rsquo;excellence.<br \/>\nAlliant esth\u00e9tique et fonctionnalit\u00e9, ces escaliers s&rsquo;adaptent parfaitement \u00e0 votre espace. De plus, elles permettent un gain de temps consid\u00e9rable lors de la pose, sans compromettre la qualit\u00e9.<\/p>\n","protected":false},"excerpt":{"rendered":"<p>Fabriqu\u00e9es avec des mat\u00e9riaux hautement r\u00e9sistants et d&rsquo;une grande pr\u00e9cision technique, elles garantissent s\u00e9curit\u00e9, durabilit\u00e9 et une finition d&rsquo;excellence.<br \/>\nAlliant esth\u00e9tique et fonctionnalit\u00e9, ces escaliers s&rsquo;adaptent parfaitement \u00e0 votre espace. De plus, elles permettent un gain de temps consid\u00e9rable lors de la pose, sans compromettre la qualit\u00e9.<\/p>\n","protected":false},"featured_media":18751,"template":"","meta":[],"product_brand":[],"product_cat":[698],"product_tag":[],"class_list":{"0":"post-18724","1":"product","2":"type-product","3":"status-publish","4":"has-post-thumbnail","6":"product_cat-escaliers","8":"first","9":"instock","10":"shipping-taxable","11":"product-type-simple"},"yoast_head":"<!-- This site is optimized with the Yoast SEO plugin v27.4 - https:\/\/yoast.com\/product\/yoast-seo-wordpress\/ -->\n<title>Escaliers - Verdasca Group<\/title>\n<meta name=\"robots\" content=\"index, follow, max-snippet:-1, max-image-preview:large, max-video-preview:-1\" \/>\n<link rel=\"canonical\" href=\"https:\/\/verdascagroup.com\/fr\/produit\/escaliers\/\" \/>\n<meta property=\"og:locale\" content=\"fr_FR\" \/>\n<meta property=\"og:type\" content=\"article\" \/>\n<meta property=\"og:title\" content=\"Escaliers - Verdasca Group\" \/>\n<meta property=\"og:description\" content=\"Fabriqu\u00e9es avec des mat\u00e9riaux hautement r\u00e9sistants et d&#039;une grande pr\u00e9cision technique, elles garantissent s\u00e9curit\u00e9, durabilit\u00e9 et une finition d&#039;excellence. Alliant esth\u00e9tique et fonctionnalit\u00e9, ces escaliers s&#039;adaptent parfaitement \u00e0 votre espace. De plus, elles permettent un gain de temps consid\u00e9rable lors de la pose, sans compromettre la qualit\u00e9.\" \/>\n<meta property=\"og:url\" content=\"https:\/\/verdascagroup.com\/fr\/produit\/escaliers\/\" \/>\n<meta property=\"og:site_name\" content=\"Verdasca Group\" \/>\n<meta property=\"article:modified_time\" content=\"2025-08-21T23:42:19+00:00\" \/>\n<meta property=\"og:image\" content=\"https:\/\/verdascagroup.com\/wp-content\/uploads\/2025\/08\/ESCADA_PRE_FABRICADA.webp\" \/>\n\t<meta property=\"og:image:width\" content=\"1280\" \/>\n\t<meta property=\"og:image:height\" content=\"1280\" \/>\n\t<meta property=\"og:image:type\" content=\"image\/webp\" \/>\n<meta name=\"twitter:card\" content=\"summary_large_image\" \/>\n<meta name=\"twitter:label1\" content=\"Dur\u00e9e de lecture estim\u00e9e\" \/>\n\t<meta name=\"twitter:data1\" content=\"1 minute\" \/>\n<script type=\"application\/ld+json\" class=\"yoast-schema-graph\">{\"@context\":\"https:\\\/\\\/schema.org\",\"@graph\":[{\"@type\":\"WebPage\",\"@id\":\"https:\\\/\\\/verdascagroup.com\\\/fr\\\/produit\\\/escaliers\\\/\",\"url\":\"https:\\\/\\\/verdascagroup.com\\\/fr\\\/produit\\\/escaliers\\\/\",\"name\":\"Escaliers - Verdasca Group\",\"isPartOf\":{\"@id\":\"https:\\\/\\\/verdascagroup.com\\\/fr\\\/#website\"},\"primaryImageOfPage\":{\"@id\":\"https:\\\/\\\/verdascagroup.com\\\/fr\\\/produit\\\/escaliers\\\/#primaryimage\"},\"image\":{\"@id\":\"https:\\\/\\\/verdascagroup.com\\\/fr\\\/produit\\\/escaliers\\\/#primaryimage\"},\"thumbnailUrl\":\"https:\\\/\\\/verdascagroup.com\\\/wp-content\\\/uploads\\\/2025\\\/08\\\/ESCADA_PRE_FABRICADA.webp\",\"datePublished\":\"2025-08-20T13:41:28+00:00\",\"dateModified\":\"2025-08-21T23:42:19+00:00\",\"breadcrumb\":{\"@id\":\"https:\\\/\\\/verdascagroup.com\\\/fr\\\/produit\\\/escaliers\\\/#breadcrumb\"},\"inLanguage\":\"fr-FR\",\"potentialAction\":[{\"@type\":\"ReadAction\",\"target\":[\"https:\\\/\\\/verdascagroup.com\\\/fr\\\/produit\\\/escaliers\\\/\"]}]},{\"@type\":\"ImageObject\",\"inLanguage\":\"fr-FR\",\"@id\":\"https:\\\/\\\/verdascagroup.com\\\/fr\\\/produit\\\/escaliers\\\/#primaryimage\",\"url\":\"https:\\\/\\\/verdascagroup.com\\\/wp-content\\\/uploads\\\/2025\\\/08\\\/ESCADA_PRE_FABRICADA.webp\",\"contentUrl\":\"https:\\\/\\\/verdascagroup.com\\\/wp-content\\\/uploads\\\/2025\\\/08\\\/ESCADA_PRE_FABRICADA.webp\",\"width\":1280,\"height\":1280},{\"@type\":\"BreadcrumbList\",\"@id\":\"https:\\\/\\\/verdascagroup.com\\\/fr\\\/produit\\\/escaliers\\\/#breadcrumb\",\"itemListElement\":[{\"@type\":\"ListItem\",\"position\":1,\"name\":\"In\u00edcio\",\"item\":\"https:\\\/\\\/verdascagroup.com\\\/fr\\\/\"},{\"@type\":\"ListItem\",\"position\":2,\"name\":\"Produits\",\"item\":\"https:\\\/\\\/verdascagroup.com\\\/products\\\/\"},{\"@type\":\"ListItem\",\"position\":3,\"name\":\"Escaliers\"}]},{\"@type\":\"WebSite\",\"@id\":\"https:\\\/\\\/verdascagroup.com\\\/fr\\\/#website\",\"url\":\"https:\\\/\\\/verdascagroup.com\\\/fr\\\/\",\"name\":\"Verdasca Group\",\"description\":\"Verdasca Group, fornecedor e produtor de materiais \u00e0 base de bet\u00e3o pr\u00e9-fabricado e de bet\u00e3o.\",\"potentialAction\":[{\"@type\":\"SearchAction\",\"target\":{\"@type\":\"EntryPoint\",\"urlTemplate\":\"https:\\\/\\\/verdascagroup.com\\\/fr\\\/?s={search_term_string}\"},\"query-input\":{\"@type\":\"PropertyValueSpecification\",\"valueRequired\":true,\"valueName\":\"search_term_string\"}}],\"inLanguage\":\"fr-FR\"}]}<\/script>\n<!-- \/ Yoast SEO plugin. -->","yoast_head_json":{"title":"Escaliers - Verdasca Group","robots":{"index":"index","follow":"follow","max-snippet":"max-snippet:-1","max-image-preview":"max-image-preview:large","max-video-preview":"max-video-preview:-1"},"canonical":"https:\/\/verdascagroup.com\/fr\/produit\/escaliers\/","og_locale":"fr_FR","og_type":"article","og_title":"Escaliers - Verdasca Group","og_description":"Fabriqu\u00e9es avec des mat\u00e9riaux hautement r\u00e9sistants et d'une grande pr\u00e9cision technique, elles garantissent s\u00e9curit\u00e9, durabilit\u00e9 et une finition d'excellence. Alliant esth\u00e9tique et fonctionnalit\u00e9, ces escaliers s'adaptent parfaitement \u00e0 votre espace. De plus, elles permettent un gain de temps consid\u00e9rable lors de la pose, sans compromettre la qualit\u00e9.","og_url":"https:\/\/verdascagroup.com\/fr\/produit\/escaliers\/","og_site_name":"Verdasca Group","article_modified_time":"2025-08-21T23:42:19+00:00","og_image":[{"width":1280,"height":1280,"url":"https:\/\/verdascagroup.com\/wp-content\/uploads\/2025\/08\/ESCADA_PRE_FABRICADA.webp","type":"image\/webp"}],"twitter_card":"summary_large_image","twitter_misc":{"Dur\u00e9e de lecture estim\u00e9e":"1 minute"},"schema":{"@context":"https:\/\/schema.org","@graph":[{"@type":"WebPage","@id":"https:\/\/verdascagroup.com\/fr\/produit\/escaliers\/","url":"https:\/\/verdascagroup.com\/fr\/produit\/escaliers\/","name":"Escaliers - Verdasca Group","isPartOf":{"@id":"https:\/\/verdascagroup.com\/fr\/#website"},"primaryImageOfPage":{"@id":"https:\/\/verdascagroup.com\/fr\/produit\/escaliers\/#primaryimage"},"image":{"@id":"https:\/\/verdascagroup.com\/fr\/produit\/escaliers\/#primaryimage"},"thumbnailUrl":"https:\/\/verdascagroup.com\/wp-content\/uploads\/2025\/08\/ESCADA_PRE_FABRICADA.webp","datePublished":"2025-08-20T13:41:28+00:00","dateModified":"2025-08-21T23:42:19+00:00","breadcrumb":{"@id":"https:\/\/verdascagroup.com\/fr\/produit\/escaliers\/#breadcrumb"},"inLanguage":"fr-FR","potentialAction":[{"@type":"ReadAction","target":["https:\/\/verdascagroup.com\/fr\/produit\/escaliers\/"]}]},{"@type":"ImageObject","inLanguage":"fr-FR","@id":"https:\/\/verdascagroup.com\/fr\/produit\/escaliers\/#primaryimage","url":"https:\/\/verdascagroup.com\/wp-content\/uploads\/2025\/08\/ESCADA_PRE_FABRICADA.webp","contentUrl":"https:\/\/verdascagroup.com\/wp-content\/uploads\/2025\/08\/ESCADA_PRE_FABRICADA.webp","width":1280,"height":1280},{"@type":"BreadcrumbList","@id":"https:\/\/verdascagroup.com\/fr\/produit\/escaliers\/#breadcrumb","itemListElement":[{"@type":"ListItem","position":1,"name":"In\u00edcio","item":"https:\/\/verdascagroup.com\/fr\/"},{"@type":"ListItem","position":2,"name":"Produits","item":"https:\/\/verdascagroup.com\/products\/"},{"@type":"ListItem","position":3,"name":"Escaliers"}]},{"@type":"WebSite","@id":"https:\/\/verdascagroup.com\/fr\/#website","url":"https:\/\/verdascagroup.com\/fr\/","name":"Verdasca Group","description":"Verdasca Group, fornecedor e produtor de materiais \u00e0 base de bet\u00e3o pr\u00e9-fabricado e de bet\u00e3o.","potentialAction":[{"@type":"SearchAction","target":{"@type":"EntryPoint","urlTemplate":"https:\/\/verdascagroup.com\/fr\/?s={search_term_string}"},"query-input":{"@type":"PropertyValueSpecification","valueRequired":true,"valueName":"search_term_string"}}],"inLanguage":"fr-FR"}]}},"_links":{"self":[{"href":"https:\/\/verdascagroup.com\/fr\/wp-json\/wp\/v2\/product\/18724","targetHints":{"allow":["GET"]}}],"collection":[{"href":"https:\/\/verdascagroup.com\/fr\/wp-json\/wp\/v2\/product"}],"about":[{"href":"https:\/\/verdascagroup.com\/fr\/wp-json\/wp\/v2\/types\/product"}],"version-history":[{"count":3,"href":"https:\/\/verdascagroup.com\/fr\/wp-json\/wp\/v2\/product\/18724\/revisions"}],"predecessor-version":[{"id":18762,"href":"https:\/\/verdascagroup.com\/fr\/wp-json\/wp\/v2\/product\/18724\/revisions\/18762"}],"wp:featuredmedia":[{"embeddable":true,"href":"https:\/\/verdascagroup.com\/fr\/wp-json\/wp\/v2\/media\/18751"}],"wp:attachment":[{"href":"https:\/\/verdascagroup.com\/fr\/wp-json\/wp\/v2\/media?parent=18724"}],"wp:term":[{"taxonomy":"product_brand","embeddable":true,"href":"https:\/\/verdascagroup.com\/fr\/wp-json\/wp\/v2\/product_brand?post=18724"},{"taxonomy":"product_cat","embeddable":true,"href":"https:\/\/verdascagroup.com\/fr\/wp-json\/wp\/v2\/product_cat?post=18724"},{"taxonomy":"product_tag","embeddable":true,"href":"https:\/\/verdascagroup.com\/fr\/wp-json\/wp\/v2\/product_tag?post=18724"}],"curies":[{"name":"wp","href":"https:\/\/api.w.org\/{rel}","templated":true}]}}