{"id":18634,"date":"2025-08-20T08:18:37","date_gmt":"2025-08-20T08:18:37","guid":{"rendered":"https:\/\/verdascagroup.com\/?post_type=product&#038;p=18634"},"modified":"2025-08-21T23:42:10","modified_gmt":"2025-08-21T23:42:10","slug":"bases-de-vie","status":"publish","type":"product","link":"https:\/\/verdascagroup.com\/fr\/produit\/bases-de-vie\/","title":{"rendered":"Bases De Vie"},"content":{"rendered":"<p>Les <strong>Bases de Vie<\/strong> sont la nouvelle solution modulaire du groupe Verdasca : des structures polyvalentes, pr\u00eates \u00e0 l&#8217;emploi et adaptables \u00e0 diff\u00e9rents contextes, allant du logement temporaire aux bureaux ou au soutien sur chantier.<\/p>\n<p>Chaque module mesure <strong>3 x 8 m\u00e8tres<\/strong> et peut \u00eatre utilis\u00e9 seul ou combin\u00e9 \u00e0 d&rsquo;autres pour cr\u00e9er des espaces plus grands ou \u00e0 plusieurs \u00e9tages.<\/p>\n<h5>Plusieurs types sont disponibles :<\/h5>\n<ul>\n<li>Studio avec salle de bain et cuisine<\/li>\n<li>Dortoirs<\/li>\n<li>R\u00e9fectoires<\/li>\n<li>Vestiaires<\/li>\n<li>Bureaux<\/li>\n<li>Laboratoires<\/li>\n<\/ul>\n","protected":false},"excerpt":{"rendered":"<p>Les <strong>Bases de Vie<\/strong> sont la nouvelle solution modulaire du groupe Verdasca : des structures polyvalentes, pr\u00eates \u00e0 l&#8217;emploi et adaptables \u00e0 diff\u00e9rents contextes, allant du logement temporaire aux bureaux ou au soutien sur chantier.<\/p>\n<p>Chaque module mesure <strong>3 x 8 m\u00e8tres<\/strong> et peut \u00eatre utilis\u00e9 seul ou combin\u00e9 \u00e0 d&rsquo;autres pour cr\u00e9er des espaces plus grands ou \u00e0 plusieurs \u00e9tages.<\/p>\n<h5>Plusieurs types sont disponibles :<\/h5>\n<ul>\n<li>Studio avec salle de bain et cuisine<\/li>\n<li>Dortoirs<\/li>\n<li>R\u00e9fectoires<\/li>\n<li>Vestiaires<\/li>\n<li>Bureaux<\/li>\n<li>Laboratoires<\/li>\n<\/ul>\n","protected":false},"featured_media":20420,"template":"","meta":[],"product_brand":[],"product_cat":[693],"product_tag":[],"class_list":{"0":"post-18634","1":"product","2":"type-product","3":"status-publish","4":"has-post-thumbnail","6":"product_cat-bases-de-vie","8":"first","9":"instock","10":"shipping-taxable","11":"product-type-simple"},"yoast_head":"<!-- This site is optimized with the Yoast SEO plugin v27.4 - https:\/\/yoast.com\/product\/yoast-seo-wordpress\/ -->\n<title>Bases De Vie - Verdasca Group<\/title>\n<meta name=\"robots\" content=\"index, follow, max-snippet:-1, max-image-preview:large, max-video-preview:-1\" \/>\n<link rel=\"canonical\" href=\"https:\/\/verdascagroup.com\/fr\/produit\/bases-de-vie\/\" \/>\n<meta property=\"og:locale\" content=\"fr_FR\" \/>\n<meta property=\"og:type\" content=\"article\" \/>\n<meta property=\"og:title\" content=\"Bases De Vie - Verdasca Group\" \/>\n<meta property=\"og:description\" content=\"Les Bases de Vie sont la nouvelle solution modulaire du groupe Verdasca : des structures polyvalentes, pr\u00eates \u00e0 l&#039;emploi et adaptables \u00e0 diff\u00e9rents contextes, allant du logement temporaire aux bureaux ou au soutien sur chantier. Chaque module mesure 3 x 8 m\u00e8tres et peut \u00eatre utilis\u00e9 seul ou combin\u00e9 \u00e0 d&#039;autres pour cr\u00e9er des espaces plus grands ou \u00e0 plusieurs \u00e9tages. Plusieurs types sont disponibles :  Studio avec salle de bain et cuisine  Dortoirs  R\u00e9fectoires  Vestiaires  Bureaux  Laboratoires\" \/>\n<meta property=\"og:url\" content=\"https:\/\/verdascagroup.com\/fr\/produit\/bases-de-vie\/\" \/>\n<meta property=\"og:site_name\" content=\"Verdasca Group\" \/>\n<meta property=\"article:modified_time\" content=\"2025-08-21T23:42:10+00:00\" \/>\n<meta property=\"og:image\" content=\"https:\/\/verdascagroup.com\/wp-content\/uploads\/2025\/08\/CASA_FORA-1.webp\" \/>\n\t<meta property=\"og:image:width\" content=\"1280\" \/>\n\t<meta property=\"og:image:height\" content=\"1280\" \/>\n\t<meta property=\"og:image:type\" content=\"image\/webp\" \/>\n<meta name=\"twitter:card\" content=\"summary_large_image\" \/>\n<meta name=\"twitter:label1\" content=\"Dur\u00e9e de lecture estim\u00e9e\" \/>\n\t<meta name=\"twitter:data1\" content=\"1 minute\" \/>\n<script type=\"application\/ld+json\" class=\"yoast-schema-graph\">{\"@context\":\"https:\\\/\\\/schema.org\",\"@graph\":[{\"@type\":\"WebPage\",\"@id\":\"https:\\\/\\\/verdascagroup.com\\\/fr\\\/produit\\\/bases-de-vie\\\/\",\"url\":\"https:\\\/\\\/verdascagroup.com\\\/fr\\\/produit\\\/bases-de-vie\\\/\",\"name\":\"Bases De Vie - Verdasca Group\",\"isPartOf\":{\"@id\":\"https:\\\/\\\/verdascagroup.com\\\/fr\\\/#website\"},\"primaryImageOfPage\":{\"@id\":\"https:\\\/\\\/verdascagroup.com\\\/fr\\\/produit\\\/bases-de-vie\\\/#primaryimage\"},\"image\":{\"@id\":\"https:\\\/\\\/verdascagroup.com\\\/fr\\\/produit\\\/bases-de-vie\\\/#primaryimage\"},\"thumbnailUrl\":\"https:\\\/\\\/verdascagroup.com\\\/wp-content\\\/uploads\\\/2025\\\/08\\\/CASA_FORA-1.webp\",\"datePublished\":\"2025-08-20T08:18:37+00:00\",\"dateModified\":\"2025-08-21T23:42:10+00:00\",\"breadcrumb\":{\"@id\":\"https:\\\/\\\/verdascagroup.com\\\/fr\\\/produit\\\/bases-de-vie\\\/#breadcrumb\"},\"inLanguage\":\"fr-FR\",\"potentialAction\":[{\"@type\":\"ReadAction\",\"target\":[\"https:\\\/\\\/verdascagroup.com\\\/fr\\\/produit\\\/bases-de-vie\\\/\"]}]},{\"@type\":\"ImageObject\",\"inLanguage\":\"fr-FR\",\"@id\":\"https:\\\/\\\/verdascagroup.com\\\/fr\\\/produit\\\/bases-de-vie\\\/#primaryimage\",\"url\":\"https:\\\/\\\/verdascagroup.com\\\/wp-content\\\/uploads\\\/2025\\\/08\\\/CASA_FORA-1.webp\",\"contentUrl\":\"https:\\\/\\\/verdascagroup.com\\\/wp-content\\\/uploads\\\/2025\\\/08\\\/CASA_FORA-1.webp\",\"width\":1280,\"height\":1280},{\"@type\":\"BreadcrumbList\",\"@id\":\"https:\\\/\\\/verdascagroup.com\\\/fr\\\/produit\\\/bases-de-vie\\\/#breadcrumb\",\"itemListElement\":[{\"@type\":\"ListItem\",\"position\":1,\"name\":\"In\u00edcio\",\"item\":\"https:\\\/\\\/verdascagroup.com\\\/fr\\\/\"},{\"@type\":\"ListItem\",\"position\":2,\"name\":\"Produits\",\"item\":\"https:\\\/\\\/verdascagroup.com\\\/products\\\/\"},{\"@type\":\"ListItem\",\"position\":3,\"name\":\"Bases De Vie\"}]},{\"@type\":\"WebSite\",\"@id\":\"https:\\\/\\\/verdascagroup.com\\\/fr\\\/#website\",\"url\":\"https:\\\/\\\/verdascagroup.com\\\/fr\\\/\",\"name\":\"Verdasca Group\",\"description\":\"Verdasca Group, fornecedor e produtor de materiais \u00e0 base de bet\u00e3o pr\u00e9-fabricado e de bet\u00e3o.\",\"potentialAction\":[{\"@type\":\"SearchAction\",\"target\":{\"@type\":\"EntryPoint\",\"urlTemplate\":\"https:\\\/\\\/verdascagroup.com\\\/fr\\\/?s={search_term_string}\"},\"query-input\":{\"@type\":\"PropertyValueSpecification\",\"valueRequired\":true,\"valueName\":\"search_term_string\"}}],\"inLanguage\":\"fr-FR\"}]}<\/script>\n<!-- \/ Yoast SEO plugin. -->","yoast_head_json":{"title":"Bases De Vie - Verdasca Group","robots":{"index":"index","follow":"follow","max-snippet":"max-snippet:-1","max-image-preview":"max-image-preview:large","max-video-preview":"max-video-preview:-1"},"canonical":"https:\/\/verdascagroup.com\/fr\/produit\/bases-de-vie\/","og_locale":"fr_FR","og_type":"article","og_title":"Bases De Vie - Verdasca Group","og_description":"Les Bases de Vie sont la nouvelle solution modulaire du groupe Verdasca : des structures polyvalentes, pr\u00eates \u00e0 l'emploi et adaptables \u00e0 diff\u00e9rents contextes, allant du logement temporaire aux bureaux ou au soutien sur chantier. Chaque module mesure 3 x 8 m\u00e8tres et peut \u00eatre utilis\u00e9 seul ou combin\u00e9 \u00e0 d'autres pour cr\u00e9er des espaces plus grands ou \u00e0 plusieurs \u00e9tages. Plusieurs types sont disponibles :  Studio avec salle de bain et cuisine  Dortoirs  R\u00e9fectoires  Vestiaires  Bureaux  Laboratoires","og_url":"https:\/\/verdascagroup.com\/fr\/produit\/bases-de-vie\/","og_site_name":"Verdasca Group","article_modified_time":"2025-08-21T23:42:10+00:00","og_image":[{"width":1280,"height":1280,"url":"https:\/\/verdascagroup.com\/wp-content\/uploads\/2025\/08\/CASA_FORA-1.webp","type":"image\/webp"}],"twitter_card":"summary_large_image","twitter_misc":{"Dur\u00e9e de lecture estim\u00e9e":"1 minute"},"schema":{"@context":"https:\/\/schema.org","@graph":[{"@type":"WebPage","@id":"https:\/\/verdascagroup.com\/fr\/produit\/bases-de-vie\/","url":"https:\/\/verdascagroup.com\/fr\/produit\/bases-de-vie\/","name":"Bases De Vie - Verdasca Group","isPartOf":{"@id":"https:\/\/verdascagroup.com\/fr\/#website"},"primaryImageOfPage":{"@id":"https:\/\/verdascagroup.com\/fr\/produit\/bases-de-vie\/#primaryimage"},"image":{"@id":"https:\/\/verdascagroup.com\/fr\/produit\/bases-de-vie\/#primaryimage"},"thumbnailUrl":"https:\/\/verdascagroup.com\/wp-content\/uploads\/2025\/08\/CASA_FORA-1.webp","datePublished":"2025-08-20T08:18:37+00:00","dateModified":"2025-08-21T23:42:10+00:00","breadcrumb":{"@id":"https:\/\/verdascagroup.com\/fr\/produit\/bases-de-vie\/#breadcrumb"},"inLanguage":"fr-FR","potentialAction":[{"@type":"ReadAction","target":["https:\/\/verdascagroup.com\/fr\/produit\/bases-de-vie\/"]}]},{"@type":"ImageObject","inLanguage":"fr-FR","@id":"https:\/\/verdascagroup.com\/fr\/produit\/bases-de-vie\/#primaryimage","url":"https:\/\/verdascagroup.com\/wp-content\/uploads\/2025\/08\/CASA_FORA-1.webp","contentUrl":"https:\/\/verdascagroup.com\/wp-content\/uploads\/2025\/08\/CASA_FORA-1.webp","width":1280,"height":1280},{"@type":"BreadcrumbList","@id":"https:\/\/verdascagroup.com\/fr\/produit\/bases-de-vie\/#breadcrumb","itemListElement":[{"@type":"ListItem","position":1,"name":"In\u00edcio","item":"https:\/\/verdascagroup.com\/fr\/"},{"@type":"ListItem","position":2,"name":"Produits","item":"https:\/\/verdascagroup.com\/products\/"},{"@type":"ListItem","position":3,"name":"Bases De Vie"}]},{"@type":"WebSite","@id":"https:\/\/verdascagroup.com\/fr\/#website","url":"https:\/\/verdascagroup.com\/fr\/","name":"Verdasca Group","description":"Verdasca Group, fornecedor e produtor de materiais \u00e0 base de bet\u00e3o pr\u00e9-fabricado e de bet\u00e3o.","potentialAction":[{"@type":"SearchAction","target":{"@type":"EntryPoint","urlTemplate":"https:\/\/verdascagroup.com\/fr\/?s={search_term_string}"},"query-input":{"@type":"PropertyValueSpecification","valueRequired":true,"valueName":"search_term_string"}}],"inLanguage":"fr-FR"}]}},"_links":{"self":[{"href":"https:\/\/verdascagroup.com\/fr\/wp-json\/wp\/v2\/product\/18634","targetHints":{"allow":["GET"]}}],"collection":[{"href":"https:\/\/verdascagroup.com\/fr\/wp-json\/wp\/v2\/product"}],"about":[{"href":"https:\/\/verdascagroup.com\/fr\/wp-json\/wp\/v2\/types\/product"}],"version-history":[{"count":13,"href":"https:\/\/verdascagroup.com\/fr\/wp-json\/wp\/v2\/product\/18634\/revisions"}],"predecessor-version":[{"id":18701,"href":"https:\/\/verdascagroup.com\/fr\/wp-json\/wp\/v2\/product\/18634\/revisions\/18701"}],"wp:featuredmedia":[{"embeddable":true,"href":"https:\/\/verdascagroup.com\/fr\/wp-json\/wp\/v2\/media\/20420"}],"wp:attachment":[{"href":"https:\/\/verdascagroup.com\/fr\/wp-json\/wp\/v2\/media?parent=18634"}],"wp:term":[{"taxonomy":"product_brand","embeddable":true,"href":"https:\/\/verdascagroup.com\/fr\/wp-json\/wp\/v2\/product_brand?post=18634"},{"taxonomy":"product_cat","embeddable":true,"href":"https:\/\/verdascagroup.com\/fr\/wp-json\/wp\/v2\/product_cat?post=18634"},{"taxonomy":"product_tag","embeddable":true,"href":"https:\/\/verdascagroup.com\/fr\/wp-json\/wp\/v2\/product_tag?post=18634"}],"curies":[{"name":"wp","href":"https:\/\/api.w.org\/{rel}","templated":true}]}}