{"id":14798,"date":"2025-07-24T10:06:40","date_gmt":"2025-07-24T10:06:40","guid":{"rendered":"https:\/\/verdascagroup.com\/produto\/grelha-de-enrelvamento-tipo-1\/"},"modified":"2025-11-21T16:28:19","modified_gmt":"2025-11-21T16:28:19","slug":"grille-denrubannage-type-1","status":"publish","type":"product","link":"https:\/\/verdascagroup.com\/fr\/produit\/grille-denrubannage-type-1\/","title":{"rendered":"Grille d&rsquo;enrubannage Type 1"},"content":{"rendered":"<p data-start=\"79\" data-end=\"238\">C\u2019est un syst\u00e8me de pavage r\u00e9sistant et durable, id\u00e9al pour les zones transitables et ajardin\u00e9es, alliant fonctionnalit\u00e9, s\u00e9curit\u00e9 et esth\u00e9tique. Il permet la croissance de la v\u00e9g\u00e9tation, assure un bon drainage et supporte un trafic l\u00e9ger, \u00e9tant parfait pour les all\u00e9es, jardins, parcs, pav\u00e9s perm\u00e9ables et parkings l\u00e9gers.\u00a0Une solution pratique et durable pour les projets urbains et paysagers n\u00e9cessitant un trafic s\u00fbr et une int\u00e9gration harmonieuse avec les espaces verts.<\/p>\n","protected":false},"excerpt":{"rendered":"<p>C\u2019est un syst\u00e8me de pavage r\u00e9sistant et durable, id\u00e9al pour les zones transitables et ajardin\u00e9es, alliant fonctionnalit\u00e9, s\u00e9curit\u00e9 et esth\u00e9tique. Il permet la croissance de la v\u00e9g\u00e9tation, assure un bon drainage et supporte un trafic l\u00e9ger, \u00e9tant parfait pour les all\u00e9es, jardins, parcs, pav\u00e9s perm\u00e9ables et parkings l\u00e9gers.\u00a0Une solution pratique et durable pour les projets urbains et paysagers n\u00e9cessitant un trafic s\u00fbr et une int\u00e9gration harmonieuse avec les espaces verts.<\/p>\n","protected":false},"featured_media":21376,"template":"","meta":[],"product_brand":[],"product_cat":[503],"product_tag":[],"class_list":{"0":"post-14798","1":"product","2":"type-product","3":"status-publish","4":"has-post-thumbnail","6":"product_cat-normaux","8":"first","9":"instock","10":"shipping-taxable","11":"product-type-simple"},"yoast_head":"<!-- This site is optimized with the Yoast SEO plugin v27.4 - https:\/\/yoast.com\/product\/yoast-seo-wordpress\/ -->\n<title>Grille d&#039;enrubannage Type 1 - Verdasca Group<\/title>\n<meta name=\"description\" content=\"Grille d\u2019enrubannage Type 1 pour pavage des zones transitables et des espaces paysagers. Durable, r\u00e9sistante et id\u00e9ale pour l\u2019int\u00e9gration avec les espaces verts.\" \/>\n<meta name=\"robots\" content=\"index, follow, max-snippet:-1, max-image-preview:large, max-video-preview:-1\" \/>\n<link rel=\"canonical\" href=\"https:\/\/verdascagroup.com\/fr\/produit\/grille-denrubannage-type-1\/\" \/>\n<meta property=\"og:locale\" content=\"fr_FR\" \/>\n<meta property=\"og:type\" content=\"article\" \/>\n<meta property=\"og:title\" content=\"Grille d&#039;enrubannage Type 1 - Verdasca Group\" \/>\n<meta property=\"og:description\" content=\"Grille d\u2019enrubannage Type 1 pour pavage des zones transitables et des espaces paysagers. Durable, r\u00e9sistante et id\u00e9ale pour l\u2019int\u00e9gration avec les espaces verts.\" \/>\n<meta property=\"og:url\" content=\"https:\/\/verdascagroup.com\/fr\/produit\/grille-denrubannage-type-1\/\" \/>\n<meta property=\"og:site_name\" content=\"Verdasca Group\" \/>\n<meta property=\"article:modified_time\" content=\"2025-11-21T16:28:19+00:00\" \/>\n<meta property=\"og:image\" content=\"https:\/\/verdascagroup.com\/wp-content\/uploads\/2025\/07\/Sem-Titulo-25.webp\" \/>\n\t<meta property=\"og:image:width\" content=\"1280\" \/>\n\t<meta property=\"og:image:height\" content=\"1280\" \/>\n\t<meta property=\"og:image:type\" content=\"image\/webp\" \/>\n<meta name=\"twitter:card\" content=\"summary_large_image\" \/>\n<meta name=\"twitter:label1\" content=\"Dur\u00e9e de lecture estim\u00e9e\" \/>\n\t<meta name=\"twitter:data1\" content=\"1 minute\" \/>\n<script type=\"application\/ld+json\" class=\"yoast-schema-graph\">{\"@context\":\"https:\\\/\\\/schema.org\",\"@graph\":[{\"@type\":\"WebPage\",\"@id\":\"https:\\\/\\\/verdascagroup.com\\\/fr\\\/produit\\\/grille-denrubannage-type-1\\\/\",\"url\":\"https:\\\/\\\/verdascagroup.com\\\/fr\\\/produit\\\/grille-denrubannage-type-1\\\/\",\"name\":\"Grille d'enrubannage Type 1 - Verdasca Group\",\"isPartOf\":{\"@id\":\"https:\\\/\\\/verdascagroup.com\\\/fr\\\/#website\"},\"primaryImageOfPage\":{\"@id\":\"https:\\\/\\\/verdascagroup.com\\\/fr\\\/produit\\\/grille-denrubannage-type-1\\\/#primaryimage\"},\"image\":{\"@id\":\"https:\\\/\\\/verdascagroup.com\\\/fr\\\/produit\\\/grille-denrubannage-type-1\\\/#primaryimage\"},\"thumbnailUrl\":\"https:\\\/\\\/verdascagroup.com\\\/wp-content\\\/uploads\\\/2025\\\/07\\\/Sem-Titulo-25.webp\",\"datePublished\":\"2025-07-24T10:06:40+00:00\",\"dateModified\":\"2025-11-21T16:28:19+00:00\",\"description\":\"Grille d\u2019enrubannage Type 1 pour pavage des zones transitables et des espaces paysagers. Durable, r\u00e9sistante et id\u00e9ale pour l\u2019int\u00e9gration avec les espaces verts.\",\"breadcrumb\":{\"@id\":\"https:\\\/\\\/verdascagroup.com\\\/fr\\\/produit\\\/grille-denrubannage-type-1\\\/#breadcrumb\"},\"inLanguage\":\"fr-FR\",\"potentialAction\":[{\"@type\":\"ReadAction\",\"target\":[\"https:\\\/\\\/verdascagroup.com\\\/fr\\\/produit\\\/grille-denrubannage-type-1\\\/\"]}]},{\"@type\":\"ImageObject\",\"inLanguage\":\"fr-FR\",\"@id\":\"https:\\\/\\\/verdascagroup.com\\\/fr\\\/produit\\\/grille-denrubannage-type-1\\\/#primaryimage\",\"url\":\"https:\\\/\\\/verdascagroup.com\\\/wp-content\\\/uploads\\\/2025\\\/07\\\/Sem-Titulo-25.webp\",\"contentUrl\":\"https:\\\/\\\/verdascagroup.com\\\/wp-content\\\/uploads\\\/2025\\\/07\\\/Sem-Titulo-25.webp\",\"width\":1280,\"height\":1280,\"caption\":\"Grille d\u2019enrubannage Type 1 pour pavage.\"},{\"@type\":\"BreadcrumbList\",\"@id\":\"https:\\\/\\\/verdascagroup.com\\\/fr\\\/produit\\\/grille-denrubannage-type-1\\\/#breadcrumb\",\"itemListElement\":[{\"@type\":\"ListItem\",\"position\":1,\"name\":\"In\u00edcio\",\"item\":\"https:\\\/\\\/verdascagroup.com\\\/fr\\\/\"},{\"@type\":\"ListItem\",\"position\":2,\"name\":\"Produits\",\"item\":\"https:\\\/\\\/verdascagroup.com\\\/products\\\/\"},{\"@type\":\"ListItem\",\"position\":3,\"name\":\"Grille d&#8217;enrubannage Type 1\"}]},{\"@type\":\"WebSite\",\"@id\":\"https:\\\/\\\/verdascagroup.com\\\/fr\\\/#website\",\"url\":\"https:\\\/\\\/verdascagroup.com\\\/fr\\\/\",\"name\":\"Verdasca Group\",\"description\":\"Verdasca Group, fornecedor e produtor de materiais \u00e0 base de bet\u00e3o pr\u00e9-fabricado e de bet\u00e3o.\",\"potentialAction\":[{\"@type\":\"SearchAction\",\"target\":{\"@type\":\"EntryPoint\",\"urlTemplate\":\"https:\\\/\\\/verdascagroup.com\\\/fr\\\/?s={search_term_string}\"},\"query-input\":{\"@type\":\"PropertyValueSpecification\",\"valueRequired\":true,\"valueName\":\"search_term_string\"}}],\"inLanguage\":\"fr-FR\"}]}<\/script>\n<!-- \/ Yoast SEO plugin. -->","yoast_head_json":{"title":"Grille d'enrubannage Type 1 - Verdasca Group","description":"Grille d\u2019enrubannage Type 1 pour pavage des zones transitables et des espaces paysagers. Durable, r\u00e9sistante et id\u00e9ale pour l\u2019int\u00e9gration avec les espaces verts.","robots":{"index":"index","follow":"follow","max-snippet":"max-snippet:-1","max-image-preview":"max-image-preview:large","max-video-preview":"max-video-preview:-1"},"canonical":"https:\/\/verdascagroup.com\/fr\/produit\/grille-denrubannage-type-1\/","og_locale":"fr_FR","og_type":"article","og_title":"Grille d'enrubannage Type 1 - Verdasca Group","og_description":"Grille d\u2019enrubannage Type 1 pour pavage des zones transitables et des espaces paysagers. Durable, r\u00e9sistante et id\u00e9ale pour l\u2019int\u00e9gration avec les espaces verts.","og_url":"https:\/\/verdascagroup.com\/fr\/produit\/grille-denrubannage-type-1\/","og_site_name":"Verdasca Group","article_modified_time":"2025-11-21T16:28:19+00:00","og_image":[{"width":1280,"height":1280,"url":"https:\/\/verdascagroup.com\/wp-content\/uploads\/2025\/07\/Sem-Titulo-25.webp","type":"image\/webp"}],"twitter_card":"summary_large_image","twitter_misc":{"Dur\u00e9e de lecture estim\u00e9e":"1 minute"},"schema":{"@context":"https:\/\/schema.org","@graph":[{"@type":"WebPage","@id":"https:\/\/verdascagroup.com\/fr\/produit\/grille-denrubannage-type-1\/","url":"https:\/\/verdascagroup.com\/fr\/produit\/grille-denrubannage-type-1\/","name":"Grille d'enrubannage Type 1 - Verdasca Group","isPartOf":{"@id":"https:\/\/verdascagroup.com\/fr\/#website"},"primaryImageOfPage":{"@id":"https:\/\/verdascagroup.com\/fr\/produit\/grille-denrubannage-type-1\/#primaryimage"},"image":{"@id":"https:\/\/verdascagroup.com\/fr\/produit\/grille-denrubannage-type-1\/#primaryimage"},"thumbnailUrl":"https:\/\/verdascagroup.com\/wp-content\/uploads\/2025\/07\/Sem-Titulo-25.webp","datePublished":"2025-07-24T10:06:40+00:00","dateModified":"2025-11-21T16:28:19+00:00","description":"Grille d\u2019enrubannage Type 1 pour pavage des zones transitables et des espaces paysagers. Durable, r\u00e9sistante et id\u00e9ale pour l\u2019int\u00e9gration avec les espaces verts.","breadcrumb":{"@id":"https:\/\/verdascagroup.com\/fr\/produit\/grille-denrubannage-type-1\/#breadcrumb"},"inLanguage":"fr-FR","potentialAction":[{"@type":"ReadAction","target":["https:\/\/verdascagroup.com\/fr\/produit\/grille-denrubannage-type-1\/"]}]},{"@type":"ImageObject","inLanguage":"fr-FR","@id":"https:\/\/verdascagroup.com\/fr\/produit\/grille-denrubannage-type-1\/#primaryimage","url":"https:\/\/verdascagroup.com\/wp-content\/uploads\/2025\/07\/Sem-Titulo-25.webp","contentUrl":"https:\/\/verdascagroup.com\/wp-content\/uploads\/2025\/07\/Sem-Titulo-25.webp","width":1280,"height":1280,"caption":"Grille d\u2019enrubannage Type 1 pour pavage."},{"@type":"BreadcrumbList","@id":"https:\/\/verdascagroup.com\/fr\/produit\/grille-denrubannage-type-1\/#breadcrumb","itemListElement":[{"@type":"ListItem","position":1,"name":"In\u00edcio","item":"https:\/\/verdascagroup.com\/fr\/"},{"@type":"ListItem","position":2,"name":"Produits","item":"https:\/\/verdascagroup.com\/products\/"},{"@type":"ListItem","position":3,"name":"Grille d&#8217;enrubannage Type 1"}]},{"@type":"WebSite","@id":"https:\/\/verdascagroup.com\/fr\/#website","url":"https:\/\/verdascagroup.com\/fr\/","name":"Verdasca Group","description":"Verdasca Group, fornecedor e produtor de materiais \u00e0 base de bet\u00e3o pr\u00e9-fabricado e de bet\u00e3o.","potentialAction":[{"@type":"SearchAction","target":{"@type":"EntryPoint","urlTemplate":"https:\/\/verdascagroup.com\/fr\/?s={search_term_string}"},"query-input":{"@type":"PropertyValueSpecification","valueRequired":true,"valueName":"search_term_string"}}],"inLanguage":"fr-FR"}]}},"_links":{"self":[{"href":"https:\/\/verdascagroup.com\/fr\/wp-json\/wp\/v2\/product\/14798","targetHints":{"allow":["GET"]}}],"collection":[{"href":"https:\/\/verdascagroup.com\/fr\/wp-json\/wp\/v2\/product"}],"about":[{"href":"https:\/\/verdascagroup.com\/fr\/wp-json\/wp\/v2\/types\/product"}],"version-history":[{"count":4,"href":"https:\/\/verdascagroup.com\/fr\/wp-json\/wp\/v2\/product\/14798\/revisions"}],"predecessor-version":[{"id":22604,"href":"https:\/\/verdascagroup.com\/fr\/wp-json\/wp\/v2\/product\/14798\/revisions\/22604"}],"wp:featuredmedia":[{"embeddable":true,"href":"https:\/\/verdascagroup.com\/fr\/wp-json\/wp\/v2\/media\/21376"}],"wp:attachment":[{"href":"https:\/\/verdascagroup.com\/fr\/wp-json\/wp\/v2\/media?parent=14798"}],"wp:term":[{"taxonomy":"product_brand","embeddable":true,"href":"https:\/\/verdascagroup.com\/fr\/wp-json\/wp\/v2\/product_brand?post=14798"},{"taxonomy":"product_cat","embeddable":true,"href":"https:\/\/verdascagroup.com\/fr\/wp-json\/wp\/v2\/product_cat?post=14798"},{"taxonomy":"product_tag","embeddable":true,"href":"https:\/\/verdascagroup.com\/fr\/wp-json\/wp\/v2\/product_tag?post=14798"}],"curies":[{"name":"wp","href":"https:\/\/api.w.org\/{rel}","templated":true}]}}