{"id":14784,"date":"2025-07-24T10:16:11","date_gmt":"2025-07-24T10:16:11","guid":{"rendered":"https:\/\/verdascagroup.com\/produto\/barrete\/"},"modified":"2025-11-21T17:26:03","modified_gmt":"2025-11-21T17:26:03","slug":"bonnet-pour-pavage","status":"publish","type":"product","link":"https:\/\/verdascagroup.com\/fr\/produit\/bonnet-pour-pavage\/","title":{"rendered":"Bonnet"},"content":{"rendered":"<p>Rev\u00eatement ext\u00e9rieur des voies pi\u00e9tonnes et de circulation, par exemple trottoirs, pistes cyclables, parkings, voiries, routes, zones industrielles (y compris docks et ports), chauss\u00e9es d&rsquo;a\u00e9rodromes, gares routi\u00e8res et stations-service.<\/p>\n","protected":false},"excerpt":{"rendered":"<p>Rev\u00eatement ext\u00e9rieur des voies pi\u00e9tonnes et de circulation, par exemple trottoirs, pistes cyclables, parkings, voiries, routes, zones industrielles (y compris docks et ports), chauss\u00e9es d&rsquo;a\u00e9rodromes, gares routi\u00e8res et stations-service.<\/p>\n","protected":false},"featured_media":14788,"template":"","meta":[],"product_brand":[],"product_cat":[503],"product_tag":[],"class_list":{"0":"post-14784","1":"product","2":"type-product","3":"status-publish","4":"has-post-thumbnail","6":"product_cat-normaux","8":"first","9":"instock","10":"shipping-taxable","11":"product-type-simple"},"yoast_head":"<!-- This site is optimized with the Yoast SEO plugin v27.4 - https:\/\/yoast.com\/product\/yoast-seo-wordpress\/ -->\n<title>Bonnet - Verdasca Group<\/title>\n<meta name=\"description\" content=\"Bonnet pour rev\u00eatement ext\u00e9rieur durable, id\u00e9al pour trottoirs, pistes cyclables, parkings et zones industrielles. R\u00e9sistance et s\u00e9curit\u00e9 garanties.\" \/>\n<meta name=\"robots\" content=\"index, follow, max-snippet:-1, max-image-preview:large, max-video-preview:-1\" \/>\n<link rel=\"canonical\" href=\"https:\/\/verdascagroup.com\/fr\/produit\/bonnet-pour-pavage\/\" \/>\n<meta property=\"og:locale\" content=\"fr_FR\" \/>\n<meta property=\"og:type\" content=\"article\" \/>\n<meta property=\"og:title\" content=\"Bonnet - Verdasca Group\" \/>\n<meta property=\"og:description\" content=\"Bonnet pour rev\u00eatement ext\u00e9rieur durable, id\u00e9al pour trottoirs, pistes cyclables, parkings et zones industrielles. R\u00e9sistance et s\u00e9curit\u00e9 garanties.\" \/>\n<meta property=\"og:url\" content=\"https:\/\/verdascagroup.com\/fr\/produit\/bonnet-pour-pavage\/\" \/>\n<meta property=\"og:site_name\" content=\"Verdasca Group\" \/>\n<meta property=\"article:modified_time\" content=\"2025-11-21T17:26:03+00:00\" \/>\n<meta property=\"og:image\" content=\"https:\/\/verdascagroup.com\/wp-content\/uploads\/2025\/07\/Barrete.webp\" \/>\n\t<meta property=\"og:image:width\" content=\"1280\" \/>\n\t<meta property=\"og:image:height\" content=\"1280\" \/>\n\t<meta property=\"og:image:type\" content=\"image\/webp\" \/>\n<meta name=\"twitter:card\" content=\"summary_large_image\" \/>\n<meta name=\"twitter:label1\" content=\"Dur\u00e9e de lecture estim\u00e9e\" \/>\n\t<meta name=\"twitter:data1\" content=\"1 minute\" \/>\n<script type=\"application\/ld+json\" class=\"yoast-schema-graph\">{\"@context\":\"https:\\\/\\\/schema.org\",\"@graph\":[{\"@type\":\"WebPage\",\"@id\":\"https:\\\/\\\/verdascagroup.com\\\/fr\\\/produit\\\/bonnet-pour-pavage\\\/\",\"url\":\"https:\\\/\\\/verdascagroup.com\\\/fr\\\/produit\\\/bonnet-pour-pavage\\\/\",\"name\":\"Bonnet - Verdasca Group\",\"isPartOf\":{\"@id\":\"https:\\\/\\\/verdascagroup.com\\\/fr\\\/#website\"},\"primaryImageOfPage\":{\"@id\":\"https:\\\/\\\/verdascagroup.com\\\/fr\\\/produit\\\/bonnet-pour-pavage\\\/#primaryimage\"},\"image\":{\"@id\":\"https:\\\/\\\/verdascagroup.com\\\/fr\\\/produit\\\/bonnet-pour-pavage\\\/#primaryimage\"},\"thumbnailUrl\":\"https:\\\/\\\/verdascagroup.com\\\/wp-content\\\/uploads\\\/2025\\\/07\\\/Barrete.webp\",\"datePublished\":\"2025-07-24T10:16:11+00:00\",\"dateModified\":\"2025-11-21T17:26:03+00:00\",\"description\":\"Bonnet pour rev\u00eatement ext\u00e9rieur durable, id\u00e9al pour trottoirs, pistes cyclables, parkings et zones industrielles. R\u00e9sistance et s\u00e9curit\u00e9 garanties.\",\"breadcrumb\":{\"@id\":\"https:\\\/\\\/verdascagroup.com\\\/fr\\\/produit\\\/bonnet-pour-pavage\\\/#breadcrumb\"},\"inLanguage\":\"fr-FR\",\"potentialAction\":[{\"@type\":\"ReadAction\",\"target\":[\"https:\\\/\\\/verdascagroup.com\\\/fr\\\/produit\\\/bonnet-pour-pavage\\\/\"]}]},{\"@type\":\"ImageObject\",\"inLanguage\":\"fr-FR\",\"@id\":\"https:\\\/\\\/verdascagroup.com\\\/fr\\\/produit\\\/bonnet-pour-pavage\\\/#primaryimage\",\"url\":\"https:\\\/\\\/verdascagroup.com\\\/wp-content\\\/uploads\\\/2025\\\/07\\\/Barrete.webp\",\"contentUrl\":\"https:\\\/\\\/verdascagroup.com\\\/wp-content\\\/uploads\\\/2025\\\/07\\\/Barrete.webp\",\"width\":1280,\"height\":1280,\"caption\":\"Bonnet pour rev\u00eatement ext\u00e9rieur durable.\"},{\"@type\":\"BreadcrumbList\",\"@id\":\"https:\\\/\\\/verdascagroup.com\\\/fr\\\/produit\\\/bonnet-pour-pavage\\\/#breadcrumb\",\"itemListElement\":[{\"@type\":\"ListItem\",\"position\":1,\"name\":\"In\u00edcio\",\"item\":\"https:\\\/\\\/verdascagroup.com\\\/fr\\\/\"},{\"@type\":\"ListItem\",\"position\":2,\"name\":\"Produits\",\"item\":\"https:\\\/\\\/verdascagroup.com\\\/products\\\/\"},{\"@type\":\"ListItem\",\"position\":3,\"name\":\"Bonnet\"}]},{\"@type\":\"WebSite\",\"@id\":\"https:\\\/\\\/verdascagroup.com\\\/fr\\\/#website\",\"url\":\"https:\\\/\\\/verdascagroup.com\\\/fr\\\/\",\"name\":\"Verdasca Group\",\"description\":\"Verdasca Group, fornecedor e produtor de materiais \u00e0 base de bet\u00e3o pr\u00e9-fabricado e de bet\u00e3o.\",\"potentialAction\":[{\"@type\":\"SearchAction\",\"target\":{\"@type\":\"EntryPoint\",\"urlTemplate\":\"https:\\\/\\\/verdascagroup.com\\\/fr\\\/?s={search_term_string}\"},\"query-input\":{\"@type\":\"PropertyValueSpecification\",\"valueRequired\":true,\"valueName\":\"search_term_string\"}}],\"inLanguage\":\"fr-FR\"}]}<\/script>\n<!-- \/ Yoast SEO plugin. -->","yoast_head_json":{"title":"Bonnet - Verdasca Group","description":"Bonnet pour rev\u00eatement ext\u00e9rieur durable, id\u00e9al pour trottoirs, pistes cyclables, parkings et zones industrielles. R\u00e9sistance et s\u00e9curit\u00e9 garanties.","robots":{"index":"index","follow":"follow","max-snippet":"max-snippet:-1","max-image-preview":"max-image-preview:large","max-video-preview":"max-video-preview:-1"},"canonical":"https:\/\/verdascagroup.com\/fr\/produit\/bonnet-pour-pavage\/","og_locale":"fr_FR","og_type":"article","og_title":"Bonnet - Verdasca Group","og_description":"Bonnet pour rev\u00eatement ext\u00e9rieur durable, id\u00e9al pour trottoirs, pistes cyclables, parkings et zones industrielles. R\u00e9sistance et s\u00e9curit\u00e9 garanties.","og_url":"https:\/\/verdascagroup.com\/fr\/produit\/bonnet-pour-pavage\/","og_site_name":"Verdasca Group","article_modified_time":"2025-11-21T17:26:03+00:00","og_image":[{"width":1280,"height":1280,"url":"https:\/\/verdascagroup.com\/wp-content\/uploads\/2025\/07\/Barrete.webp","type":"image\/webp"}],"twitter_card":"summary_large_image","twitter_misc":{"Dur\u00e9e de lecture estim\u00e9e":"1 minute"},"schema":{"@context":"https:\/\/schema.org","@graph":[{"@type":"WebPage","@id":"https:\/\/verdascagroup.com\/fr\/produit\/bonnet-pour-pavage\/","url":"https:\/\/verdascagroup.com\/fr\/produit\/bonnet-pour-pavage\/","name":"Bonnet - Verdasca Group","isPartOf":{"@id":"https:\/\/verdascagroup.com\/fr\/#website"},"primaryImageOfPage":{"@id":"https:\/\/verdascagroup.com\/fr\/produit\/bonnet-pour-pavage\/#primaryimage"},"image":{"@id":"https:\/\/verdascagroup.com\/fr\/produit\/bonnet-pour-pavage\/#primaryimage"},"thumbnailUrl":"https:\/\/verdascagroup.com\/wp-content\/uploads\/2025\/07\/Barrete.webp","datePublished":"2025-07-24T10:16:11+00:00","dateModified":"2025-11-21T17:26:03+00:00","description":"Bonnet pour rev\u00eatement ext\u00e9rieur durable, id\u00e9al pour trottoirs, pistes cyclables, parkings et zones industrielles. R\u00e9sistance et s\u00e9curit\u00e9 garanties.","breadcrumb":{"@id":"https:\/\/verdascagroup.com\/fr\/produit\/bonnet-pour-pavage\/#breadcrumb"},"inLanguage":"fr-FR","potentialAction":[{"@type":"ReadAction","target":["https:\/\/verdascagroup.com\/fr\/produit\/bonnet-pour-pavage\/"]}]},{"@type":"ImageObject","inLanguage":"fr-FR","@id":"https:\/\/verdascagroup.com\/fr\/produit\/bonnet-pour-pavage\/#primaryimage","url":"https:\/\/verdascagroup.com\/wp-content\/uploads\/2025\/07\/Barrete.webp","contentUrl":"https:\/\/verdascagroup.com\/wp-content\/uploads\/2025\/07\/Barrete.webp","width":1280,"height":1280,"caption":"Bonnet pour rev\u00eatement ext\u00e9rieur durable."},{"@type":"BreadcrumbList","@id":"https:\/\/verdascagroup.com\/fr\/produit\/bonnet-pour-pavage\/#breadcrumb","itemListElement":[{"@type":"ListItem","position":1,"name":"In\u00edcio","item":"https:\/\/verdascagroup.com\/fr\/"},{"@type":"ListItem","position":2,"name":"Produits","item":"https:\/\/verdascagroup.com\/products\/"},{"@type":"ListItem","position":3,"name":"Bonnet"}]},{"@type":"WebSite","@id":"https:\/\/verdascagroup.com\/fr\/#website","url":"https:\/\/verdascagroup.com\/fr\/","name":"Verdasca Group","description":"Verdasca Group, fornecedor e produtor de materiais \u00e0 base de bet\u00e3o pr\u00e9-fabricado e de bet\u00e3o.","potentialAction":[{"@type":"SearchAction","target":{"@type":"EntryPoint","urlTemplate":"https:\/\/verdascagroup.com\/fr\/?s={search_term_string}"},"query-input":{"@type":"PropertyValueSpecification","valueRequired":true,"valueName":"search_term_string"}}],"inLanguage":"fr-FR"}]}},"_links":{"self":[{"href":"https:\/\/verdascagroup.com\/fr\/wp-json\/wp\/v2\/product\/14784","targetHints":{"allow":["GET"]}}],"collection":[{"href":"https:\/\/verdascagroup.com\/fr\/wp-json\/wp\/v2\/product"}],"about":[{"href":"https:\/\/verdascagroup.com\/fr\/wp-json\/wp\/v2\/types\/product"}],"version-history":[{"count":2,"href":"https:\/\/verdascagroup.com\/fr\/wp-json\/wp\/v2\/product\/14784\/revisions"}],"predecessor-version":[{"id":19845,"href":"https:\/\/verdascagroup.com\/fr\/wp-json\/wp\/v2\/product\/14784\/revisions\/19845"}],"wp:featuredmedia":[{"embeddable":true,"href":"https:\/\/verdascagroup.com\/fr\/wp-json\/wp\/v2\/media\/14788"}],"wp:attachment":[{"href":"https:\/\/verdascagroup.com\/fr\/wp-json\/wp\/v2\/media?parent=14784"}],"wp:term":[{"taxonomy":"product_brand","embeddable":true,"href":"https:\/\/verdascagroup.com\/fr\/wp-json\/wp\/v2\/product_brand?post=14784"},{"taxonomy":"product_cat","embeddable":true,"href":"https:\/\/verdascagroup.com\/fr\/wp-json\/wp\/v2\/product_cat?post=14784"},{"taxonomy":"product_tag","embeddable":true,"href":"https:\/\/verdascagroup.com\/fr\/wp-json\/wp\/v2\/product_tag?post=14784"}],"curies":[{"name":"wp","href":"https:\/\/api.w.org\/{rel}","templated":true}]}}