{"id":14750,"date":"2025-07-24T16:30:28","date_gmt":"2025-07-24T16:30:28","guid":{"rendered":"https:\/\/verdascagroup.com\/produto\/bloco-topo-liso\/"},"modified":"2025-08-21T23:41:39","modified_gmt":"2025-08-21T23:41:39","slug":"bloco-topo-liso","status":"publish","type":"product","link":"https:\/\/verdascagroup.com\/fr\/produit\/bloco-topo-liso\/","title":{"rendered":"Bloc \u00e0 bout plat"},"content":{"rendered":"<p>Bloc de ma\u00e7onnerie courant, rev\u00eatu ou apparent, utilis\u00e9 dans les b\u00e2timents ou les travaux de g\u00e9nie civil. Les blocs peuvent \u00eatre utilis\u00e9s dans diff\u00e9rents types de murs, simples, doubles, de s\u00e9paration et autres utilisations similaires.<\/p>\n","protected":false},"excerpt":{"rendered":"<p>Bloc de ma\u00e7onnerie courant, rev\u00eatu ou apparent, utilis\u00e9 dans les b\u00e2timents ou les travaux de g\u00e9nie civil. Les blocs peuvent \u00eatre utilis\u00e9s dans diff\u00e9rents types de murs, simples, doubles, de s\u00e9paration et autres utilisations similaires.<\/p>\n","protected":false},"featured_media":21061,"template":"","meta":[],"product_brand":[],"product_cat":[512],"product_tag":[],"class_list":{"0":"post-14750","1":"product","2":"type-product","3":"status-publish","4":"has-post-thumbnail","6":"product_cat-maconneries","8":"first","9":"instock","10":"shipping-taxable","11":"product-type-simple"},"yoast_head":"<!-- This site is optimized with the Yoast SEO plugin v27.4 - https:\/\/yoast.com\/product\/yoast-seo-wordpress\/ -->\n<title>Bloc \u00e0 bout plat - Verdasca Group<\/title>\n<meta name=\"robots\" content=\"index, follow, max-snippet:-1, max-image-preview:large, max-video-preview:-1\" \/>\n<link rel=\"canonical\" href=\"https:\/\/verdascagroup.com\/fr\/produit\/bloco-topo-liso\/\" \/>\n<meta property=\"og:locale\" content=\"fr_FR\" \/>\n<meta property=\"og:type\" content=\"article\" \/>\n<meta property=\"og:title\" content=\"Bloc \u00e0 bout plat - Verdasca Group\" \/>\n<meta property=\"og:description\" content=\"Bloc de ma\u00e7onnerie courant, rev\u00eatu ou apparent, utilis\u00e9 dans les b\u00e2timents ou les travaux de g\u00e9nie civil. Les blocs peuvent \u00eatre utilis\u00e9s dans diff\u00e9rents types de murs, simples, doubles, de s\u00e9paration et autres utilisations similaires.\" \/>\n<meta property=\"og:url\" content=\"https:\/\/verdascagroup.com\/fr\/produit\/bloco-topo-liso\/\" \/>\n<meta property=\"og:site_name\" content=\"Verdasca Group\" \/>\n<meta property=\"article:modified_time\" content=\"2025-08-21T23:41:39+00:00\" \/>\n<meta property=\"og:image\" content=\"https:\/\/verdascagroup.com\/wp-content\/uploads\/2025\/07\/medida_produtos10.webp\" \/>\n\t<meta property=\"og:image:width\" content=\"1280\" \/>\n\t<meta property=\"og:image:height\" content=\"1280\" \/>\n\t<meta property=\"og:image:type\" content=\"image\/webp\" \/>\n<meta name=\"twitter:card\" content=\"summary_large_image\" \/>\n<script type=\"application\/ld+json\" class=\"yoast-schema-graph\">{\"@context\":\"https:\\\/\\\/schema.org\",\"@graph\":[{\"@type\":\"WebPage\",\"@id\":\"https:\\\/\\\/verdascagroup.com\\\/fr\\\/produit\\\/bloco-topo-liso\\\/\",\"url\":\"https:\\\/\\\/verdascagroup.com\\\/fr\\\/produit\\\/bloco-topo-liso\\\/\",\"name\":\"Bloc \u00e0 bout plat - Verdasca Group\",\"isPartOf\":{\"@id\":\"https:\\\/\\\/verdascagroup.com\\\/fr\\\/#website\"},\"primaryImageOfPage\":{\"@id\":\"https:\\\/\\\/verdascagroup.com\\\/fr\\\/produit\\\/bloco-topo-liso\\\/#primaryimage\"},\"image\":{\"@id\":\"https:\\\/\\\/verdascagroup.com\\\/fr\\\/produit\\\/bloco-topo-liso\\\/#primaryimage\"},\"thumbnailUrl\":\"https:\\\/\\\/verdascagroup.com\\\/wp-content\\\/uploads\\\/2025\\\/07\\\/medida_produtos10.webp\",\"datePublished\":\"2025-07-24T16:30:28+00:00\",\"dateModified\":\"2025-08-21T23:41:39+00:00\",\"breadcrumb\":{\"@id\":\"https:\\\/\\\/verdascagroup.com\\\/fr\\\/produit\\\/bloco-topo-liso\\\/#breadcrumb\"},\"inLanguage\":\"fr-FR\",\"potentialAction\":[{\"@type\":\"ReadAction\",\"target\":[\"https:\\\/\\\/verdascagroup.com\\\/fr\\\/produit\\\/bloco-topo-liso\\\/\"]}]},{\"@type\":\"ImageObject\",\"inLanguage\":\"fr-FR\",\"@id\":\"https:\\\/\\\/verdascagroup.com\\\/fr\\\/produit\\\/bloco-topo-liso\\\/#primaryimage\",\"url\":\"https:\\\/\\\/verdascagroup.com\\\/wp-content\\\/uploads\\\/2025\\\/07\\\/medida_produtos10.webp\",\"contentUrl\":\"https:\\\/\\\/verdascagroup.com\\\/wp-content\\\/uploads\\\/2025\\\/07\\\/medida_produtos10.webp\",\"width\":1280,\"height\":1280},{\"@type\":\"BreadcrumbList\",\"@id\":\"https:\\\/\\\/verdascagroup.com\\\/fr\\\/produit\\\/bloco-topo-liso\\\/#breadcrumb\",\"itemListElement\":[{\"@type\":\"ListItem\",\"position\":1,\"name\":\"In\u00edcio\",\"item\":\"https:\\\/\\\/verdascagroup.com\\\/fr\\\/\"},{\"@type\":\"ListItem\",\"position\":2,\"name\":\"Produits\",\"item\":\"https:\\\/\\\/verdascagroup.com\\\/products\\\/\"},{\"@type\":\"ListItem\",\"position\":3,\"name\":\"Bloc \u00e0 bout plat\"}]},{\"@type\":\"WebSite\",\"@id\":\"https:\\\/\\\/verdascagroup.com\\\/fr\\\/#website\",\"url\":\"https:\\\/\\\/verdascagroup.com\\\/fr\\\/\",\"name\":\"Verdasca Group\",\"description\":\"Verdasca Group, fornecedor e produtor de materiais \u00e0 base de bet\u00e3o pr\u00e9-fabricado e de bet\u00e3o.\",\"potentialAction\":[{\"@type\":\"SearchAction\",\"target\":{\"@type\":\"EntryPoint\",\"urlTemplate\":\"https:\\\/\\\/verdascagroup.com\\\/fr\\\/?s={search_term_string}\"},\"query-input\":{\"@type\":\"PropertyValueSpecification\",\"valueRequired\":true,\"valueName\":\"search_term_string\"}}],\"inLanguage\":\"fr-FR\"}]}<\/script>\n<!-- \/ Yoast SEO plugin. -->","yoast_head_json":{"title":"Bloc \u00e0 bout plat - Verdasca Group","robots":{"index":"index","follow":"follow","max-snippet":"max-snippet:-1","max-image-preview":"max-image-preview:large","max-video-preview":"max-video-preview:-1"},"canonical":"https:\/\/verdascagroup.com\/fr\/produit\/bloco-topo-liso\/","og_locale":"fr_FR","og_type":"article","og_title":"Bloc \u00e0 bout plat - Verdasca Group","og_description":"Bloc de ma\u00e7onnerie courant, rev\u00eatu ou apparent, utilis\u00e9 dans les b\u00e2timents ou les travaux de g\u00e9nie civil. Les blocs peuvent \u00eatre utilis\u00e9s dans diff\u00e9rents types de murs, simples, doubles, de s\u00e9paration et autres utilisations similaires.","og_url":"https:\/\/verdascagroup.com\/fr\/produit\/bloco-topo-liso\/","og_site_name":"Verdasca Group","article_modified_time":"2025-08-21T23:41:39+00:00","og_image":[{"width":1280,"height":1280,"url":"https:\/\/verdascagroup.com\/wp-content\/uploads\/2025\/07\/medida_produtos10.webp","type":"image\/webp"}],"twitter_card":"summary_large_image","schema":{"@context":"https:\/\/schema.org","@graph":[{"@type":"WebPage","@id":"https:\/\/verdascagroup.com\/fr\/produit\/bloco-topo-liso\/","url":"https:\/\/verdascagroup.com\/fr\/produit\/bloco-topo-liso\/","name":"Bloc \u00e0 bout plat - Verdasca Group","isPartOf":{"@id":"https:\/\/verdascagroup.com\/fr\/#website"},"primaryImageOfPage":{"@id":"https:\/\/verdascagroup.com\/fr\/produit\/bloco-topo-liso\/#primaryimage"},"image":{"@id":"https:\/\/verdascagroup.com\/fr\/produit\/bloco-topo-liso\/#primaryimage"},"thumbnailUrl":"https:\/\/verdascagroup.com\/wp-content\/uploads\/2025\/07\/medida_produtos10.webp","datePublished":"2025-07-24T16:30:28+00:00","dateModified":"2025-08-21T23:41:39+00:00","breadcrumb":{"@id":"https:\/\/verdascagroup.com\/fr\/produit\/bloco-topo-liso\/#breadcrumb"},"inLanguage":"fr-FR","potentialAction":[{"@type":"ReadAction","target":["https:\/\/verdascagroup.com\/fr\/produit\/bloco-topo-liso\/"]}]},{"@type":"ImageObject","inLanguage":"fr-FR","@id":"https:\/\/verdascagroup.com\/fr\/produit\/bloco-topo-liso\/#primaryimage","url":"https:\/\/verdascagroup.com\/wp-content\/uploads\/2025\/07\/medida_produtos10.webp","contentUrl":"https:\/\/verdascagroup.com\/wp-content\/uploads\/2025\/07\/medida_produtos10.webp","width":1280,"height":1280},{"@type":"BreadcrumbList","@id":"https:\/\/verdascagroup.com\/fr\/produit\/bloco-topo-liso\/#breadcrumb","itemListElement":[{"@type":"ListItem","position":1,"name":"In\u00edcio","item":"https:\/\/verdascagroup.com\/fr\/"},{"@type":"ListItem","position":2,"name":"Produits","item":"https:\/\/verdascagroup.com\/products\/"},{"@type":"ListItem","position":3,"name":"Bloc \u00e0 bout plat"}]},{"@type":"WebSite","@id":"https:\/\/verdascagroup.com\/fr\/#website","url":"https:\/\/verdascagroup.com\/fr\/","name":"Verdasca Group","description":"Verdasca Group, fornecedor e produtor de materiais \u00e0 base de bet\u00e3o pr\u00e9-fabricado e de bet\u00e3o.","potentialAction":[{"@type":"SearchAction","target":{"@type":"EntryPoint","urlTemplate":"https:\/\/verdascagroup.com\/fr\/?s={search_term_string}"},"query-input":{"@type":"PropertyValueSpecification","valueRequired":true,"valueName":"search_term_string"}}],"inLanguage":"fr-FR"}]}},"_links":{"self":[{"href":"https:\/\/verdascagroup.com\/fr\/wp-json\/wp\/v2\/product\/14750","targetHints":{"allow":["GET"]}}],"collection":[{"href":"https:\/\/verdascagroup.com\/fr\/wp-json\/wp\/v2\/product"}],"about":[{"href":"https:\/\/verdascagroup.com\/fr\/wp-json\/wp\/v2\/types\/product"}],"version-history":[{"count":1,"href":"https:\/\/verdascagroup.com\/fr\/wp-json\/wp\/v2\/product\/14750\/revisions"}],"predecessor-version":[{"id":19927,"href":"https:\/\/verdascagroup.com\/fr\/wp-json\/wp\/v2\/product\/14750\/revisions\/19927"}],"wp:featuredmedia":[{"embeddable":true,"href":"https:\/\/verdascagroup.com\/fr\/wp-json\/wp\/v2\/media\/21061"}],"wp:attachment":[{"href":"https:\/\/verdascagroup.com\/fr\/wp-json\/wp\/v2\/media?parent=14750"}],"wp:term":[{"taxonomy":"product_brand","embeddable":true,"href":"https:\/\/verdascagroup.com\/fr\/wp-json\/wp\/v2\/product_brand?post=14750"},{"taxonomy":"product_cat","embeddable":true,"href":"https:\/\/verdascagroup.com\/fr\/wp-json\/wp\/v2\/product_cat?post=14750"},{"taxonomy":"product_tag","embeddable":true,"href":"https:\/\/verdascagroup.com\/fr\/wp-json\/wp\/v2\/product_tag?post=14750"}],"curies":[{"name":"wp","href":"https:\/\/api.w.org\/{rel}","templated":true}]}}