{"id":14593,"date":"2025-07-29T09:55:23","date_gmt":"2025-07-29T09:55:23","guid":{"rendered":"https:\/\/verdascagroup.com\/produto\/separadores-tipo-new-jersey-com-pintura-de-seguranca\/"},"modified":"2025-08-21T23:41:29","modified_gmt":"2025-08-21T23:41:29","slug":"separadores-tipo-new-jersey-com-pintura-de-seguranca","status":"publish","type":"product","link":"https:\/\/verdascagroup.com\/fr\/produit\/separadores-tipo-new-jersey-com-pintura-de-seguranca\/","title":{"rendered":"S\u00e9parateurs de type New Jersey avec peinture de s\u00e9curit\u00e9"},"content":{"rendered":"<p>S\u00e9paration des voies ou des terrains (NE S&rsquo;APPLIQUE PAS AUX SYST\u00c8MES DE RETENUE ROUTI\u00c8RE).<\/p>\n","protected":false},"excerpt":{"rendered":"<p>S\u00e9paration des voies ou des terrains (NE S&rsquo;APPLIQUE PAS AUX SYST\u00c8MES DE RETENUE ROUTI\u00c8RE).<\/p>\n","protected":false},"featured_media":14596,"template":"","meta":[],"product_brand":[],"product_cat":[513,517],"product_tag":[],"class_list":{"0":"post-14593","1":"product","2":"type-product","3":"status-publish","4":"has-post-thumbnail","6":"product_cat-separateurs-et-clotures","7":"product_cat-amenagements-exterieurs","9":"first","10":"instock","11":"shipping-taxable","12":"product-type-simple"},"yoast_head":"<!-- This site is optimized with the Yoast SEO plugin v26.7 - https:\/\/yoast.com\/wordpress\/plugins\/seo\/ -->\n<title>S\u00e9parateurs de type New Jersey avec peinture de s\u00e9curit\u00e9 - Verdasca Group<\/title>\n<meta name=\"robots\" content=\"index, follow, max-snippet:-1, max-image-preview:large, max-video-preview:-1\" \/>\n<link rel=\"canonical\" href=\"https:\/\/verdascagroup.com\/fr\/produit\/separadores-tipo-new-jersey-com-pintura-de-seguranca\/\" \/>\n<meta property=\"og:locale\" content=\"fr_FR\" \/>\n<meta property=\"og:type\" content=\"article\" \/>\n<meta property=\"og:title\" content=\"S\u00e9parateurs de type New Jersey avec peinture de s\u00e9curit\u00e9 - Verdasca Group\" \/>\n<meta property=\"og:description\" content=\"S\u00e9paration des voies ou des terrains (NE S&#039;APPLIQUE PAS AUX SYST\u00c8MES DE RETENUE ROUTI\u00c8RE).\" \/>\n<meta property=\"og:url\" content=\"https:\/\/verdascagroup.com\/fr\/produit\/separadores-tipo-new-jersey-com-pintura-de-seguranca\/\" \/>\n<meta property=\"og:site_name\" content=\"Verdasca Group\" \/>\n<meta property=\"article:modified_time\" content=\"2025-08-21T23:41:29+00:00\" \/>\n<meta property=\"og:image\" content=\"https:\/\/verdascagroup.com\/wp-content\/uploads\/2025\/07\/SEPARADOR_NEW_JERSEY_PINTADO.png\" \/>\n\t<meta property=\"og:image:width\" content=\"1280\" \/>\n\t<meta property=\"og:image:height\" content=\"1280\" \/>\n\t<meta property=\"og:image:type\" content=\"image\/png\" \/>\n<meta name=\"twitter:card\" content=\"summary_large_image\" \/>\n<script type=\"application\/ld+json\" class=\"yoast-schema-graph\">{\"@context\":\"https:\/\/schema.org\",\"@graph\":[{\"@type\":\"WebPage\",\"@id\":\"https:\/\/verdascagroup.com\/fr\/produit\/separadores-tipo-new-jersey-com-pintura-de-seguranca\/\",\"url\":\"https:\/\/verdascagroup.com\/fr\/produit\/separadores-tipo-new-jersey-com-pintura-de-seguranca\/\",\"name\":\"S\u00e9parateurs de type New Jersey avec peinture de s\u00e9curit\u00e9 - Verdasca Group\",\"isPartOf\":{\"@id\":\"https:\/\/verdascagroup.com\/fr\/#website\"},\"primaryImageOfPage\":{\"@id\":\"https:\/\/verdascagroup.com\/fr\/produit\/separadores-tipo-new-jersey-com-pintura-de-seguranca\/#primaryimage\"},\"image\":{\"@id\":\"https:\/\/verdascagroup.com\/fr\/produit\/separadores-tipo-new-jersey-com-pintura-de-seguranca\/#primaryimage\"},\"thumbnailUrl\":\"https:\/\/verdascagroup.com\/wp-content\/uploads\/2025\/07\/SEPARADOR_NEW_JERSEY_PINTADO.png\",\"datePublished\":\"2025-07-29T09:55:23+00:00\",\"dateModified\":\"2025-08-21T23:41:29+00:00\",\"breadcrumb\":{\"@id\":\"https:\/\/verdascagroup.com\/fr\/produit\/separadores-tipo-new-jersey-com-pintura-de-seguranca\/#breadcrumb\"},\"inLanguage\":\"fr-FR\",\"potentialAction\":[{\"@type\":\"ReadAction\",\"target\":[\"https:\/\/verdascagroup.com\/fr\/produit\/separadores-tipo-new-jersey-com-pintura-de-seguranca\/\"]}]},{\"@type\":\"ImageObject\",\"inLanguage\":\"fr-FR\",\"@id\":\"https:\/\/verdascagroup.com\/fr\/produit\/separadores-tipo-new-jersey-com-pintura-de-seguranca\/#primaryimage\",\"url\":\"https:\/\/verdascagroup.com\/wp-content\/uploads\/2025\/07\/SEPARADOR_NEW_JERSEY_PINTADO.png\",\"contentUrl\":\"https:\/\/verdascagroup.com\/wp-content\/uploads\/2025\/07\/SEPARADOR_NEW_JERSEY_PINTADO.png\",\"width\":1280,\"height\":1280},{\"@type\":\"BreadcrumbList\",\"@id\":\"https:\/\/verdascagroup.com\/fr\/produit\/separadores-tipo-new-jersey-com-pintura-de-seguranca\/#breadcrumb\",\"itemListElement\":[{\"@type\":\"ListItem\",\"position\":1,\"name\":\"In\u00edcio\",\"item\":\"https:\/\/verdascagroup.com\/fr\/\"},{\"@type\":\"ListItem\",\"position\":2,\"name\":\"Produits\",\"item\":\"https:\/\/verdascagroup.com\/products\/\"},{\"@type\":\"ListItem\",\"position\":3,\"name\":\"S\u00e9parateurs de type New Jersey avec peinture de s\u00e9curit\u00e9\"}]},{\"@type\":\"WebSite\",\"@id\":\"https:\/\/verdascagroup.com\/fr\/#website\",\"url\":\"https:\/\/verdascagroup.com\/fr\/\",\"name\":\"Verdasca Group\",\"description\":\"Verdasca Group, fornecedor e produtor de materiais \u00e0 base de bet\u00e3o pr\u00e9-fabricado e de bet\u00e3o.\",\"potentialAction\":[{\"@type\":\"SearchAction\",\"target\":{\"@type\":\"EntryPoint\",\"urlTemplate\":\"https:\/\/verdascagroup.com\/fr\/?s={search_term_string}\"},\"query-input\":{\"@type\":\"PropertyValueSpecification\",\"valueRequired\":true,\"valueName\":\"search_term_string\"}}],\"inLanguage\":\"fr-FR\"}]}<\/script>\n<!-- \/ Yoast SEO plugin. -->","yoast_head_json":{"title":"S\u00e9parateurs de type New Jersey avec peinture de s\u00e9curit\u00e9 - Verdasca Group","robots":{"index":"index","follow":"follow","max-snippet":"max-snippet:-1","max-image-preview":"max-image-preview:large","max-video-preview":"max-video-preview:-1"},"canonical":"https:\/\/verdascagroup.com\/fr\/produit\/separadores-tipo-new-jersey-com-pintura-de-seguranca\/","og_locale":"fr_FR","og_type":"article","og_title":"S\u00e9parateurs de type New Jersey avec peinture de s\u00e9curit\u00e9 - Verdasca Group","og_description":"S\u00e9paration des voies ou des terrains (NE S'APPLIQUE PAS AUX SYST\u00c8MES DE RETENUE ROUTI\u00c8RE).","og_url":"https:\/\/verdascagroup.com\/fr\/produit\/separadores-tipo-new-jersey-com-pintura-de-seguranca\/","og_site_name":"Verdasca Group","article_modified_time":"2025-08-21T23:41:29+00:00","og_image":[{"width":1280,"height":1280,"url":"https:\/\/verdascagroup.com\/wp-content\/uploads\/2025\/07\/SEPARADOR_NEW_JERSEY_PINTADO.png","type":"image\/png"}],"twitter_card":"summary_large_image","schema":{"@context":"https:\/\/schema.org","@graph":[{"@type":"WebPage","@id":"https:\/\/verdascagroup.com\/fr\/produit\/separadores-tipo-new-jersey-com-pintura-de-seguranca\/","url":"https:\/\/verdascagroup.com\/fr\/produit\/separadores-tipo-new-jersey-com-pintura-de-seguranca\/","name":"S\u00e9parateurs de type New Jersey avec peinture de s\u00e9curit\u00e9 - Verdasca Group","isPartOf":{"@id":"https:\/\/verdascagroup.com\/fr\/#website"},"primaryImageOfPage":{"@id":"https:\/\/verdascagroup.com\/fr\/produit\/separadores-tipo-new-jersey-com-pintura-de-seguranca\/#primaryimage"},"image":{"@id":"https:\/\/verdascagroup.com\/fr\/produit\/separadores-tipo-new-jersey-com-pintura-de-seguranca\/#primaryimage"},"thumbnailUrl":"https:\/\/verdascagroup.com\/wp-content\/uploads\/2025\/07\/SEPARADOR_NEW_JERSEY_PINTADO.png","datePublished":"2025-07-29T09:55:23+00:00","dateModified":"2025-08-21T23:41:29+00:00","breadcrumb":{"@id":"https:\/\/verdascagroup.com\/fr\/produit\/separadores-tipo-new-jersey-com-pintura-de-seguranca\/#breadcrumb"},"inLanguage":"fr-FR","potentialAction":[{"@type":"ReadAction","target":["https:\/\/verdascagroup.com\/fr\/produit\/separadores-tipo-new-jersey-com-pintura-de-seguranca\/"]}]},{"@type":"ImageObject","inLanguage":"fr-FR","@id":"https:\/\/verdascagroup.com\/fr\/produit\/separadores-tipo-new-jersey-com-pintura-de-seguranca\/#primaryimage","url":"https:\/\/verdascagroup.com\/wp-content\/uploads\/2025\/07\/SEPARADOR_NEW_JERSEY_PINTADO.png","contentUrl":"https:\/\/verdascagroup.com\/wp-content\/uploads\/2025\/07\/SEPARADOR_NEW_JERSEY_PINTADO.png","width":1280,"height":1280},{"@type":"BreadcrumbList","@id":"https:\/\/verdascagroup.com\/fr\/produit\/separadores-tipo-new-jersey-com-pintura-de-seguranca\/#breadcrumb","itemListElement":[{"@type":"ListItem","position":1,"name":"In\u00edcio","item":"https:\/\/verdascagroup.com\/fr\/"},{"@type":"ListItem","position":2,"name":"Produits","item":"https:\/\/verdascagroup.com\/products\/"},{"@type":"ListItem","position":3,"name":"S\u00e9parateurs de type New Jersey avec peinture de s\u00e9curit\u00e9"}]},{"@type":"WebSite","@id":"https:\/\/verdascagroup.com\/fr\/#website","url":"https:\/\/verdascagroup.com\/fr\/","name":"Verdasca Group","description":"Verdasca Group, fornecedor e produtor de materiais \u00e0 base de bet\u00e3o pr\u00e9-fabricado e de bet\u00e3o.","potentialAction":[{"@type":"SearchAction","target":{"@type":"EntryPoint","urlTemplate":"https:\/\/verdascagroup.com\/fr\/?s={search_term_string}"},"query-input":{"@type":"PropertyValueSpecification","valueRequired":true,"valueName":"search_term_string"}}],"inLanguage":"fr-FR"}]}},"_links":{"self":[{"href":"https:\/\/verdascagroup.com\/fr\/wp-json\/wp\/v2\/product\/14593","targetHints":{"allow":["GET"]}}],"collection":[{"href":"https:\/\/verdascagroup.com\/fr\/wp-json\/wp\/v2\/product"}],"about":[{"href":"https:\/\/verdascagroup.com\/fr\/wp-json\/wp\/v2\/types\/product"}],"version-history":[{"count":1,"href":"https:\/\/verdascagroup.com\/fr\/wp-json\/wp\/v2\/product\/14593\/revisions"}],"predecessor-version":[{"id":19900,"href":"https:\/\/verdascagroup.com\/fr\/wp-json\/wp\/v2\/product\/14593\/revisions\/19900"}],"wp:featuredmedia":[{"embeddable":true,"href":"https:\/\/verdascagroup.com\/fr\/wp-json\/wp\/v2\/media\/14596"}],"wp:attachment":[{"href":"https:\/\/verdascagroup.com\/fr\/wp-json\/wp\/v2\/media?parent=14593"}],"wp:term":[{"taxonomy":"product_brand","embeddable":true,"href":"https:\/\/verdascagroup.com\/fr\/wp-json\/wp\/v2\/product_brand?post=14593"},{"taxonomy":"product_cat","embeddable":true,"href":"https:\/\/verdascagroup.com\/fr\/wp-json\/wp\/v2\/product_cat?post=14593"},{"taxonomy":"product_tag","embeddable":true,"href":"https:\/\/verdascagroup.com\/fr\/wp-json\/wp\/v2\/product_tag?post=14593"}],"curies":[{"name":"wp","href":"https:\/\/api.w.org\/{rel}","templated":true}]}}