{"id":14398,"date":"2025-07-29T16:22:32","date_gmt":"2025-07-29T16:22:32","guid":{"rendered":"https:\/\/verdascagroup.com\/produto\/tampa-de-drenagem-para-boca-de-escavacao-tipo-3\/"},"modified":"2025-08-21T23:41:06","modified_gmt":"2025-08-21T23:41:06","slug":"tampa-de-drenagem-para-boca-de-escavacao-tipo-3","status":"publish","type":"product","link":"https:\/\/verdascagroup.com\/fr\/produit\/tampa-de-drenagem-para-boca-de-escavacao-tipo-3\/","title":{"rendered":"Couvercle de drainage pour bouche d&rsquo;excavation &#8211; Type 3"},"content":{"rendered":"<p>Le syst\u00e8me de contr\u00f4le de la production en usine qu&rsquo;on a mis en place d\u00e9finit les exigences pour la fabrication, couvrant tout le processus de production, depuis le contr\u00f4le des mati\u00e8res premi\u00e8res et des \u00e9quipements jusqu&rsquo;\u00e0 la r\u00e9alisation du produit et le contr\u00f4le pour la validation du produit fini.<\/p>\n","protected":false},"excerpt":{"rendered":"<p>Le syst\u00e8me de contr\u00f4le de la production en usine qu&rsquo;on a mis en place d\u00e9finit les exigences pour la fabrication, couvrant tout le processus de production, depuis le contr\u00f4le des mati\u00e8res premi\u00e8res et des \u00e9quipements jusqu&rsquo;\u00e0 la r\u00e9alisation du produit et le contr\u00f4le pour la validation du produit fini.<\/p>\n","protected":false},"featured_media":14400,"template":"","meta":[],"product_brand":[],"product_cat":[516],"product_tag":[],"class_list":{"0":"post-14398","1":"product","2":"type-product","3":"status-publish","4":"has-post-thumbnail","6":"product_cat-assainissement-et-plomberie","8":"first","9":"instock","10":"shipping-taxable","11":"product-type-simple"},"yoast_head":"<!-- This site is optimized with the Yoast SEO plugin v27.4 - https:\/\/yoast.com\/product\/yoast-seo-wordpress\/ -->\n<title>Couvercle de drainage pour bouche d&#039;excavation - Type 3 - Verdasca Group<\/title>\n<meta name=\"robots\" content=\"index, follow, max-snippet:-1, max-image-preview:large, max-video-preview:-1\" \/>\n<link rel=\"canonical\" href=\"https:\/\/verdascagroup.com\/fr\/produit\/tampa-de-drenagem-para-boca-de-escavacao-tipo-3\/\" \/>\n<meta property=\"og:locale\" content=\"fr_FR\" \/>\n<meta property=\"og:type\" content=\"article\" \/>\n<meta property=\"og:title\" content=\"Couvercle de drainage pour bouche d&#039;excavation - Type 3 - Verdasca Group\" \/>\n<meta property=\"og:description\" content=\"Le syst\u00e8me de contr\u00f4le de la production en usine qu&#039;on a mis en place d\u00e9finit les exigences pour la fabrication, couvrant tout le processus de production, depuis le contr\u00f4le des mati\u00e8res premi\u00e8res et des \u00e9quipements jusqu&#039;\u00e0 la r\u00e9alisation du produit et le contr\u00f4le pour la validation du produit fini.\" \/>\n<meta property=\"og:url\" content=\"https:\/\/verdascagroup.com\/fr\/produit\/tampa-de-drenagem-para-boca-de-escavacao-tipo-3\/\" \/>\n<meta property=\"og:site_name\" content=\"Verdasca Group\" \/>\n<meta property=\"article:modified_time\" content=\"2025-08-21T23:41:06+00:00\" \/>\n<meta property=\"og:image\" content=\"https:\/\/verdascagroup.com\/wp-content\/uploads\/2025\/07\/Tampas_Drenagem_BE_Tipo_3.webp\" \/>\n\t<meta property=\"og:image:width\" content=\"1280\" \/>\n\t<meta property=\"og:image:height\" content=\"1280\" \/>\n\t<meta property=\"og:image:type\" content=\"image\/webp\" \/>\n<meta name=\"twitter:card\" content=\"summary_large_image\" \/>\n<script type=\"application\/ld+json\" class=\"yoast-schema-graph\">{\"@context\":\"https:\\\/\\\/schema.org\",\"@graph\":[{\"@type\":\"WebPage\",\"@id\":\"https:\\\/\\\/verdascagroup.com\\\/fr\\\/produit\\\/tampa-de-drenagem-para-boca-de-escavacao-tipo-3\\\/\",\"url\":\"https:\\\/\\\/verdascagroup.com\\\/fr\\\/produit\\\/tampa-de-drenagem-para-boca-de-escavacao-tipo-3\\\/\",\"name\":\"Couvercle de drainage pour bouche d'excavation - Type 3 - Verdasca Group\",\"isPartOf\":{\"@id\":\"https:\\\/\\\/verdascagroup.com\\\/fr\\\/#website\"},\"primaryImageOfPage\":{\"@id\":\"https:\\\/\\\/verdascagroup.com\\\/fr\\\/produit\\\/tampa-de-drenagem-para-boca-de-escavacao-tipo-3\\\/#primaryimage\"},\"image\":{\"@id\":\"https:\\\/\\\/verdascagroup.com\\\/fr\\\/produit\\\/tampa-de-drenagem-para-boca-de-escavacao-tipo-3\\\/#primaryimage\"},\"thumbnailUrl\":\"https:\\\/\\\/verdascagroup.com\\\/wp-content\\\/uploads\\\/2025\\\/07\\\/Tampas_Drenagem_BE_Tipo_3.webp\",\"datePublished\":\"2025-07-29T16:22:32+00:00\",\"dateModified\":\"2025-08-21T23:41:06+00:00\",\"breadcrumb\":{\"@id\":\"https:\\\/\\\/verdascagroup.com\\\/fr\\\/produit\\\/tampa-de-drenagem-para-boca-de-escavacao-tipo-3\\\/#breadcrumb\"},\"inLanguage\":\"fr-FR\",\"potentialAction\":[{\"@type\":\"ReadAction\",\"target\":[\"https:\\\/\\\/verdascagroup.com\\\/fr\\\/produit\\\/tampa-de-drenagem-para-boca-de-escavacao-tipo-3\\\/\"]}]},{\"@type\":\"ImageObject\",\"inLanguage\":\"fr-FR\",\"@id\":\"https:\\\/\\\/verdascagroup.com\\\/fr\\\/produit\\\/tampa-de-drenagem-para-boca-de-escavacao-tipo-3\\\/#primaryimage\",\"url\":\"https:\\\/\\\/verdascagroup.com\\\/wp-content\\\/uploads\\\/2025\\\/07\\\/Tampas_Drenagem_BE_Tipo_3.webp\",\"contentUrl\":\"https:\\\/\\\/verdascagroup.com\\\/wp-content\\\/uploads\\\/2025\\\/07\\\/Tampas_Drenagem_BE_Tipo_3.webp\",\"width\":1280,\"height\":1280},{\"@type\":\"BreadcrumbList\",\"@id\":\"https:\\\/\\\/verdascagroup.com\\\/fr\\\/produit\\\/tampa-de-drenagem-para-boca-de-escavacao-tipo-3\\\/#breadcrumb\",\"itemListElement\":[{\"@type\":\"ListItem\",\"position\":1,\"name\":\"In\u00edcio\",\"item\":\"https:\\\/\\\/verdascagroup.com\\\/fr\\\/\"},{\"@type\":\"ListItem\",\"position\":2,\"name\":\"Produits\",\"item\":\"https:\\\/\\\/verdascagroup.com\\\/products\\\/\"},{\"@type\":\"ListItem\",\"position\":3,\"name\":\"Couvercle de drainage pour bouche d&#8217;excavation &#8211; Type 3\"}]},{\"@type\":\"WebSite\",\"@id\":\"https:\\\/\\\/verdascagroup.com\\\/fr\\\/#website\",\"url\":\"https:\\\/\\\/verdascagroup.com\\\/fr\\\/\",\"name\":\"Verdasca Group\",\"description\":\"Verdasca Group, fornecedor e produtor de materiais \u00e0 base de bet\u00e3o pr\u00e9-fabricado e de bet\u00e3o.\",\"potentialAction\":[{\"@type\":\"SearchAction\",\"target\":{\"@type\":\"EntryPoint\",\"urlTemplate\":\"https:\\\/\\\/verdascagroup.com\\\/fr\\\/?s={search_term_string}\"},\"query-input\":{\"@type\":\"PropertyValueSpecification\",\"valueRequired\":true,\"valueName\":\"search_term_string\"}}],\"inLanguage\":\"fr-FR\"}]}<\/script>\n<!-- \/ Yoast SEO plugin. -->","yoast_head_json":{"title":"Couvercle de drainage pour bouche d'excavation - Type 3 - Verdasca Group","robots":{"index":"index","follow":"follow","max-snippet":"max-snippet:-1","max-image-preview":"max-image-preview:large","max-video-preview":"max-video-preview:-1"},"canonical":"https:\/\/verdascagroup.com\/fr\/produit\/tampa-de-drenagem-para-boca-de-escavacao-tipo-3\/","og_locale":"fr_FR","og_type":"article","og_title":"Couvercle de drainage pour bouche d'excavation - Type 3 - Verdasca Group","og_description":"Le syst\u00e8me de contr\u00f4le de la production en usine qu'on a mis en place d\u00e9finit les exigences pour la fabrication, couvrant tout le processus de production, depuis le contr\u00f4le des mati\u00e8res premi\u00e8res et des \u00e9quipements jusqu'\u00e0 la r\u00e9alisation du produit et le contr\u00f4le pour la validation du produit fini.","og_url":"https:\/\/verdascagroup.com\/fr\/produit\/tampa-de-drenagem-para-boca-de-escavacao-tipo-3\/","og_site_name":"Verdasca Group","article_modified_time":"2025-08-21T23:41:06+00:00","og_image":[{"width":1280,"height":1280,"url":"https:\/\/verdascagroup.com\/wp-content\/uploads\/2025\/07\/Tampas_Drenagem_BE_Tipo_3.webp","type":"image\/webp"}],"twitter_card":"summary_large_image","schema":{"@context":"https:\/\/schema.org","@graph":[{"@type":"WebPage","@id":"https:\/\/verdascagroup.com\/fr\/produit\/tampa-de-drenagem-para-boca-de-escavacao-tipo-3\/","url":"https:\/\/verdascagroup.com\/fr\/produit\/tampa-de-drenagem-para-boca-de-escavacao-tipo-3\/","name":"Couvercle de drainage pour bouche d'excavation - Type 3 - Verdasca Group","isPartOf":{"@id":"https:\/\/verdascagroup.com\/fr\/#website"},"primaryImageOfPage":{"@id":"https:\/\/verdascagroup.com\/fr\/produit\/tampa-de-drenagem-para-boca-de-escavacao-tipo-3\/#primaryimage"},"image":{"@id":"https:\/\/verdascagroup.com\/fr\/produit\/tampa-de-drenagem-para-boca-de-escavacao-tipo-3\/#primaryimage"},"thumbnailUrl":"https:\/\/verdascagroup.com\/wp-content\/uploads\/2025\/07\/Tampas_Drenagem_BE_Tipo_3.webp","datePublished":"2025-07-29T16:22:32+00:00","dateModified":"2025-08-21T23:41:06+00:00","breadcrumb":{"@id":"https:\/\/verdascagroup.com\/fr\/produit\/tampa-de-drenagem-para-boca-de-escavacao-tipo-3\/#breadcrumb"},"inLanguage":"fr-FR","potentialAction":[{"@type":"ReadAction","target":["https:\/\/verdascagroup.com\/fr\/produit\/tampa-de-drenagem-para-boca-de-escavacao-tipo-3\/"]}]},{"@type":"ImageObject","inLanguage":"fr-FR","@id":"https:\/\/verdascagroup.com\/fr\/produit\/tampa-de-drenagem-para-boca-de-escavacao-tipo-3\/#primaryimage","url":"https:\/\/verdascagroup.com\/wp-content\/uploads\/2025\/07\/Tampas_Drenagem_BE_Tipo_3.webp","contentUrl":"https:\/\/verdascagroup.com\/wp-content\/uploads\/2025\/07\/Tampas_Drenagem_BE_Tipo_3.webp","width":1280,"height":1280},{"@type":"BreadcrumbList","@id":"https:\/\/verdascagroup.com\/fr\/produit\/tampa-de-drenagem-para-boca-de-escavacao-tipo-3\/#breadcrumb","itemListElement":[{"@type":"ListItem","position":1,"name":"In\u00edcio","item":"https:\/\/verdascagroup.com\/fr\/"},{"@type":"ListItem","position":2,"name":"Produits","item":"https:\/\/verdascagroup.com\/products\/"},{"@type":"ListItem","position":3,"name":"Couvercle de drainage pour bouche d&#8217;excavation &#8211; Type 3"}]},{"@type":"WebSite","@id":"https:\/\/verdascagroup.com\/fr\/#website","url":"https:\/\/verdascagroup.com\/fr\/","name":"Verdasca Group","description":"Verdasca Group, fornecedor e produtor de materiais \u00e0 base de bet\u00e3o pr\u00e9-fabricado e de bet\u00e3o.","potentialAction":[{"@type":"SearchAction","target":{"@type":"EntryPoint","urlTemplate":"https:\/\/verdascagroup.com\/fr\/?s={search_term_string}"},"query-input":{"@type":"PropertyValueSpecification","valueRequired":true,"valueName":"search_term_string"}}],"inLanguage":"fr-FR"}]}},"_links":{"self":[{"href":"https:\/\/verdascagroup.com\/fr\/wp-json\/wp\/v2\/product\/14398","targetHints":{"allow":["GET"]}}],"collection":[{"href":"https:\/\/verdascagroup.com\/fr\/wp-json\/wp\/v2\/product"}],"about":[{"href":"https:\/\/verdascagroup.com\/fr\/wp-json\/wp\/v2\/types\/product"}],"version-history":[{"count":1,"href":"https:\/\/verdascagroup.com\/fr\/wp-json\/wp\/v2\/product\/14398\/revisions"}],"predecessor-version":[{"id":19843,"href":"https:\/\/verdascagroup.com\/fr\/wp-json\/wp\/v2\/product\/14398\/revisions\/19843"}],"wp:featuredmedia":[{"embeddable":true,"href":"https:\/\/verdascagroup.com\/fr\/wp-json\/wp\/v2\/media\/14400"}],"wp:attachment":[{"href":"https:\/\/verdascagroup.com\/fr\/wp-json\/wp\/v2\/media?parent=14398"}],"wp:term":[{"taxonomy":"product_brand","embeddable":true,"href":"https:\/\/verdascagroup.com\/fr\/wp-json\/wp\/v2\/product_brand?post=14398"},{"taxonomy":"product_cat","embeddable":true,"href":"https:\/\/verdascagroup.com\/fr\/wp-json\/wp\/v2\/product_cat?post=14398"},{"taxonomy":"product_tag","embeddable":true,"href":"https:\/\/verdascagroup.com\/fr\/wp-json\/wp\/v2\/product_tag?post=14398"}],"curies":[{"name":"wp","href":"https:\/\/api.w.org\/{rel}","templated":true}]}}