{"id":14204,"date":"2025-07-30T14:23:44","date_gmt":"2025-07-30T14:23:44","guid":{"rendered":"https:\/\/verdascagroup.com\/produto\/fungiforme-betao-leve-65\/"},"modified":"2025-08-21T23:41:23","modified_gmt":"2025-08-21T23:41:23","slug":"fungiforme-betao-leve-65","status":"publish","type":"product","link":"https:\/\/verdascagroup.com\/fr\/produit\/fungiforme-betao-leve-65\/","title":{"rendered":"B\u00e9ton l\u00e9ger Fungiforme 65"},"content":{"rendered":"<p>Les blocs pr\u00e9fabriqu\u00e9s en b\u00e9ton en forme de champignon dans les agr\u00e9gats l\u00e9gers sont faits pour \u00eatre utilis\u00e9s comme coffrage perdu dans la construction de dalles all\u00e9g\u00e9es moul\u00e9es sur place pour les sols des b\u00e2timents.<\/p>\n","protected":false},"excerpt":{"rendered":"<p>Les blocs pr\u00e9fabriqu\u00e9s en b\u00e9ton en forme de champignon dans les agr\u00e9gats l\u00e9gers sont faits pour \u00eatre utilis\u00e9s comme coffrage perdu dans la construction de dalles all\u00e9g\u00e9es moul\u00e9es sur place pour les sols des b\u00e2timents.<\/p>\n","protected":false},"featured_media":14198,"template":"","meta":[],"product_brand":[],"product_cat":[505],"product_tag":[],"class_list":{"0":"post-14204","1":"product","2":"type-product","3":"status-publish","4":"has-post-thumbnail","6":"product_cat-voutes-et-dalles-champignon","8":"first","9":"instock","10":"shipping-taxable","11":"product-type-simple"},"yoast_head":"<!-- This site is optimized with the Yoast SEO plugin v27.4 - https:\/\/yoast.com\/product\/yoast-seo-wordpress\/ -->\n<title>B\u00e9ton l\u00e9ger Fungiforme 65 - Verdasca Group<\/title>\n<meta name=\"robots\" content=\"index, follow, max-snippet:-1, max-image-preview:large, max-video-preview:-1\" \/>\n<link rel=\"canonical\" href=\"https:\/\/verdascagroup.com\/fr\/produit\/fungiforme-betao-leve-65\/\" \/>\n<meta property=\"og:locale\" content=\"fr_FR\" \/>\n<meta property=\"og:type\" content=\"article\" \/>\n<meta property=\"og:title\" content=\"B\u00e9ton l\u00e9ger Fungiforme 65 - Verdasca Group\" \/>\n<meta property=\"og:description\" content=\"Les blocs pr\u00e9fabriqu\u00e9s en b\u00e9ton en forme de champignon dans les agr\u00e9gats l\u00e9gers sont faits pour \u00eatre utilis\u00e9s comme coffrage perdu dans la construction de dalles all\u00e9g\u00e9es moul\u00e9es sur place pour les sols des b\u00e2timents.\" \/>\n<meta property=\"og:url\" content=\"https:\/\/verdascagroup.com\/fr\/produit\/fungiforme-betao-leve-65\/\" \/>\n<meta property=\"og:site_name\" content=\"Verdasca Group\" \/>\n<meta property=\"article:modified_time\" content=\"2025-08-21T23:41:23+00:00\" \/>\n<meta property=\"og:image\" content=\"https:\/\/verdascagroup.com\/wp-content\/uploads\/2025\/07\/FUNGIFORME_65.webp\" \/>\n\t<meta property=\"og:image:width\" content=\"1280\" \/>\n\t<meta property=\"og:image:height\" content=\"1280\" \/>\n\t<meta property=\"og:image:type\" content=\"image\/webp\" \/>\n<meta name=\"twitter:card\" content=\"summary_large_image\" \/>\n<script type=\"application\/ld+json\" class=\"yoast-schema-graph\">{\"@context\":\"https:\\\/\\\/schema.org\",\"@graph\":[{\"@type\":\"WebPage\",\"@id\":\"https:\\\/\\\/verdascagroup.com\\\/fr\\\/produit\\\/fungiforme-betao-leve-65\\\/\",\"url\":\"https:\\\/\\\/verdascagroup.com\\\/fr\\\/produit\\\/fungiforme-betao-leve-65\\\/\",\"name\":\"B\u00e9ton l\u00e9ger Fungiforme 65 - Verdasca Group\",\"isPartOf\":{\"@id\":\"https:\\\/\\\/verdascagroup.com\\\/fr\\\/#website\"},\"primaryImageOfPage\":{\"@id\":\"https:\\\/\\\/verdascagroup.com\\\/fr\\\/produit\\\/fungiforme-betao-leve-65\\\/#primaryimage\"},\"image\":{\"@id\":\"https:\\\/\\\/verdascagroup.com\\\/fr\\\/produit\\\/fungiforme-betao-leve-65\\\/#primaryimage\"},\"thumbnailUrl\":\"https:\\\/\\\/verdascagroup.com\\\/wp-content\\\/uploads\\\/2025\\\/07\\\/FUNGIFORME_65.webp\",\"datePublished\":\"2025-07-30T14:23:44+00:00\",\"dateModified\":\"2025-08-21T23:41:23+00:00\",\"breadcrumb\":{\"@id\":\"https:\\\/\\\/verdascagroup.com\\\/fr\\\/produit\\\/fungiforme-betao-leve-65\\\/#breadcrumb\"},\"inLanguage\":\"fr-FR\",\"potentialAction\":[{\"@type\":\"ReadAction\",\"target\":[\"https:\\\/\\\/verdascagroup.com\\\/fr\\\/produit\\\/fungiforme-betao-leve-65\\\/\"]}]},{\"@type\":\"ImageObject\",\"inLanguage\":\"fr-FR\",\"@id\":\"https:\\\/\\\/verdascagroup.com\\\/fr\\\/produit\\\/fungiforme-betao-leve-65\\\/#primaryimage\",\"url\":\"https:\\\/\\\/verdascagroup.com\\\/wp-content\\\/uploads\\\/2025\\\/07\\\/FUNGIFORME_65.webp\",\"contentUrl\":\"https:\\\/\\\/verdascagroup.com\\\/wp-content\\\/uploads\\\/2025\\\/07\\\/FUNGIFORME_65.webp\",\"width\":1280,\"height\":1280},{\"@type\":\"BreadcrumbList\",\"@id\":\"https:\\\/\\\/verdascagroup.com\\\/fr\\\/produit\\\/fungiforme-betao-leve-65\\\/#breadcrumb\",\"itemListElement\":[{\"@type\":\"ListItem\",\"position\":1,\"name\":\"In\u00edcio\",\"item\":\"https:\\\/\\\/verdascagroup.com\\\/fr\\\/\"},{\"@type\":\"ListItem\",\"position\":2,\"name\":\"Produits\",\"item\":\"https:\\\/\\\/verdascagroup.com\\\/products\\\/\"},{\"@type\":\"ListItem\",\"position\":3,\"name\":\"B\u00e9ton l\u00e9ger Fungiforme 65\"}]},{\"@type\":\"WebSite\",\"@id\":\"https:\\\/\\\/verdascagroup.com\\\/fr\\\/#website\",\"url\":\"https:\\\/\\\/verdascagroup.com\\\/fr\\\/\",\"name\":\"Verdasca Group\",\"description\":\"Verdasca Group, fornecedor e produtor de materiais \u00e0 base de bet\u00e3o pr\u00e9-fabricado e de bet\u00e3o.\",\"potentialAction\":[{\"@type\":\"SearchAction\",\"target\":{\"@type\":\"EntryPoint\",\"urlTemplate\":\"https:\\\/\\\/verdascagroup.com\\\/fr\\\/?s={search_term_string}\"},\"query-input\":{\"@type\":\"PropertyValueSpecification\",\"valueRequired\":true,\"valueName\":\"search_term_string\"}}],\"inLanguage\":\"fr-FR\"}]}<\/script>\n<!-- \/ Yoast SEO plugin. -->","yoast_head_json":{"title":"B\u00e9ton l\u00e9ger Fungiforme 65 - Verdasca Group","robots":{"index":"index","follow":"follow","max-snippet":"max-snippet:-1","max-image-preview":"max-image-preview:large","max-video-preview":"max-video-preview:-1"},"canonical":"https:\/\/verdascagroup.com\/fr\/produit\/fungiforme-betao-leve-65\/","og_locale":"fr_FR","og_type":"article","og_title":"B\u00e9ton l\u00e9ger Fungiforme 65 - Verdasca Group","og_description":"Les blocs pr\u00e9fabriqu\u00e9s en b\u00e9ton en forme de champignon dans les agr\u00e9gats l\u00e9gers sont faits pour \u00eatre utilis\u00e9s comme coffrage perdu dans la construction de dalles all\u00e9g\u00e9es moul\u00e9es sur place pour les sols des b\u00e2timents.","og_url":"https:\/\/verdascagroup.com\/fr\/produit\/fungiforme-betao-leve-65\/","og_site_name":"Verdasca Group","article_modified_time":"2025-08-21T23:41:23+00:00","og_image":[{"width":1280,"height":1280,"url":"https:\/\/verdascagroup.com\/wp-content\/uploads\/2025\/07\/FUNGIFORME_65.webp","type":"image\/webp"}],"twitter_card":"summary_large_image","schema":{"@context":"https:\/\/schema.org","@graph":[{"@type":"WebPage","@id":"https:\/\/verdascagroup.com\/fr\/produit\/fungiforme-betao-leve-65\/","url":"https:\/\/verdascagroup.com\/fr\/produit\/fungiforme-betao-leve-65\/","name":"B\u00e9ton l\u00e9ger Fungiforme 65 - Verdasca Group","isPartOf":{"@id":"https:\/\/verdascagroup.com\/fr\/#website"},"primaryImageOfPage":{"@id":"https:\/\/verdascagroup.com\/fr\/produit\/fungiforme-betao-leve-65\/#primaryimage"},"image":{"@id":"https:\/\/verdascagroup.com\/fr\/produit\/fungiforme-betao-leve-65\/#primaryimage"},"thumbnailUrl":"https:\/\/verdascagroup.com\/wp-content\/uploads\/2025\/07\/FUNGIFORME_65.webp","datePublished":"2025-07-30T14:23:44+00:00","dateModified":"2025-08-21T23:41:23+00:00","breadcrumb":{"@id":"https:\/\/verdascagroup.com\/fr\/produit\/fungiforme-betao-leve-65\/#breadcrumb"},"inLanguage":"fr-FR","potentialAction":[{"@type":"ReadAction","target":["https:\/\/verdascagroup.com\/fr\/produit\/fungiforme-betao-leve-65\/"]}]},{"@type":"ImageObject","inLanguage":"fr-FR","@id":"https:\/\/verdascagroup.com\/fr\/produit\/fungiforme-betao-leve-65\/#primaryimage","url":"https:\/\/verdascagroup.com\/wp-content\/uploads\/2025\/07\/FUNGIFORME_65.webp","contentUrl":"https:\/\/verdascagroup.com\/wp-content\/uploads\/2025\/07\/FUNGIFORME_65.webp","width":1280,"height":1280},{"@type":"BreadcrumbList","@id":"https:\/\/verdascagroup.com\/fr\/produit\/fungiforme-betao-leve-65\/#breadcrumb","itemListElement":[{"@type":"ListItem","position":1,"name":"In\u00edcio","item":"https:\/\/verdascagroup.com\/fr\/"},{"@type":"ListItem","position":2,"name":"Produits","item":"https:\/\/verdascagroup.com\/products\/"},{"@type":"ListItem","position":3,"name":"B\u00e9ton l\u00e9ger Fungiforme 65"}]},{"@type":"WebSite","@id":"https:\/\/verdascagroup.com\/fr\/#website","url":"https:\/\/verdascagroup.com\/fr\/","name":"Verdasca Group","description":"Verdasca Group, fornecedor e produtor de materiais \u00e0 base de bet\u00e3o pr\u00e9-fabricado e de bet\u00e3o.","potentialAction":[{"@type":"SearchAction","target":{"@type":"EntryPoint","urlTemplate":"https:\/\/verdascagroup.com\/fr\/?s={search_term_string}"},"query-input":{"@type":"PropertyValueSpecification","valueRequired":true,"valueName":"search_term_string"}}],"inLanguage":"fr-FR"}]}},"_links":{"self":[{"href":"https:\/\/verdascagroup.com\/fr\/wp-json\/wp\/v2\/product\/14204","targetHints":{"allow":["GET"]}}],"collection":[{"href":"https:\/\/verdascagroup.com\/fr\/wp-json\/wp\/v2\/product"}],"about":[{"href":"https:\/\/verdascagroup.com\/fr\/wp-json\/wp\/v2\/types\/product"}],"version-history":[{"count":1,"href":"https:\/\/verdascagroup.com\/fr\/wp-json\/wp\/v2\/product\/14204\/revisions"}],"predecessor-version":[{"id":19885,"href":"https:\/\/verdascagroup.com\/fr\/wp-json\/wp\/v2\/product\/14204\/revisions\/19885"}],"wp:featuredmedia":[{"embeddable":true,"href":"https:\/\/verdascagroup.com\/fr\/wp-json\/wp\/v2\/media\/14198"}],"wp:attachment":[{"href":"https:\/\/verdascagroup.com\/fr\/wp-json\/wp\/v2\/media?parent=14204"}],"wp:term":[{"taxonomy":"product_brand","embeddable":true,"href":"https:\/\/verdascagroup.com\/fr\/wp-json\/wp\/v2\/product_brand?post=14204"},{"taxonomy":"product_cat","embeddable":true,"href":"https:\/\/verdascagroup.com\/fr\/wp-json\/wp\/v2\/product_cat?post=14204"},{"taxonomy":"product_tag","embeddable":true,"href":"https:\/\/verdascagroup.com\/fr\/wp-json\/wp\/v2\/product_tag?post=14204"}],"curies":[{"name":"wp","href":"https:\/\/api.w.org\/{rel}","templated":true}]}}