{"id":14187,"date":"2025-07-30T14:46:22","date_gmt":"2025-07-30T14:46:22","guid":{"rendered":"https:\/\/verdascagroup.com\/produto\/manilha-normal-armada-2-4-mt\/"},"modified":"2025-08-21T23:41:44","modified_gmt":"2025-08-21T23:41:44","slug":"manilha-normal-armada-2-4-mt","status":"publish","type":"product","link":"https:\/\/verdascagroup.com\/fr\/produit\/manilha-normal-armada-2-4-mt\/","title":{"rendered":"Manille normale\/arm\u00e9e 2,4 MT"},"content":{"rendered":"<p>Transport des eaux us\u00e9es, des eaux pluviales et des eaux de surface par gravit\u00e9 ou parfois \u00e0 basse pression, dans des canalisations g\u00e9n\u00e9ralement enterr\u00e9es.<\/p>\n","protected":false},"excerpt":{"rendered":"<p>Transport des eaux us\u00e9es, des eaux pluviales et des eaux de surface par gravit\u00e9 ou parfois \u00e0 basse pression, dans des canalisations g\u00e9n\u00e9ralement enterr\u00e9es.<\/p>\n","protected":false},"featured_media":14188,"template":"","meta":[],"product_brand":[],"product_cat":[516],"product_tag":[],"class_list":{"0":"post-14187","1":"product","2":"type-product","3":"status-publish","4":"has-post-thumbnail","6":"product_cat-assainissement-et-plomberie","8":"first","9":"instock","10":"shipping-taxable","11":"product-type-simple"},"yoast_head":"<!-- This site is optimized with the Yoast SEO plugin v27.4 - https:\/\/yoast.com\/product\/yoast-seo-wordpress\/ -->\n<title>Manille normale\/arm\u00e9e 2,4 MT - Verdasca Group<\/title>\n<meta name=\"robots\" content=\"index, follow, max-snippet:-1, max-image-preview:large, max-video-preview:-1\" \/>\n<link rel=\"canonical\" href=\"https:\/\/verdascagroup.com\/fr\/produit\/manilha-normal-armada-2-4-mt\/\" \/>\n<meta property=\"og:locale\" content=\"fr_FR\" \/>\n<meta property=\"og:type\" content=\"article\" \/>\n<meta property=\"og:title\" content=\"Manille normale\/arm\u00e9e 2,4 MT - Verdasca Group\" \/>\n<meta property=\"og:description\" content=\"Transport des eaux us\u00e9es, des eaux pluviales et des eaux de surface par gravit\u00e9 ou parfois \u00e0 basse pression, dans des canalisations g\u00e9n\u00e9ralement enterr\u00e9es.\" \/>\n<meta property=\"og:url\" content=\"https:\/\/verdascagroup.com\/fr\/produit\/manilha-normal-armada-2-4-mt\/\" \/>\n<meta property=\"og:site_name\" content=\"Verdasca Group\" \/>\n<meta property=\"article:modified_time\" content=\"2025-08-21T23:41:44+00:00\" \/>\n<meta property=\"og:image\" content=\"https:\/\/verdascagroup.com\/wp-content\/uploads\/2025\/07\/Manilha-NormalArmada-Fibra-Metalica-24-metros.webp\" \/>\n\t<meta property=\"og:image:width\" content=\"1280\" \/>\n\t<meta property=\"og:image:height\" content=\"1280\" \/>\n\t<meta property=\"og:image:type\" content=\"image\/webp\" \/>\n<meta name=\"twitter:card\" content=\"summary_large_image\" \/>\n<script type=\"application\/ld+json\" class=\"yoast-schema-graph\">{\"@context\":\"https:\\\/\\\/schema.org\",\"@graph\":[{\"@type\":\"WebPage\",\"@id\":\"https:\\\/\\\/verdascagroup.com\\\/fr\\\/produit\\\/manilha-normal-armada-2-4-mt\\\/\",\"url\":\"https:\\\/\\\/verdascagroup.com\\\/fr\\\/produit\\\/manilha-normal-armada-2-4-mt\\\/\",\"name\":\"Manille normale\\\/arm\u00e9e 2,4 MT - Verdasca Group\",\"isPartOf\":{\"@id\":\"https:\\\/\\\/verdascagroup.com\\\/fr\\\/#website\"},\"primaryImageOfPage\":{\"@id\":\"https:\\\/\\\/verdascagroup.com\\\/fr\\\/produit\\\/manilha-normal-armada-2-4-mt\\\/#primaryimage\"},\"image\":{\"@id\":\"https:\\\/\\\/verdascagroup.com\\\/fr\\\/produit\\\/manilha-normal-armada-2-4-mt\\\/#primaryimage\"},\"thumbnailUrl\":\"https:\\\/\\\/verdascagroup.com\\\/wp-content\\\/uploads\\\/2025\\\/07\\\/Manilha-NormalArmada-Fibra-Metalica-24-metros.webp\",\"datePublished\":\"2025-07-30T14:46:22+00:00\",\"dateModified\":\"2025-08-21T23:41:44+00:00\",\"breadcrumb\":{\"@id\":\"https:\\\/\\\/verdascagroup.com\\\/fr\\\/produit\\\/manilha-normal-armada-2-4-mt\\\/#breadcrumb\"},\"inLanguage\":\"fr-FR\",\"potentialAction\":[{\"@type\":\"ReadAction\",\"target\":[\"https:\\\/\\\/verdascagroup.com\\\/fr\\\/produit\\\/manilha-normal-armada-2-4-mt\\\/\"]}]},{\"@type\":\"ImageObject\",\"inLanguage\":\"fr-FR\",\"@id\":\"https:\\\/\\\/verdascagroup.com\\\/fr\\\/produit\\\/manilha-normal-armada-2-4-mt\\\/#primaryimage\",\"url\":\"https:\\\/\\\/verdascagroup.com\\\/wp-content\\\/uploads\\\/2025\\\/07\\\/Manilha-NormalArmada-Fibra-Metalica-24-metros.webp\",\"contentUrl\":\"https:\\\/\\\/verdascagroup.com\\\/wp-content\\\/uploads\\\/2025\\\/07\\\/Manilha-NormalArmada-Fibra-Metalica-24-metros.webp\",\"width\":1280,\"height\":1280},{\"@type\":\"BreadcrumbList\",\"@id\":\"https:\\\/\\\/verdascagroup.com\\\/fr\\\/produit\\\/manilha-normal-armada-2-4-mt\\\/#breadcrumb\",\"itemListElement\":[{\"@type\":\"ListItem\",\"position\":1,\"name\":\"In\u00edcio\",\"item\":\"https:\\\/\\\/verdascagroup.com\\\/fr\\\/\"},{\"@type\":\"ListItem\",\"position\":2,\"name\":\"Produits\",\"item\":\"https:\\\/\\\/verdascagroup.com\\\/products\\\/\"},{\"@type\":\"ListItem\",\"position\":3,\"name\":\"Manille normale\\\/arm\u00e9e 2,4 MT\"}]},{\"@type\":\"WebSite\",\"@id\":\"https:\\\/\\\/verdascagroup.com\\\/fr\\\/#website\",\"url\":\"https:\\\/\\\/verdascagroup.com\\\/fr\\\/\",\"name\":\"Verdasca Group\",\"description\":\"Verdasca Group, fornecedor e produtor de materiais \u00e0 base de bet\u00e3o pr\u00e9-fabricado e de bet\u00e3o.\",\"potentialAction\":[{\"@type\":\"SearchAction\",\"target\":{\"@type\":\"EntryPoint\",\"urlTemplate\":\"https:\\\/\\\/verdascagroup.com\\\/fr\\\/?s={search_term_string}\"},\"query-input\":{\"@type\":\"PropertyValueSpecification\",\"valueRequired\":true,\"valueName\":\"search_term_string\"}}],\"inLanguage\":\"fr-FR\"}]}<\/script>\n<!-- \/ Yoast SEO plugin. -->","yoast_head_json":{"title":"Manille normale\/arm\u00e9e 2,4 MT - Verdasca Group","robots":{"index":"index","follow":"follow","max-snippet":"max-snippet:-1","max-image-preview":"max-image-preview:large","max-video-preview":"max-video-preview:-1"},"canonical":"https:\/\/verdascagroup.com\/fr\/produit\/manilha-normal-armada-2-4-mt\/","og_locale":"fr_FR","og_type":"article","og_title":"Manille normale\/arm\u00e9e 2,4 MT - Verdasca Group","og_description":"Transport des eaux us\u00e9es, des eaux pluviales et des eaux de surface par gravit\u00e9 ou parfois \u00e0 basse pression, dans des canalisations g\u00e9n\u00e9ralement enterr\u00e9es.","og_url":"https:\/\/verdascagroup.com\/fr\/produit\/manilha-normal-armada-2-4-mt\/","og_site_name":"Verdasca Group","article_modified_time":"2025-08-21T23:41:44+00:00","og_image":[{"width":1280,"height":1280,"url":"https:\/\/verdascagroup.com\/wp-content\/uploads\/2025\/07\/Manilha-NormalArmada-Fibra-Metalica-24-metros.webp","type":"image\/webp"}],"twitter_card":"summary_large_image","schema":{"@context":"https:\/\/schema.org","@graph":[{"@type":"WebPage","@id":"https:\/\/verdascagroup.com\/fr\/produit\/manilha-normal-armada-2-4-mt\/","url":"https:\/\/verdascagroup.com\/fr\/produit\/manilha-normal-armada-2-4-mt\/","name":"Manille normale\/arm\u00e9e 2,4 MT - Verdasca Group","isPartOf":{"@id":"https:\/\/verdascagroup.com\/fr\/#website"},"primaryImageOfPage":{"@id":"https:\/\/verdascagroup.com\/fr\/produit\/manilha-normal-armada-2-4-mt\/#primaryimage"},"image":{"@id":"https:\/\/verdascagroup.com\/fr\/produit\/manilha-normal-armada-2-4-mt\/#primaryimage"},"thumbnailUrl":"https:\/\/verdascagroup.com\/wp-content\/uploads\/2025\/07\/Manilha-NormalArmada-Fibra-Metalica-24-metros.webp","datePublished":"2025-07-30T14:46:22+00:00","dateModified":"2025-08-21T23:41:44+00:00","breadcrumb":{"@id":"https:\/\/verdascagroup.com\/fr\/produit\/manilha-normal-armada-2-4-mt\/#breadcrumb"},"inLanguage":"fr-FR","potentialAction":[{"@type":"ReadAction","target":["https:\/\/verdascagroup.com\/fr\/produit\/manilha-normal-armada-2-4-mt\/"]}]},{"@type":"ImageObject","inLanguage":"fr-FR","@id":"https:\/\/verdascagroup.com\/fr\/produit\/manilha-normal-armada-2-4-mt\/#primaryimage","url":"https:\/\/verdascagroup.com\/wp-content\/uploads\/2025\/07\/Manilha-NormalArmada-Fibra-Metalica-24-metros.webp","contentUrl":"https:\/\/verdascagroup.com\/wp-content\/uploads\/2025\/07\/Manilha-NormalArmada-Fibra-Metalica-24-metros.webp","width":1280,"height":1280},{"@type":"BreadcrumbList","@id":"https:\/\/verdascagroup.com\/fr\/produit\/manilha-normal-armada-2-4-mt\/#breadcrumb","itemListElement":[{"@type":"ListItem","position":1,"name":"In\u00edcio","item":"https:\/\/verdascagroup.com\/fr\/"},{"@type":"ListItem","position":2,"name":"Produits","item":"https:\/\/verdascagroup.com\/products\/"},{"@type":"ListItem","position":3,"name":"Manille normale\/arm\u00e9e 2,4 MT"}]},{"@type":"WebSite","@id":"https:\/\/verdascagroup.com\/fr\/#website","url":"https:\/\/verdascagroup.com\/fr\/","name":"Verdasca Group","description":"Verdasca Group, fornecedor e produtor de materiais \u00e0 base de bet\u00e3o pr\u00e9-fabricado e de bet\u00e3o.","potentialAction":[{"@type":"SearchAction","target":{"@type":"EntryPoint","urlTemplate":"https:\/\/verdascagroup.com\/fr\/?s={search_term_string}"},"query-input":{"@type":"PropertyValueSpecification","valueRequired":true,"valueName":"search_term_string"}}],"inLanguage":"fr-FR"}]}},"_links":{"self":[{"href":"https:\/\/verdascagroup.com\/fr\/wp-json\/wp\/v2\/product\/14187","targetHints":{"allow":["GET"]}}],"collection":[{"href":"https:\/\/verdascagroup.com\/fr\/wp-json\/wp\/v2\/product"}],"about":[{"href":"https:\/\/verdascagroup.com\/fr\/wp-json\/wp\/v2\/types\/product"}],"version-history":[{"count":1,"href":"https:\/\/verdascagroup.com\/fr\/wp-json\/wp\/v2\/product\/14187\/revisions"}],"predecessor-version":[{"id":19942,"href":"https:\/\/verdascagroup.com\/fr\/wp-json\/wp\/v2\/product\/14187\/revisions\/19942"}],"wp:featuredmedia":[{"embeddable":true,"href":"https:\/\/verdascagroup.com\/fr\/wp-json\/wp\/v2\/media\/14188"}],"wp:attachment":[{"href":"https:\/\/verdascagroup.com\/fr\/wp-json\/wp\/v2\/media?parent=14187"}],"wp:term":[{"taxonomy":"product_brand","embeddable":true,"href":"https:\/\/verdascagroup.com\/fr\/wp-json\/wp\/v2\/product_brand?post=14187"},{"taxonomy":"product_cat","embeddable":true,"href":"https:\/\/verdascagroup.com\/fr\/wp-json\/wp\/v2\/product_cat?post=14187"},{"taxonomy":"product_tag","embeddable":true,"href":"https:\/\/verdascagroup.com\/fr\/wp-json\/wp\/v2\/product_tag?post=14187"}],"curies":[{"name":"wp","href":"https:\/\/api.w.org\/{rel}","templated":true}]}}