{"id":14098,"date":"2025-08-01T15:17:02","date_gmt":"2025-08-01T15:17:02","guid":{"rendered":"https:\/\/verdascagroup.com\/produto\/brita-2-6\/"},"modified":"2025-08-25T10:41:37","modified_gmt":"2025-08-25T10:41:37","slug":"brita-2-6","status":"publish","type":"product","link":"https:\/\/verdascagroup.com\/fr\/produit\/brita-2-6\/","title":{"rendered":"Gravier 2\/6"},"content":{"rendered":"<ul>\n<li><strong>Utilisation<\/strong> : B\u00e9ton pour b\u00e2timents, routes et autres travaux de g\u00e9nie civil ; m\u00e9langes bitumineux ; autres travaux.<\/li>\n<li><strong>Caract\u00e9ristiques du produit :<\/strong> Agr\u00e9gat de calcaire avec granulom\u00e9trie de 2 \u00e0 6 mm, exempt d&rsquo;argile.<\/li>\n<li><strong>Informations techniques :<\/strong> Gravier calcaire 2\/6 avec marquage CE, conform\u00e9ment aux normes EN 12620, EN 13043, EN 13242.<\/li>\n<\/ul>\n","protected":false},"excerpt":{"rendered":"<ul>\n<li><strong>Utilisation<\/strong> : B\u00e9ton pour b\u00e2timents, routes et autres travaux de g\u00e9nie civil ; m\u00e9langes bitumineux ; autres travaux.<\/li>\n<li><strong>Caract\u00e9ristiques du produit :<\/strong> Agr\u00e9gat de calcaire avec granulom\u00e9trie de 2 \u00e0 6 mm, exempt d&rsquo;argile.<\/li>\n<li><strong>Informations techniques :<\/strong> Gravier calcaire 2\/6 avec marquage CE, conform\u00e9ment aux normes EN 12620, EN 13043, EN 13242.<\/li>\n<\/ul>\n","protected":false},"featured_media":14099,"template":"","meta":[],"product_brand":[],"product_cat":[495,496],"product_tag":[],"class_list":{"0":"post-14098","1":"product","2":"type-product","3":"status-publish","4":"has-post-thumbnail","6":"product_cat-granulats","7":"product_cat-grave-concassee","9":"first","10":"instock","11":"shipping-taxable","12":"product-type-simple"},"yoast_head":"<!-- This site is optimized with the Yoast SEO plugin v27.4 - https:\/\/yoast.com\/product\/yoast-seo-wordpress\/ -->\n<title>Gravier 2\/6 - Verdasca Group<\/title>\n<meta name=\"robots\" content=\"index, follow, max-snippet:-1, max-image-preview:large, max-video-preview:-1\" \/>\n<link rel=\"canonical\" href=\"https:\/\/verdascagroup.com\/fr\/produit\/brita-2-6\/\" \/>\n<meta property=\"og:locale\" content=\"fr_FR\" \/>\n<meta property=\"og:type\" content=\"article\" \/>\n<meta property=\"og:title\" content=\"Gravier 2\/6 - Verdasca Group\" \/>\n<meta property=\"og:description\" content=\"Utilisation : B\u00e9ton pour b\u00e2timents, routes et autres travaux de g\u00e9nie civil ; m\u00e9langes bitumineux ; autres travaux.  Caract\u00e9ristiques du produit : Agr\u00e9gat de calcaire avec granulom\u00e9trie de 2 \u00e0 6 mm, exempt d&#039;argile.  Informations techniques : Gravier calcaire 2\/6 avec marquage CE, conform\u00e9ment aux normes EN 12620, EN 13043, EN 13242.\" \/>\n<meta property=\"og:url\" content=\"https:\/\/verdascagroup.com\/fr\/produit\/brita-2-6\/\" \/>\n<meta property=\"og:site_name\" content=\"Verdasca Group\" \/>\n<meta property=\"article:modified_time\" content=\"2025-08-25T10:41:37+00:00\" \/>\n<meta property=\"og:image\" content=\"https:\/\/verdascagroup.com\/wp-content\/uploads\/2025\/08\/BRITA02_6.webp\" \/>\n\t<meta property=\"og:image:width\" content=\"1280\" \/>\n\t<meta property=\"og:image:height\" content=\"1280\" \/>\n\t<meta property=\"og:image:type\" content=\"image\/webp\" \/>\n<meta name=\"twitter:card\" content=\"summary_large_image\" \/>\n<meta name=\"twitter:label1\" content=\"Dur\u00e9e de lecture estim\u00e9e\" \/>\n\t<meta name=\"twitter:data1\" content=\"1 minute\" \/>\n<script type=\"application\/ld+json\" class=\"yoast-schema-graph\">{\"@context\":\"https:\\\/\\\/schema.org\",\"@graph\":[{\"@type\":\"WebPage\",\"@id\":\"https:\\\/\\\/verdascagroup.com\\\/fr\\\/produit\\\/brita-2-6\\\/\",\"url\":\"https:\\\/\\\/verdascagroup.com\\\/fr\\\/produit\\\/brita-2-6\\\/\",\"name\":\"Gravier 2\\\/6 - Verdasca Group\",\"isPartOf\":{\"@id\":\"https:\\\/\\\/verdascagroup.com\\\/fr\\\/#website\"},\"primaryImageOfPage\":{\"@id\":\"https:\\\/\\\/verdascagroup.com\\\/fr\\\/produit\\\/brita-2-6\\\/#primaryimage\"},\"image\":{\"@id\":\"https:\\\/\\\/verdascagroup.com\\\/fr\\\/produit\\\/brita-2-6\\\/#primaryimage\"},\"thumbnailUrl\":\"https:\\\/\\\/verdascagroup.com\\\/wp-content\\\/uploads\\\/2025\\\/08\\\/BRITA02_6.webp\",\"datePublished\":\"2025-08-01T15:17:02+00:00\",\"dateModified\":\"2025-08-25T10:41:37+00:00\",\"breadcrumb\":{\"@id\":\"https:\\\/\\\/verdascagroup.com\\\/fr\\\/produit\\\/brita-2-6\\\/#breadcrumb\"},\"inLanguage\":\"fr-FR\",\"potentialAction\":[{\"@type\":\"ReadAction\",\"target\":[\"https:\\\/\\\/verdascagroup.com\\\/fr\\\/produit\\\/brita-2-6\\\/\"]}]},{\"@type\":\"ImageObject\",\"inLanguage\":\"fr-FR\",\"@id\":\"https:\\\/\\\/verdascagroup.com\\\/fr\\\/produit\\\/brita-2-6\\\/#primaryimage\",\"url\":\"https:\\\/\\\/verdascagroup.com\\\/wp-content\\\/uploads\\\/2025\\\/08\\\/BRITA02_6.webp\",\"contentUrl\":\"https:\\\/\\\/verdascagroup.com\\\/wp-content\\\/uploads\\\/2025\\\/08\\\/BRITA02_6.webp\",\"width\":1280,\"height\":1280},{\"@type\":\"BreadcrumbList\",\"@id\":\"https:\\\/\\\/verdascagroup.com\\\/fr\\\/produit\\\/brita-2-6\\\/#breadcrumb\",\"itemListElement\":[{\"@type\":\"ListItem\",\"position\":1,\"name\":\"In\u00edcio\",\"item\":\"https:\\\/\\\/verdascagroup.com\\\/fr\\\/\"},{\"@type\":\"ListItem\",\"position\":2,\"name\":\"Produits\",\"item\":\"https:\\\/\\\/verdascagroup.com\\\/products\\\/\"},{\"@type\":\"ListItem\",\"position\":3,\"name\":\"Gravier 2\\\/6\"}]},{\"@type\":\"WebSite\",\"@id\":\"https:\\\/\\\/verdascagroup.com\\\/fr\\\/#website\",\"url\":\"https:\\\/\\\/verdascagroup.com\\\/fr\\\/\",\"name\":\"Verdasca Group\",\"description\":\"Verdasca Group, fornecedor e produtor de materiais \u00e0 base de bet\u00e3o pr\u00e9-fabricado e de bet\u00e3o.\",\"potentialAction\":[{\"@type\":\"SearchAction\",\"target\":{\"@type\":\"EntryPoint\",\"urlTemplate\":\"https:\\\/\\\/verdascagroup.com\\\/fr\\\/?s={search_term_string}\"},\"query-input\":{\"@type\":\"PropertyValueSpecification\",\"valueRequired\":true,\"valueName\":\"search_term_string\"}}],\"inLanguage\":\"fr-FR\"}]}<\/script>\n<!-- \/ Yoast SEO plugin. -->","yoast_head_json":{"title":"Gravier 2\/6 - Verdasca Group","robots":{"index":"index","follow":"follow","max-snippet":"max-snippet:-1","max-image-preview":"max-image-preview:large","max-video-preview":"max-video-preview:-1"},"canonical":"https:\/\/verdascagroup.com\/fr\/produit\/brita-2-6\/","og_locale":"fr_FR","og_type":"article","og_title":"Gravier 2\/6 - Verdasca Group","og_description":"Utilisation : B\u00e9ton pour b\u00e2timents, routes et autres travaux de g\u00e9nie civil ; m\u00e9langes bitumineux ; autres travaux.  Caract\u00e9ristiques du produit : Agr\u00e9gat de calcaire avec granulom\u00e9trie de 2 \u00e0 6 mm, exempt d'argile.  Informations techniques : Gravier calcaire 2\/6 avec marquage CE, conform\u00e9ment aux normes EN 12620, EN 13043, EN 13242.","og_url":"https:\/\/verdascagroup.com\/fr\/produit\/brita-2-6\/","og_site_name":"Verdasca Group","article_modified_time":"2025-08-25T10:41:37+00:00","og_image":[{"width":1280,"height":1280,"url":"https:\/\/verdascagroup.com\/wp-content\/uploads\/2025\/08\/BRITA02_6.webp","type":"image\/webp"}],"twitter_card":"summary_large_image","twitter_misc":{"Dur\u00e9e de lecture estim\u00e9e":"1 minute"},"schema":{"@context":"https:\/\/schema.org","@graph":[{"@type":"WebPage","@id":"https:\/\/verdascagroup.com\/fr\/produit\/brita-2-6\/","url":"https:\/\/verdascagroup.com\/fr\/produit\/brita-2-6\/","name":"Gravier 2\/6 - Verdasca Group","isPartOf":{"@id":"https:\/\/verdascagroup.com\/fr\/#website"},"primaryImageOfPage":{"@id":"https:\/\/verdascagroup.com\/fr\/produit\/brita-2-6\/#primaryimage"},"image":{"@id":"https:\/\/verdascagroup.com\/fr\/produit\/brita-2-6\/#primaryimage"},"thumbnailUrl":"https:\/\/verdascagroup.com\/wp-content\/uploads\/2025\/08\/BRITA02_6.webp","datePublished":"2025-08-01T15:17:02+00:00","dateModified":"2025-08-25T10:41:37+00:00","breadcrumb":{"@id":"https:\/\/verdascagroup.com\/fr\/produit\/brita-2-6\/#breadcrumb"},"inLanguage":"fr-FR","potentialAction":[{"@type":"ReadAction","target":["https:\/\/verdascagroup.com\/fr\/produit\/brita-2-6\/"]}]},{"@type":"ImageObject","inLanguage":"fr-FR","@id":"https:\/\/verdascagroup.com\/fr\/produit\/brita-2-6\/#primaryimage","url":"https:\/\/verdascagroup.com\/wp-content\/uploads\/2025\/08\/BRITA02_6.webp","contentUrl":"https:\/\/verdascagroup.com\/wp-content\/uploads\/2025\/08\/BRITA02_6.webp","width":1280,"height":1280},{"@type":"BreadcrumbList","@id":"https:\/\/verdascagroup.com\/fr\/produit\/brita-2-6\/#breadcrumb","itemListElement":[{"@type":"ListItem","position":1,"name":"In\u00edcio","item":"https:\/\/verdascagroup.com\/fr\/"},{"@type":"ListItem","position":2,"name":"Produits","item":"https:\/\/verdascagroup.com\/products\/"},{"@type":"ListItem","position":3,"name":"Gravier 2\/6"}]},{"@type":"WebSite","@id":"https:\/\/verdascagroup.com\/fr\/#website","url":"https:\/\/verdascagroup.com\/fr\/","name":"Verdasca Group","description":"Verdasca Group, fornecedor e produtor de materiais \u00e0 base de bet\u00e3o pr\u00e9-fabricado e de bet\u00e3o.","potentialAction":[{"@type":"SearchAction","target":{"@type":"EntryPoint","urlTemplate":"https:\/\/verdascagroup.com\/fr\/?s={search_term_string}"},"query-input":{"@type":"PropertyValueSpecification","valueRequired":true,"valueName":"search_term_string"}}],"inLanguage":"fr-FR"}]}},"_links":{"self":[{"href":"https:\/\/verdascagroup.com\/fr\/wp-json\/wp\/v2\/product\/14098","targetHints":{"allow":["GET"]}}],"collection":[{"href":"https:\/\/verdascagroup.com\/fr\/wp-json\/wp\/v2\/product"}],"about":[{"href":"https:\/\/verdascagroup.com\/fr\/wp-json\/wp\/v2\/types\/product"}],"version-history":[{"count":4,"href":"https:\/\/verdascagroup.com\/fr\/wp-json\/wp\/v2\/product\/14098\/revisions"}],"predecessor-version":[{"id":21310,"href":"https:\/\/verdascagroup.com\/fr\/wp-json\/wp\/v2\/product\/14098\/revisions\/21310"}],"wp:featuredmedia":[{"embeddable":true,"href":"https:\/\/verdascagroup.com\/fr\/wp-json\/wp\/v2\/media\/14099"}],"wp:attachment":[{"href":"https:\/\/verdascagroup.com\/fr\/wp-json\/wp\/v2\/media?parent=14098"}],"wp:term":[{"taxonomy":"product_brand","embeddable":true,"href":"https:\/\/verdascagroup.com\/fr\/wp-json\/wp\/v2\/product_brand?post=14098"},{"taxonomy":"product_cat","embeddable":true,"href":"https:\/\/verdascagroup.com\/fr\/wp-json\/wp\/v2\/product_cat?post=14098"},{"taxonomy":"product_tag","embeddable":true,"href":"https:\/\/verdascagroup.com\/fr\/wp-json\/wp\/v2\/product_tag?post=14098"}],"curies":[{"name":"wp","href":"https:\/\/api.w.org\/{rel}","templated":true}]}}