{"id":14075,"date":"2025-08-05T08:25:25","date_gmt":"2025-08-05T08:25:25","guid":{"rendered":"https:\/\/verdascagroup.com\/produto\/rc-590\/"},"modified":"2025-08-25T10:28:20","modified_gmt":"2025-08-25T10:28:20","slug":"rc-590","status":"publish","type":"product","link":"https:\/\/verdascagroup.com\/fr\/produit\/rc-590\/","title":{"rendered":"RC 590"},"content":{"rendered":"<ul>\n<li><strong>Utilisation :<\/strong> Production de mortiers sp\u00e9ciaux, de m\u00e9langes bitumineux et de b\u00e9ton.<\/li>\n<li><strong>Caract\u00e9ristiques : <\/strong>Pour une meilleure r\u00e9sistance et durabilit\u00e9, haute puret\u00e9, excellente teneur en fines.<\/li>\n<li><strong>Informations techniques :<\/strong> Contr\u00f4le granulom\u00e9trique strict, stabilit\u00e9 chimique.<\/li>\n<\/ul>\n<p>&amp;nbsp;<\/p>\n<p>&amp;nbsp;<\/p>\n<p>&amp;nbsp;<\/p>\n","protected":false},"excerpt":{"rendered":"<ul>\n<li><strong>Utilisation :<\/strong> Production de mortiers sp\u00e9ciaux, de m\u00e9langes bitumineux et de b\u00e9ton.<\/li>\n<li><strong>Caract\u00e9ristiques : <\/strong>Pour une meilleure r\u00e9sistance et durabilit\u00e9, haute puret\u00e9, excellente teneur en fines.<\/li>\n<li><strong>Informations techniques :<\/strong> Contr\u00f4le granulom\u00e9trique strict, stabilit\u00e9 chimique.<\/li>\n<\/ul>\n<p>&amp;nbsp;<\/p>\n","protected":false},"featured_media":14077,"template":"","meta":[],"product_brand":[],"product_cat":[495,497],"product_tag":[],"class_list":{"0":"post-14075","1":"product","2":"type-product","3":"status-publish","4":"has-post-thumbnail","6":"product_cat-granulats","7":"product_cat-remblai-fin","9":"first","10":"instock","11":"shipping-taxable","12":"product-type-simple"},"yoast_head":"<!-- This site is optimized with the Yoast SEO plugin v26.7 - https:\/\/yoast.com\/wordpress\/plugins\/seo\/ -->\n<title>RC 590 - Verdasca Group<\/title>\n<meta name=\"robots\" content=\"index, follow, max-snippet:-1, max-image-preview:large, max-video-preview:-1\" \/>\n<link rel=\"canonical\" href=\"https:\/\/verdascagroup.com\/fr\/produit\/rc-590\/\" \/>\n<meta property=\"og:locale\" content=\"fr_FR\" \/>\n<meta property=\"og:type\" content=\"article\" \/>\n<meta property=\"og:title\" content=\"RC 590 - Verdasca Group\" \/>\n<meta property=\"og:description\" content=\"Utilisation : Production de mortiers sp\u00e9ciaux, de m\u00e9langes bitumineux et de b\u00e9ton.  Caract\u00e9ristiques : Pour une meilleure r\u00e9sistance et durabilit\u00e9, haute puret\u00e9, excellente teneur en fines.  Informations techniques : Contr\u00f4le granulom\u00e9trique strict, stabilit\u00e9 chimique.  &amp;nbsp;\" \/>\n<meta property=\"og:url\" content=\"https:\/\/verdascagroup.com\/fr\/produit\/rc-590\/\" \/>\n<meta property=\"og:site_name\" content=\"Verdasca Group\" \/>\n<meta property=\"article:modified_time\" content=\"2025-08-25T10:28:20+00:00\" \/>\n<meta property=\"og:image\" content=\"https:\/\/verdascagroup.com\/wp-content\/uploads\/2025\/08\/RC_590-1.webp\" \/>\n\t<meta property=\"og:image:width\" content=\"1280\" \/>\n\t<meta property=\"og:image:height\" content=\"1280\" \/>\n\t<meta property=\"og:image:type\" content=\"image\/webp\" \/>\n<meta name=\"twitter:card\" content=\"summary_large_image\" \/>\n<meta name=\"twitter:label1\" content=\"Dur\u00e9e de lecture estim\u00e9e\" \/>\n\t<meta name=\"twitter:data1\" content=\"1 minute\" \/>\n<script type=\"application\/ld+json\" class=\"yoast-schema-graph\">{\"@context\":\"https:\/\/schema.org\",\"@graph\":[{\"@type\":\"WebPage\",\"@id\":\"https:\/\/verdascagroup.com\/fr\/produit\/rc-590\/\",\"url\":\"https:\/\/verdascagroup.com\/fr\/produit\/rc-590\/\",\"name\":\"RC 590 - Verdasca Group\",\"isPartOf\":{\"@id\":\"https:\/\/verdascagroup.com\/fr\/#website\"},\"primaryImageOfPage\":{\"@id\":\"https:\/\/verdascagroup.com\/fr\/produit\/rc-590\/#primaryimage\"},\"image\":{\"@id\":\"https:\/\/verdascagroup.com\/fr\/produit\/rc-590\/#primaryimage\"},\"thumbnailUrl\":\"https:\/\/verdascagroup.com\/wp-content\/uploads\/2025\/08\/RC_590-1.webp\",\"datePublished\":\"2025-08-05T08:25:25+00:00\",\"dateModified\":\"2025-08-25T10:28:20+00:00\",\"breadcrumb\":{\"@id\":\"https:\/\/verdascagroup.com\/fr\/produit\/rc-590\/#breadcrumb\"},\"inLanguage\":\"fr-FR\",\"potentialAction\":[{\"@type\":\"ReadAction\",\"target\":[\"https:\/\/verdascagroup.com\/fr\/produit\/rc-590\/\"]}]},{\"@type\":\"ImageObject\",\"inLanguage\":\"fr-FR\",\"@id\":\"https:\/\/verdascagroup.com\/fr\/produit\/rc-590\/#primaryimage\",\"url\":\"https:\/\/verdascagroup.com\/wp-content\/uploads\/2025\/08\/RC_590-1.webp\",\"contentUrl\":\"https:\/\/verdascagroup.com\/wp-content\/uploads\/2025\/08\/RC_590-1.webp\",\"width\":1280,\"height\":1280},{\"@type\":\"BreadcrumbList\",\"@id\":\"https:\/\/verdascagroup.com\/fr\/produit\/rc-590\/#breadcrumb\",\"itemListElement\":[{\"@type\":\"ListItem\",\"position\":1,\"name\":\"In\u00edcio\",\"item\":\"https:\/\/verdascagroup.com\/fr\/\"},{\"@type\":\"ListItem\",\"position\":2,\"name\":\"Produits\",\"item\":\"https:\/\/verdascagroup.com\/products\/\"},{\"@type\":\"ListItem\",\"position\":3,\"name\":\"RC 590\"}]},{\"@type\":\"WebSite\",\"@id\":\"https:\/\/verdascagroup.com\/fr\/#website\",\"url\":\"https:\/\/verdascagroup.com\/fr\/\",\"name\":\"Verdasca Group\",\"description\":\"Verdasca Group, fornecedor e produtor de materiais \u00e0 base de bet\u00e3o pr\u00e9-fabricado e de bet\u00e3o.\",\"potentialAction\":[{\"@type\":\"SearchAction\",\"target\":{\"@type\":\"EntryPoint\",\"urlTemplate\":\"https:\/\/verdascagroup.com\/fr\/?s={search_term_string}\"},\"query-input\":{\"@type\":\"PropertyValueSpecification\",\"valueRequired\":true,\"valueName\":\"search_term_string\"}}],\"inLanguage\":\"fr-FR\"}]}<\/script>\n<!-- \/ Yoast SEO plugin. -->","yoast_head_json":{"title":"RC 590 - Verdasca Group","robots":{"index":"index","follow":"follow","max-snippet":"max-snippet:-1","max-image-preview":"max-image-preview:large","max-video-preview":"max-video-preview:-1"},"canonical":"https:\/\/verdascagroup.com\/fr\/produit\/rc-590\/","og_locale":"fr_FR","og_type":"article","og_title":"RC 590 - Verdasca Group","og_description":"Utilisation : Production de mortiers sp\u00e9ciaux, de m\u00e9langes bitumineux et de b\u00e9ton.  Caract\u00e9ristiques : Pour une meilleure r\u00e9sistance et durabilit\u00e9, haute puret\u00e9, excellente teneur en fines.  Informations techniques : Contr\u00f4le granulom\u00e9trique strict, stabilit\u00e9 chimique.  &amp;nbsp;","og_url":"https:\/\/verdascagroup.com\/fr\/produit\/rc-590\/","og_site_name":"Verdasca Group","article_modified_time":"2025-08-25T10:28:20+00:00","og_image":[{"width":1280,"height":1280,"url":"https:\/\/verdascagroup.com\/wp-content\/uploads\/2025\/08\/RC_590-1.webp","type":"image\/webp"}],"twitter_card":"summary_large_image","twitter_misc":{"Dur\u00e9e de lecture estim\u00e9e":"1 minute"},"schema":{"@context":"https:\/\/schema.org","@graph":[{"@type":"WebPage","@id":"https:\/\/verdascagroup.com\/fr\/produit\/rc-590\/","url":"https:\/\/verdascagroup.com\/fr\/produit\/rc-590\/","name":"RC 590 - Verdasca Group","isPartOf":{"@id":"https:\/\/verdascagroup.com\/fr\/#website"},"primaryImageOfPage":{"@id":"https:\/\/verdascagroup.com\/fr\/produit\/rc-590\/#primaryimage"},"image":{"@id":"https:\/\/verdascagroup.com\/fr\/produit\/rc-590\/#primaryimage"},"thumbnailUrl":"https:\/\/verdascagroup.com\/wp-content\/uploads\/2025\/08\/RC_590-1.webp","datePublished":"2025-08-05T08:25:25+00:00","dateModified":"2025-08-25T10:28:20+00:00","breadcrumb":{"@id":"https:\/\/verdascagroup.com\/fr\/produit\/rc-590\/#breadcrumb"},"inLanguage":"fr-FR","potentialAction":[{"@type":"ReadAction","target":["https:\/\/verdascagroup.com\/fr\/produit\/rc-590\/"]}]},{"@type":"ImageObject","inLanguage":"fr-FR","@id":"https:\/\/verdascagroup.com\/fr\/produit\/rc-590\/#primaryimage","url":"https:\/\/verdascagroup.com\/wp-content\/uploads\/2025\/08\/RC_590-1.webp","contentUrl":"https:\/\/verdascagroup.com\/wp-content\/uploads\/2025\/08\/RC_590-1.webp","width":1280,"height":1280},{"@type":"BreadcrumbList","@id":"https:\/\/verdascagroup.com\/fr\/produit\/rc-590\/#breadcrumb","itemListElement":[{"@type":"ListItem","position":1,"name":"In\u00edcio","item":"https:\/\/verdascagroup.com\/fr\/"},{"@type":"ListItem","position":2,"name":"Produits","item":"https:\/\/verdascagroup.com\/products\/"},{"@type":"ListItem","position":3,"name":"RC 590"}]},{"@type":"WebSite","@id":"https:\/\/verdascagroup.com\/fr\/#website","url":"https:\/\/verdascagroup.com\/fr\/","name":"Verdasca Group","description":"Verdasca Group, fornecedor e produtor de materiais \u00e0 base de bet\u00e3o pr\u00e9-fabricado e de bet\u00e3o.","potentialAction":[{"@type":"SearchAction","target":{"@type":"EntryPoint","urlTemplate":"https:\/\/verdascagroup.com\/fr\/?s={search_term_string}"},"query-input":{"@type":"PropertyValueSpecification","valueRequired":true,"valueName":"search_term_string"}}],"inLanguage":"fr-FR"}]}},"_links":{"self":[{"href":"https:\/\/verdascagroup.com\/fr\/wp-json\/wp\/v2\/product\/14075","targetHints":{"allow":["GET"]}}],"collection":[{"href":"https:\/\/verdascagroup.com\/fr\/wp-json\/wp\/v2\/product"}],"about":[{"href":"https:\/\/verdascagroup.com\/fr\/wp-json\/wp\/v2\/types\/product"}],"version-history":[{"count":4,"href":"https:\/\/verdascagroup.com\/fr\/wp-json\/wp\/v2\/product\/14075\/revisions"}],"predecessor-version":[{"id":21302,"href":"https:\/\/verdascagroup.com\/fr\/wp-json\/wp\/v2\/product\/14075\/revisions\/21302"}],"wp:featuredmedia":[{"embeddable":true,"href":"https:\/\/verdascagroup.com\/fr\/wp-json\/wp\/v2\/media\/14077"}],"wp:attachment":[{"href":"https:\/\/verdascagroup.com\/fr\/wp-json\/wp\/v2\/media?parent=14075"}],"wp:term":[{"taxonomy":"product_brand","embeddable":true,"href":"https:\/\/verdascagroup.com\/fr\/wp-json\/wp\/v2\/product_brand?post=14075"},{"taxonomy":"product_cat","embeddable":true,"href":"https:\/\/verdascagroup.com\/fr\/wp-json\/wp\/v2\/product_cat?post=14075"},{"taxonomy":"product_tag","embeddable":true,"href":"https:\/\/verdascagroup.com\/fr\/wp-json\/wp\/v2\/product_tag?post=14075"}],"curies":[{"name":"wp","href":"https:\/\/api.w.org\/{rel}","templated":true}]}}