{"id":18029,"date":"2025-07-08T09:47:31","date_gmt":"2025-07-08T09:47:31","guid":{"rendered":"https:\/\/verdascagroup.com\/politica-de-privacidade-e-protecao-de-dados\/"},"modified":"2025-08-19T11:16:29","modified_gmt":"2025-08-19T11:16:29","slug":"politique-de-confidentialite-et-de-protection-des-donnees","status":"publish","type":"page","link":"https:\/\/verdascagroup.com\/fr\/politique-de-confidentialite-et-de-protection-des-donnees\/","title":{"rendered":"Politique de Confidentialit\u00e9 et de Protection des Donn\u00e9es"},"content":{"rendered":"\t\t<div data-elementor-type=\"wp-page\" data-elementor-id=\"18029\" class=\"elementor elementor-18029 elementor-3\" data-elementor-post-type=\"page\">\n\t\t\t\t<div class=\"wd-negative-gap elementor-element elementor-element-2e6de848 e-flex e-con-boxed e-con e-parent\" data-id=\"2e6de848\" data-element_type=\"container\" data-settings=\"{&quot;jet_parallax_layout_list&quot;:[]}\">\n\t\t\t\t\t<div class=\"e-con-inner\">\n\t\t\t\t<div class=\"elementor-element elementor-element-b2a9f01 color-scheme-inherit text-left elementor-widget elementor-widget-text-editor\" data-id=\"b2a9f01\" data-element_type=\"widget\" data-widget_type=\"text-editor.default\">\n\t\t\t\t\t\t\t\t\t<p data-start=\"52\" data-end=\"74\"><strong data-start=\"52\" data-end=\"72\">I &#8211; INTRODUCTION<\/strong><\/p>\n<p data-start=\"76\" data-end=\"451\">Le Groupe Verdasca s\u2019engage \u00e0 prot\u00e9ger la vie priv\u00e9e et les donn\u00e9es personnelles des utilisateurs de son site web. Cette politique de confidentialit\u00e9 d\u00e9crit comment nous collectons, utilisons, stockons et prot\u00e9geons vos donn\u00e9es personnelles, conform\u00e9ment au R\u00e8glement g\u00e9n\u00e9ral sur la protection des donn\u00e9es (R\u00e8glement (UE) 2016\/679, \u00ab RGPD \u00bb) et \u00e0 la l\u00e9gislation applicable.<\/p>\n<p data-start=\"453\" data-end=\"583\">En utilisant notre site web, l\u2019utilisateur consent \u00e0 la collecte et au traitement de ses donn\u00e9es conform\u00e9ment \u00e0 cette politique.<\/p>\n<p data-start=\"585\" data-end=\"621\"><strong data-start=\"585\" data-end=\"619\">II \u2013 RESPONSABLE DU TRAITEMENT<\/strong><\/p>\n<p data-start=\"623\" data-end=\"680\">L\u2019entit\u00e9 responsable du traitement de vos donn\u00e9es est :<\/p>\n<p data-start=\"682\" data-end=\"802\">Verdasca &amp; Verdasca, S.A.<br data-start=\"707\" data-end=\"710\" \/>501820361<br data-start=\"719\" data-end=\"722\" \/>Rua de F\u00e1tima, n.\u00ba 3, Areias, 2490-124 Gondemaria<br data-start=\"771\" data-end=\"774\" \/><a class=\"decorated-link cursor-pointer\" rel=\"noopener\" data-start=\"774\" data-end=\"800\">verdasca@grupoverdasca.com<\/a><\/p>\n<p data-start=\"804\" data-end=\"835\"><strong data-start=\"804\" data-end=\"833\">III &#8211; CHAMP D\u2019APPLICATION<\/strong><\/p>\n<p data-start=\"837\" data-end=\"960\">Cette politique de confidentialit\u00e9 s\u2019applique \u00e0 toutes les donn\u00e9es personnelles collect\u00e9es via le site\u202fverdascagroup.com.<\/p>\n<p data-start=\"962\" data-end=\"1018\"><strong data-start=\"962\" data-end=\"1016\">IV &#8211; OBJECTIFS DU TRAITEMENT ET DONN\u00c9ES COLLECT\u00c9ES<\/strong><\/p>\n<p data-start=\"1020\" data-end=\"1074\">Les donn\u00e9es personnelles trait\u00e9es sur le site sont :<\/p>\n<ul data-start=\"1076\" data-end=\"1487\">\n<li data-start=\"1076\" data-end=\"1153\">\n<p data-start=\"1078\" data-end=\"1153\">Collect\u00e9es via le formulaire de contact : nom, e-mail, sujet et message ;<\/p>\n<\/li>\n<li data-start=\"1154\" data-end=\"1413\">\n<p data-start=\"1156\" data-end=\"1413\">Collect\u00e9es via le formulaire de contact \u2013 Candidature spontan\u00e9e : nom, adresse, code postal, ville, t\u00e9l\u00e9phone\/mobile, e-mail, date de naissance, \u00e9tat civil, formation acad\u00e9mique, formations compl\u00e9mentaires, exp\u00e9rience professionnelle et autres activit\u00e9s ;<\/p>\n<\/li>\n<li data-start=\"1414\" data-end=\"1487\">\n<p data-start=\"1416\" data-end=\"1487\">Obtenues via la navigation sur le site : adresse IP, type d\u2019appareil.<\/p>\n<\/li>\n<\/ul>\n<p data-start=\"1489\" data-end=\"1614\">Le Groupe Verdasca traitera les donn\u00e9es personnelles, de mani\u00e8re manuelle et\/ou automatis\u00e9e, pour les finalit\u00e9s suivantes :<\/p>\n<ul data-start=\"1616\" data-end=\"3812\">\n<li data-start=\"1616\" data-end=\"2004\">\n<p data-start=\"1618\" data-end=\"2004\"><strong data-start=\"1618\" data-end=\"1663\">Contacts commerciaux et institutionnels :<\/strong> Les donn\u00e9es collect\u00e9es sur ce site sont n\u00e9cessaires pour r\u00e9pondre aux clients potentiels ou partenaires institutionnels et servent au traitement et \u00e0 l\u2019information des parties concern\u00e9es. La fourniture des informations demand\u00e9es dans le formulaire de contact est obligatoire ; sans elles, les objectifs ci-dessus ne peuvent \u00eatre atteints.<\/p>\n<\/li>\n<li data-start=\"2005\" data-end=\"2415\">\n<p data-start=\"2007\" data-end=\"2415\"><strong data-start=\"2007\" data-end=\"2037\">Recrutement et s\u00e9lection :<\/strong> Les donn\u00e9es collect\u00e9es sur ce site sont n\u00e9cessaires pour la s\u00e9lection et le recrutement de collaborateurs pour le Groupe Verdasca et servent au traitement et \u00e0 l\u2019information des candidats potentiels. La fourniture des informations demand\u00e9es dans le formulaire de contact \u2013 Candidature spontan\u00e9e est obligatoire ; sans elles, les finalit\u00e9s ci-dessus ne peuvent \u00eatre atteintes.<\/p>\n<\/li>\n<li data-start=\"2416\" data-end=\"2987\">\n<p data-start=\"2418\" data-end=\"2987\"><strong data-start=\"2418\" data-end=\"2445\">D\u00e9finition de profils :<\/strong> Le Groupe Verdasca d\u00e9finit des profils sur la base des informations collect\u00e9es dans le formulaire de contact \u2013 Candidature spontan\u00e9e. Ces informations sont analys\u00e9es pour identifier le profil du candidat. Cette analyse permet au Groupe Verdasca d\u2019envoyer des opportunit\u00e9s d\u2019emploi personnalis\u00e9es adapt\u00e9es au profil de chaque candidat afin d\u2019am\u00e9liorer l\u2019exp\u00e9rience du candidat et la qualit\u00e9 du service fourni. La base l\u00e9gale de la collecte et de l\u2019utilisation de vos donn\u00e9es personnelles pour les finalit\u00e9s indiqu\u00e9es est votre consentement.<\/p>\n<\/li>\n<li data-start=\"2988\" data-end=\"3176\">\n<p data-start=\"2990\" data-end=\"3176\"><strong data-start=\"2990\" data-end=\"3020\">Optimisation du site web :<\/strong> Nous collectons une quantit\u00e9 limit\u00e9e de donn\u00e9es des utilisateurs de notre site pour am\u00e9liorer leur exp\u00e9rience et g\u00e9rer les services que nous fournissons.<\/p>\n<\/li>\n<li data-start=\"3177\" data-end=\"3812\">\n<p data-start=\"3179\" data-end=\"3629\"><strong data-start=\"3179\" data-end=\"3194\">Marketing :<\/strong> Si le client donne son consentement explicite lors de la cr\u00e9ation ou de la modification de son enregistrement, le Groupe Verdasca pourra traiter ses donn\u00e9es pour lui envoyer des informations sur ses produits, nouveaut\u00e9s, campagnes et offres, via tout canal de communication, y compris par e-mail ou autres moyens. Le consentement au traitement des donn\u00e9es personnelles \u00e0 des fins de marketing direct peut \u00eatre retir\u00e9 \u00e0 tout moment :<\/p>\n<ul data-start=\"3632\" data-end=\"3812\">\n<li data-start=\"3632\" data-end=\"3673\">\n<p data-start=\"3634\" data-end=\"3673\">via les param\u00e8tres du compte client ;<\/p>\n<\/li>\n<li data-start=\"3676\" data-end=\"3745\">\n<p data-start=\"3678\" data-end=\"3745\">en cliquant sur le lien \u00ab se d\u00e9sabonner \u00bb dans tout e-mail re\u00e7u ;<\/p>\n<\/li>\n<li data-start=\"3748\" data-end=\"3812\">\n<p data-start=\"3750\" data-end=\"3812\">en contactant l\u2019\u00e9quipe support \u00e0 <a class=\"decorated-link cursor-pointer\" rel=\"noopener\" data-start=\"3783\" data-end=\"3809\">verdasca@grupoverdasca.com<\/a>.<\/p>\n<\/li>\n<\/ul>\n<\/li>\n<\/ul>\n<p data-start=\"3814\" data-end=\"3848\"><strong data-start=\"3814\" data-end=\"3846\">V \u2013 CONSERVATION DES DONN\u00c9ES<\/strong><\/p>\n<p data-start=\"3850\" data-end=\"4026\">Les donn\u00e9es personnelles ne seront conserv\u00e9es que le temps n\u00e9cessaire pour atteindre les finalit\u00e9s pour lesquelles elles ont \u00e9t\u00e9 collect\u00e9es, sauf obligation l\u00e9gale contraire.<\/p>\n<p data-start=\"4028\" data-end=\"4051\"><strong data-start=\"4028\" data-end=\"4049\">VI &#8211; CONSENTEMENT<\/strong><\/p>\n<p data-start=\"4053\" data-end=\"4222\">En acceptant cette politique de confidentialit\u00e9, vous nous autorisez \u00e0 traiter vos donn\u00e9es personnelles sp\u00e9cifiquement pour les finalit\u00e9s identifi\u00e9es et s\u00e9lectionn\u00e9es.<\/p>\n<p data-start=\"4224\" data-end=\"4667\">Si le consentement est l\u00e9galement n\u00e9cessaire au traitement des donn\u00e9es personnelles, le titulaire des donn\u00e9es a le droit de retirer son consentement \u00e0 tout moment. Cela n\u2019affecte toutefois pas la l\u00e9galit\u00e9 du traitement bas\u00e9 sur le consentement pr\u00e9c\u00e9demment donn\u00e9 ni le traitement ult\u00e9rieur des m\u00eames donn\u00e9es bas\u00e9 sur une autre base l\u00e9gale, telle que l\u2019ex\u00e9cution d\u2019un contrat ou une obligation l\u00e9gale \u00e0 laquelle le Groupe Verdasca est soumis.<\/p>\n<p data-start=\"4669\" data-end=\"4794\">Pour retirer votre consentement, vous pouvez nous contacter par courrier, t\u00e9l\u00e9phone ou e-mail \u00e0 <a class=\"decorated-link cursor-pointer\" rel=\"noopener\" data-start=\"4765\" data-end=\"4791\">verdasca@grupoverdasca.com<\/a>.<\/p>\n<p data-start=\"4796\" data-end=\"4831\"><strong data-start=\"4796\" data-end=\"4829\">VII &#8211; DIVULGATION DES DONN\u00c9ES<\/strong><\/p>\n<p data-start=\"4833\" data-end=\"5312\">Le Groupe Verdasca peut communiquer des donn\u00e9es personnelles \u00e0 ses filiales qui sont de potentiels employeurs ou pour la prestation du service concern\u00e9. Ces entit\u00e9s s\u2019engagent \u00e0 traiter ces donn\u00e9es personnelles uniquement et exclusivement pour les finalit\u00e9s mentionn\u00e9es ci-dessus et selon les instructions re\u00e7ues, en respectant strictement les normes l\u00e9gales en mati\u00e8re de protection des donn\u00e9es personnelles, de s\u00e9curit\u00e9 de l\u2019information et autres r\u00e9glementations applicables.<\/p>\n<p data-start=\"5314\" data-end=\"5543\">Lorsque cela est justifi\u00e9, les donn\u00e9es peuvent \u00e9galement \u00eatre transmises aux soci\u00e9t\u00e9s du Groupe et aux autorit\u00e9s publiques (fiscales et douani\u00e8res, judiciaires, forces de police, etc.) afin de respecter des obligations l\u00e9gales.<\/p>\n<p data-start=\"5545\" data-end=\"5756\">Pour obtenir plus d\u2019informations sur les destinataires, vous pouvez nous contacter \u00e0 l\u2019adresse : Rua de F\u00e1tima n.\u00ba 3, Areias &#8211; 2490-124 Gondemaria, Our\u00e9m, Portugal ; ou par e-mail \u00e0 <a class=\"decorated-link cursor-pointer\" rel=\"noopener\" data-start=\"5727\" data-end=\"5753\">verdasca@grupoverdasca.com<\/a>.<\/p>\n<p data-start=\"5758\" data-end=\"5785\"><strong data-start=\"5758\" data-end=\"5783\">VIII &#8211; SOUS-TRAITANTS<\/strong><\/p>\n<p data-start=\"5787\" data-end=\"6216\">Le traitement des donn\u00e9es des utilisateurs peut \u00eatre effectu\u00e9 par un prestataire de services comp\u00e9tent, engag\u00e9 par le Groupe Verdasca. Ce prestataire traitera les donn\u00e9es exclusivement pour les finalit\u00e9s d\u00e9finies par le Groupe Verdasca et selon les instructions fournies, en strict respect des normes l\u00e9gales en mati\u00e8re de protection des donn\u00e9es personnelles, de s\u00e9curit\u00e9 de l\u2019information et autres r\u00e9glementations applicables.<\/p>\n<p data-start=\"6218\" data-end=\"6265\"><strong data-start=\"6218\" data-end=\"6263\">IX &#8211; TRANSFERTS INTERNATIONAUX DE DONN\u00c9ES<\/strong><\/p>\n<p data-start=\"6267\" data-end=\"6448\">Le Groupe Verdasca traitera les donn\u00e9es des utilisateurs au sein de l\u2019Espace \u00e9conomique europ\u00e9en (EEE) et n\u2019a pas l\u2019intention d\u2019effectuer des transferts internationaux de donn\u00e9es.<\/p>\n<p data-start=\"6450\" data-end=\"6491\"><strong data-start=\"6450\" data-end=\"6489\">X &#8211; DROITS DES PERSONNES CONCERN\u00c9ES<\/strong><\/p>\n<p data-start=\"6493\" data-end=\"6644\">\u00c0 tout moment, tant que le Groupe Verdasca d\u00e9tient et\/ou traite des donn\u00e9es personnelles, tous les utilisateurs peuvent exercer les droits suivants :<\/p>\n<ul data-start=\"6646\" data-end=\"7029\">\n<li data-start=\"6646\" data-end=\"6686\">\n<p data-start=\"6648\" data-end=\"6686\">Acc\u00e9der \u00e0 leurs donn\u00e9es personnelles<\/p>\n<\/li>\n<li data-start=\"6687\" data-end=\"6737\">\n<p data-start=\"6689\" data-end=\"6737\">Demander la rectification de donn\u00e9es inexactes<\/p>\n<\/li>\n<li data-start=\"6738\" data-end=\"6799\">\n<p data-start=\"6740\" data-end=\"6799\">Demander la suppression des donn\u00e9es (\u00ab droit \u00e0 l\u2019oubli \u00bb)<\/p>\n<\/li>\n<li data-start=\"6800\" data-end=\"6853\">\n<p data-start=\"6802\" data-end=\"6853\">S\u2019opposer au traitement ou demander sa limitation<\/p>\n<\/li>\n<li data-start=\"6854\" data-end=\"6893\">\n<p data-start=\"6856\" data-end=\"6893\">Demander la portabilit\u00e9 des donn\u00e9es<\/p>\n<\/li>\n<li data-start=\"6894\" data-end=\"6938\">\n<p data-start=\"6896\" data-end=\"6938\">Retirer leur consentement, si applicable<\/p>\n<\/li>\n<li data-start=\"6939\" data-end=\"7029\">\n<p data-start=\"6941\" data-end=\"7029\">D\u00e9poser une plainte aupr\u00e8s de la Commission Nationale de Protection des Donn\u00e9es (CNPD)<\/p>\n<\/li>\n<\/ul>\n<p data-start=\"7031\" data-end=\"7177\">Ces droits (\u00e0 l\u2019exception de ceux mentionn\u00e9s en VII) peuvent \u00eatre exerc\u00e9s par e-mail \u00e0 <a class=\"decorated-link cursor-pointer\" rel=\"noopener\" data-start=\"7118\" data-end=\"7144\">verdasca@grupoverdasca.com<\/a> ou par courrier recommand\u00e9 \u00e0 :<\/p>\n<p data-start=\"7179\" data-end=\"7276\">VERDASCA &amp; VERDASCA, S.A.<br data-start=\"7204\" data-end=\"7207\" \/>Rua de F\u00e1tima n.\u00ba 3, Areias<br data-start=\"7234\" data-end=\"7237\" \/>2490-124 Gondemaria, Our\u00e9m<br data-start=\"7263\" data-end=\"7266\" \/>Portugal<\/p>\n<p data-start=\"7278\" data-end=\"7297\"><strong data-start=\"7278\" data-end=\"7295\">XI &#8211; PLAINTES<\/strong><\/p>\n<p data-start=\"7299\" data-end=\"7592\">Si vous souhaitez d\u00e9poser une plainte concernant la mani\u00e8re dont vos donn\u00e9es personnelles sont trait\u00e9es par le Groupe Verdasca ou la mani\u00e8re dont votre plainte a \u00e9t\u00e9 trait\u00e9e, vous avez le droit de d\u00e9poser une plainte directement aupr\u00e8s de l\u2019autorit\u00e9 de contr\u00f4le et aupr\u00e8s du Groupe Verdasca.<\/p>\n<p data-start=\"7594\" data-end=\"7616\">Contacts du Groupe :<\/p>\n<p data-start=\"7618\" data-end=\"7715\">VERDASCA &amp; VERDASCA, S.A.<br data-start=\"7643\" data-end=\"7646\" \/>Rua de F\u00e1tima n.\u00ba 3, Areias<br data-start=\"7673\" data-end=\"7676\" \/>2490-124 Gondemaria, Our\u00e9m<br data-start=\"7702\" data-end=\"7705\" \/>Portugal<\/p>\n<p data-start=\"7717\" data-end=\"7749\"><strong data-start=\"7717\" data-end=\"7747\">XII &#8211; DONN\u00c9ES OBLIGATOIRES<\/strong><\/p>\n<p data-start=\"7751\" data-end=\"8014\">Les donn\u00e9es incluses dans l\u2019enregistrement client ou le formulaire de contact, identifi\u00e9es par un ast\u00e9risque (*), sont obligatoires pour atteindre la finalit\u00e9 indiqu\u00e9e. Si l\u2019utilisateur ne les fournit pas, le Groupe Verdasca ne pourra pas r\u00e9pondre \u00e0 sa demande.<\/p>\n<p data-start=\"8016\" data-end=\"8075\"><strong data-start=\"8016\" data-end=\"8073\">XIII &#8211; MESURES DE PROTECTION DES DONN\u00c9ES PERSONNELLES<\/strong><\/p>\n<p data-start=\"8077\" data-end=\"8220\">Le Groupe Verdasca applique des mesures techniques et organisationnelles appropri\u00e9es pour prot\u00e9ger les donn\u00e9es personnelles des utilisateurs.<\/p>\n<p data-start=\"8222\" data-end=\"8254\"><strong data-start=\"8222\" data-end=\"8252\">XIV &#8211; POLITIQUE DE COOKIES<\/strong><\/p>\n<p data-start=\"8256\" data-end=\"8493\">Les cookies utilis\u00e9s sur notre site web servent \u00e0 am\u00e9liorer la performance et l\u2019exp\u00e9rience utilisateur. Les cookies sont de petits fichiers texte stock\u00e9s sur votre appareil qui collectent des informations sur votre utilisation du site.<\/p>\n<p data-start=\"8495\" data-end=\"8845\">En naviguant sur ce site web, vous consentez \u00e0 l\u2019utilisation et au stockage de cookies sur votre appareil. La plupart des navigateurs acceptent automatiquement les cookies. Vous pouvez emp\u00eacher le stockage en configurant votre navigateur pour ne pas accepter les cookies. Les cookies stock\u00e9s sur votre appareil peuvent \u00eatre supprim\u00e9s \u00e0 tout moment.<\/p>\n<p data-start=\"8847\" data-end=\"8906\"><strong data-start=\"8847\" data-end=\"8904\">XV &#8211; MODIFICATIONS DE LA POLITIQUE DE CONFIDENTIALIT\u00c9<\/strong><\/p>\n<p data-start=\"8908\" data-end=\"9086\">Le Groupe Verdasca se r\u00e9serve le droit de modifier cette politique de confidentialit\u00e9 \u00e0 tout moment. Toute modification sera publi\u00e9e sur cette page avec la date de mise \u00e0 jour.<\/p>\n<p data-start=\"9088\" data-end=\"9121\"><strong data-start=\"9088\" data-end=\"9119\">XVI &#8211; CONTACTS ET QUESTIONS<\/strong><\/p>\n<p data-start=\"9123\" data-end=\"9249\">Pour toute question concernant les points pr\u00e9sent\u00e9s ici, vous pouvez nous contacter par e-mail \u00e0 <a class=\"decorated-link cursor-pointer\" rel=\"noopener\" data-start=\"9220\" data-end=\"9247\">marketing@grupoverdasca.com<\/a><\/p>\n<p><\/p>\t\t\t\t\t\t\t\t<\/div>\n\t\t\t\t\t<\/div>\n\t\t\t\t<\/div>\n\t\t\t\t<\/div>\n\t\t","protected":false},"excerpt":{"rendered":"<p>I &#8211; INTRODUCTION Le Groupe Verdasca s\u2019engage \u00e0 prot\u00e9ger la vie priv\u00e9e et les donn\u00e9es personnelles des utilisateurs de son<\/p>\n","protected":false},"author":1,"featured_media":0,"parent":0,"menu_order":0,"comment_status":"closed","ping_status":"open","template":"","meta":{"footnotes":""},"class_list":["post-18029","page","type-page","status-publish","hentry"],"yoast_head":"<!-- This site is optimized with the Yoast SEO plugin v26.7 - https:\/\/yoast.com\/wordpress\/plugins\/seo\/ -->\n<title>Politique de Confidentialit\u00e9 et de Protection des Donn\u00e9es - Verdasca Group<\/title>\n<meta name=\"robots\" content=\"index, follow, max-snippet:-1, max-image-preview:large, max-video-preview:-1\" \/>\n<link rel=\"canonical\" href=\"https:\/\/verdascagroup.com\/fr\/politique-de-confidentialite-et-de-protection-des-donnees\/\" \/>\n<meta property=\"og:locale\" content=\"fr_FR\" \/>\n<meta property=\"og:type\" content=\"article\" \/>\n<meta property=\"og:title\" content=\"Politique de Confidentialit\u00e9 et de Protection des Donn\u00e9es - Verdasca Group\" \/>\n<meta property=\"og:description\" content=\"I &#8211; INTRODUCTION Le Groupe Verdasca s\u2019engage \u00e0 prot\u00e9ger la vie priv\u00e9e et les donn\u00e9es personnelles des utilisateurs de son\" \/>\n<meta property=\"og:url\" content=\"https:\/\/verdascagroup.com\/fr\/politique-de-confidentialite-et-de-protection-des-donnees\/\" \/>\n<meta property=\"og:site_name\" content=\"Verdasca Group\" \/>\n<meta property=\"article:modified_time\" content=\"2025-08-19T11:16:29+00:00\" \/>\n<meta name=\"twitter:card\" content=\"summary_large_image\" \/>\n<meta name=\"twitter:label1\" content=\"Dur\u00e9e de lecture estim\u00e9e\" \/>\n\t<meta name=\"twitter:data1\" content=\"7 minutes\" \/>\n<script type=\"application\/ld+json\" class=\"yoast-schema-graph\">{\"@context\":\"https:\/\/schema.org\",\"@graph\":[{\"@type\":\"WebPage\",\"@id\":\"https:\/\/verdascagroup.com\/fr\/politique-de-confidentialite-et-de-protection-des-donnees\/\",\"url\":\"https:\/\/verdascagroup.com\/fr\/politique-de-confidentialite-et-de-protection-des-donnees\/\",\"name\":\"Politique de Confidentialit\u00e9 et de Protection des Donn\u00e9es - Verdasca Group\",\"isPartOf\":{\"@id\":\"https:\/\/verdascagroup.com\/fr\/#website\"},\"datePublished\":\"2025-07-08T09:47:31+00:00\",\"dateModified\":\"2025-08-19T11:16:29+00:00\",\"breadcrumb\":{\"@id\":\"https:\/\/verdascagroup.com\/fr\/politique-de-confidentialite-et-de-protection-des-donnees\/#breadcrumb\"},\"inLanguage\":\"fr-FR\",\"potentialAction\":[{\"@type\":\"ReadAction\",\"target\":[\"https:\/\/verdascagroup.com\/fr\/politique-de-confidentialite-et-de-protection-des-donnees\/\"]}]},{\"@type\":\"BreadcrumbList\",\"@id\":\"https:\/\/verdascagroup.com\/fr\/politique-de-confidentialite-et-de-protection-des-donnees\/#breadcrumb\",\"itemListElement\":[{\"@type\":\"ListItem\",\"position\":1,\"name\":\"In\u00edcio\",\"item\":\"https:\/\/verdascagroup.com\/fr\/\"},{\"@type\":\"ListItem\",\"position\":2,\"name\":\"Politique de Confidentialit\u00e9 et de Protection des Donn\u00e9es\"}]},{\"@type\":\"WebSite\",\"@id\":\"https:\/\/verdascagroup.com\/fr\/#website\",\"url\":\"https:\/\/verdascagroup.com\/fr\/\",\"name\":\"Verdasca Group\",\"description\":\"Verdasca Group, fornecedor e produtor de materiais \u00e0 base de bet\u00e3o pr\u00e9-fabricado e de bet\u00e3o.\",\"potentialAction\":[{\"@type\":\"SearchAction\",\"target\":{\"@type\":\"EntryPoint\",\"urlTemplate\":\"https:\/\/verdascagroup.com\/fr\/?s={search_term_string}\"},\"query-input\":{\"@type\":\"PropertyValueSpecification\",\"valueRequired\":true,\"valueName\":\"search_term_string\"}}],\"inLanguage\":\"fr-FR\"}]}<\/script>\n<!-- \/ Yoast SEO plugin. -->","yoast_head_json":{"title":"Politique de Confidentialit\u00e9 et de Protection des Donn\u00e9es - Verdasca Group","robots":{"index":"index","follow":"follow","max-snippet":"max-snippet:-1","max-image-preview":"max-image-preview:large","max-video-preview":"max-video-preview:-1"},"canonical":"https:\/\/verdascagroup.com\/fr\/politique-de-confidentialite-et-de-protection-des-donnees\/","og_locale":"fr_FR","og_type":"article","og_title":"Politique de Confidentialit\u00e9 et de Protection des Donn\u00e9es - Verdasca Group","og_description":"I &#8211; INTRODUCTION Le Groupe Verdasca s\u2019engage \u00e0 prot\u00e9ger la vie priv\u00e9e et les donn\u00e9es personnelles des utilisateurs de son","og_url":"https:\/\/verdascagroup.com\/fr\/politique-de-confidentialite-et-de-protection-des-donnees\/","og_site_name":"Verdasca Group","article_modified_time":"2025-08-19T11:16:29+00:00","twitter_card":"summary_large_image","twitter_misc":{"Dur\u00e9e de lecture estim\u00e9e":"7 minutes"},"schema":{"@context":"https:\/\/schema.org","@graph":[{"@type":"WebPage","@id":"https:\/\/verdascagroup.com\/fr\/politique-de-confidentialite-et-de-protection-des-donnees\/","url":"https:\/\/verdascagroup.com\/fr\/politique-de-confidentialite-et-de-protection-des-donnees\/","name":"Politique de Confidentialit\u00e9 et de Protection des Donn\u00e9es - Verdasca Group","isPartOf":{"@id":"https:\/\/verdascagroup.com\/fr\/#website"},"datePublished":"2025-07-08T09:47:31+00:00","dateModified":"2025-08-19T11:16:29+00:00","breadcrumb":{"@id":"https:\/\/verdascagroup.com\/fr\/politique-de-confidentialite-et-de-protection-des-donnees\/#breadcrumb"},"inLanguage":"fr-FR","potentialAction":[{"@type":"ReadAction","target":["https:\/\/verdascagroup.com\/fr\/politique-de-confidentialite-et-de-protection-des-donnees\/"]}]},{"@type":"BreadcrumbList","@id":"https:\/\/verdascagroup.com\/fr\/politique-de-confidentialite-et-de-protection-des-donnees\/#breadcrumb","itemListElement":[{"@type":"ListItem","position":1,"name":"In\u00edcio","item":"https:\/\/verdascagroup.com\/fr\/"},{"@type":"ListItem","position":2,"name":"Politique de Confidentialit\u00e9 et de Protection des Donn\u00e9es"}]},{"@type":"WebSite","@id":"https:\/\/verdascagroup.com\/fr\/#website","url":"https:\/\/verdascagroup.com\/fr\/","name":"Verdasca Group","description":"Verdasca Group, fornecedor e produtor de materiais \u00e0 base de bet\u00e3o pr\u00e9-fabricado e de bet\u00e3o.","potentialAction":[{"@type":"SearchAction","target":{"@type":"EntryPoint","urlTemplate":"https:\/\/verdascagroup.com\/fr\/?s={search_term_string}"},"query-input":{"@type":"PropertyValueSpecification","valueRequired":true,"valueName":"search_term_string"}}],"inLanguage":"fr-FR"}]}},"_links":{"self":[{"href":"https:\/\/verdascagroup.com\/fr\/wp-json\/wp\/v2\/pages\/18029","targetHints":{"allow":["GET"]}}],"collection":[{"href":"https:\/\/verdascagroup.com\/fr\/wp-json\/wp\/v2\/pages"}],"about":[{"href":"https:\/\/verdascagroup.com\/fr\/wp-json\/wp\/v2\/types\/page"}],"author":[{"embeddable":true,"href":"https:\/\/verdascagroup.com\/fr\/wp-json\/wp\/v2\/users\/1"}],"replies":[{"embeddable":true,"href":"https:\/\/verdascagroup.com\/fr\/wp-json\/wp\/v2\/comments?post=18029"}],"version-history":[{"count":5,"href":"https:\/\/verdascagroup.com\/fr\/wp-json\/wp\/v2\/pages\/18029\/revisions"}],"predecessor-version":[{"id":18432,"href":"https:\/\/verdascagroup.com\/fr\/wp-json\/wp\/v2\/pages\/18029\/revisions\/18432"}],"wp:attachment":[{"href":"https:\/\/verdascagroup.com\/fr\/wp-json\/wp\/v2\/media?parent=18029"}],"curies":[{"name":"wp","href":"https:\/\/api.w.org\/{rel}","templated":true}]}}