{"id":13980,"date":"2025-07-10T09:22:43","date_gmt":"2025-07-10T09:22:43","guid":{"rendered":"https:\/\/verdascagroup.com\/noticias\/"},"modified":"2025-08-25T09:13:55","modified_gmt":"2025-08-25T09:13:55","slug":"actualites","status":"publish","type":"page","link":"https:\/\/verdascagroup.com\/fr\/actualites\/","title":{"rendered":"Actualit\u00e9s"},"content":{"rendered":"\t\t<div data-elementor-type=\"wp-page\" data-elementor-id=\"13980\" class=\"elementor elementor-13980 elementor-3312\" data-elementor-post-type=\"page\">\n\t\t\t\t<div data-dce-background-color=\"#20214F\" class=\"wd-negative-gap elementor-element elementor-element-5ce81fa4 wd-section-stretch submenu-container e-flex e-con-boxed e-con e-parent\" data-id=\"5ce81fa4\" data-element_type=\"container\" data-settings=\"{&quot;background_background&quot;:&quot;classic&quot;,&quot;jet_parallax_layout_list&quot;:[]}\">\n\t\t\t\t\t<div class=\"e-con-inner\">\n\t\t\t\t<div class=\"elementor-element elementor-element-2f921a37 submenu elementor-nav-menu--dropdown-none elementor-widget elementor-widget-nav-menu\" data-id=\"2f921a37\" data-element_type=\"widget\" data-settings=\"{&quot;layout&quot;:&quot;horizontal&quot;,&quot;submenu_icon&quot;:{&quot;value&quot;:&quot;&lt;svg class=\\&quot;e-font-icon-svg e-fas-caret-down\\&quot; viewBox=\\&quot;0 0 320 512\\&quot; xmlns=\\&quot;http:\\\/\\\/www.w3.org\\\/2000\\\/svg\\&quot;&gt;&lt;path d=\\&quot;M31.3 192h257.3c17.8 0 26.7 21.5 14.1 34.1L174.1 354.8c-7.8 7.8-20.5 7.8-28.3 0L17.2 226.1C4.6 213.5 13.5 192 31.3 192z\\&quot;&gt;&lt;\\\/path&gt;&lt;\\\/svg&gt;&quot;,&quot;library&quot;:&quot;fa-solid&quot;}}\" data-widget_type=\"nav-menu.default\">\n\t\t\t\t\t\t\t\t<nav aria-label=\"Menu Comunica\u00e7\u00e3o\" class=\"elementor-nav-menu--main elementor-nav-menu__container elementor-nav-menu--layout-horizontal e--pointer-underline e--animation-fade\">\n\t\t\t\t<ul id=\"menu-1-2f921a37\" class=\"elementor-nav-menu\"><li class=\"menu-item menu-item-type-post_type menu-item-object-page menu-item-17337\"><a href=\"https:\/\/verdascagroup.com\/fr\/actualites\/\" class=\"elementor-item\">Actualit\u00e9s<\/a><\/li>\n<li class=\"menu-item menu-item-type-post_type menu-item-object-page menu-item-17338\"><a href=\"https:\/\/verdascagroup.com\/fr\/videos\/\" class=\"elementor-item\">Vid\u00e9os<\/a><\/li>\n<li class=\"menu-item menu-item-type-post_type menu-item-object-page menu-item-17339\"><a href=\"https:\/\/verdascagroup.com\/fr\/identite-visuelle\/\" class=\"elementor-item\">Identit\u00e9 Visuelle<\/a><\/li>\n<li class=\"menu-item menu-item-type-post_type menu-item-object-page menu-item-17340\"><a href=\"https:\/\/verdascagroup.com\/fr\/questions-frequemment-posees\/\" class=\"elementor-item\">Questions Fr\u00e9quemment Pos\u00e9es (FAQ\u2019s)<\/a><\/li>\n<\/ul>\t\t\t<\/nav>\n\t\t\t\t\t\t<nav class=\"elementor-nav-menu--dropdown elementor-nav-menu__container\" aria-hidden=\"true\">\n\t\t\t\t<ul id=\"menu-2-2f921a37\" class=\"elementor-nav-menu\"><li class=\"menu-item menu-item-type-post_type menu-item-object-page menu-item-17337\"><a href=\"https:\/\/verdascagroup.com\/fr\/actualites\/\" class=\"elementor-item\" tabindex=\"-1\">Actualit\u00e9s<\/a><\/li>\n<li class=\"menu-item menu-item-type-post_type menu-item-object-page menu-item-17338\"><a href=\"https:\/\/verdascagroup.com\/fr\/videos\/\" class=\"elementor-item\" tabindex=\"-1\">Vid\u00e9os<\/a><\/li>\n<li class=\"menu-item menu-item-type-post_type menu-item-object-page menu-item-17339\"><a href=\"https:\/\/verdascagroup.com\/fr\/identite-visuelle\/\" class=\"elementor-item\" tabindex=\"-1\">Identit\u00e9 Visuelle<\/a><\/li>\n<li class=\"menu-item menu-item-type-post_type menu-item-object-page menu-item-17340\"><a href=\"https:\/\/verdascagroup.com\/fr\/questions-frequemment-posees\/\" class=\"elementor-item\" tabindex=\"-1\">Questions Fr\u00e9quemment Pos\u00e9es (FAQ\u2019s)<\/a><\/li>\n<\/ul>\t\t\t<\/nav>\n\t\t\t\t\t\t<\/div>\n\t\t\t\t\t<\/div>\n\t\t\t\t<\/div>\n\t\t<div class=\"wd-negative-gap elementor-element elementor-element-d722169 wd-section-stretch e-flex e-con-boxed e-con e-parent\" data-id=\"d722169\" data-element_type=\"container\" data-settings=\"{&quot;background_background&quot;:&quot;classic&quot;,&quot;jet_parallax_layout_list&quot;:[]}\">\n\t\t\t\t\t<div class=\"e-con-inner\">\n\t\t<div class=\"elementor-element elementor-element-1812eb6 e-con-full e-flex e-con e-child\" data-id=\"1812eb6\" data-element_type=\"container\" data-settings=\"{&quot;jet_parallax_layout_list&quot;:[]}\">\n\t\t<div class=\"elementor-element elementor-element-2cf3ec9 e-con-full e-flex e-con e-child\" data-id=\"2cf3ec9\" data-element_type=\"container\" data-settings=\"{&quot;jet_parallax_layout_list&quot;:[]}\">\n\t\t\t\t<div class=\"elementor-element elementor-element-cb4454d wd-width-100 elementor-widget elementor-widget-wd_blog\" data-id=\"cb4454d\" data-element_type=\"widget\" data-widget_type=\"wd_blog.default\">\n\t\t\t\t<div class=\"elementor-widget-container\">\n\t\t\t\t\t\t\t\t\n\t\t\t<div id=\"carousel-920\" class=\"wd-carousel-container  wd-posts wd-blog-element title-line-one\">\n\t\t\t\t\n\t\t\t\t\t\t\t\n\t\t\t\t<div class=\"wd-carousel-inner\">\n\t\t\t\t\t<div class=\" wd-carousel wd-grid\" data-scroll_per_page=\"yes\" style=\"--wd-col-lg:3;--wd-col-md:2;--wd-col-sm:1;--wd-gap-lg:20px;--wd-gap-sm:10px;\">\n\t\t\t\t\t\t<div class=\"wd-carousel-wrap\">\n\t\t\t\t\t\t\t\t\t<div class=\"wd-carousel-item\">\n\t\t\t\t\t\t\t\n<article id=\"post-22497\" class=\"wd-post blog-design-meta-image blog-post-loop blog-style-flat post-22497 post type-post status-publish format-standard has-post-thumbnail hentry category-actualites\">\n\t\n\t<div class=\"wd-post-thumb color-scheme-light\">\n\t\t\t\t\t<div class=\"wd-post-img\">\n\t\t\t\t<img loading=\"lazy\" decoding=\"async\" width=\"450\" height=\"278\" src=\"https:\/\/verdascagroup.com\/wp-content\/uploads\/2025\/10\/MAIS_CONCRETA-450x278.webp\" class=\"attachment-450x278 size-450x278\" alt=\"\" \/>\t\t\t<\/div>\n\t\t\n\t\t\t\t<a class=\"wd-post-link wd-fill\" tabindex=\"-1\" href=\"https:\/\/verdascagroup.com\/fr\/menos-carbono-mais-futuro-descubra-as-nossas-solucoes-na-concreta\/\" rel=\"bookmark\" aria-label=\"Link on post Moins de carbone, plus d&rsquo;avenir, d\u00e9couvrez nos solutions \u00e0 +Concreta\"><\/a>\n\n\t\t\t<\/div>\n\n\t<div class=\"wd-post-content\">\n\t\t<div class=\"wd-post-meta wd-post-entry-meta\">\n\t\t\t\n\t\t\t\n\t\t\t\t\t\t\t<div class=\"wd-post-date wd-style-default\">\n\t\t\t\t\t<time class=\"published\" datetime=\"2025-10-29T11:16:07+00:00\">\n\t\t\t\t\t\t29 Oct 2025\t\t\t\t\t<\/time>\n\t\t\t\t<\/div>\n\n\t\t\t\t<div class=\"wd-modified-date\">\n\t\t\t\t\t\t\t<time class=\"updated\" datetime=\"2025-10-29T11:23:06+00:00\">\n\t\t\toctobre 29, 2025\t\t<\/time>\n\t\t\t\t\t\t<\/div>\n\t\t\t\t\t<\/div>\n\n\t\t\t\t\t<h3 class=\"wd-post-title wd-entities-title title post-title\">\n\t\t\t\t<a href=\"https:\/\/verdascagroup.com\/fr\/menos-carbono-mais-futuro-descubra-as-nossas-solucoes-na-concreta\/\" rel=\"bookmark\">\n\t\t\t\t\tMoins de carbone, plus d&rsquo;avenir, d\u00e9couvrez nos solutions \u00e0 +Concreta\t\t\t\t<\/a>\n\t\t\t<\/h3>\n\t\t\n\t\t\t\t\t<div class=\"wd-post-excerpt\">\n\t\t\t\t\t\t\t\t\tLes 6 et 7 novembre, l'Alf\u00e2ndega do Porto accueillera la premi\u00e8re participation du groupe Verdasca \u00e0 un \u00e9v\u00e9nement qui pr\u00e9sente les prin...\t\t\t\t\t\t\t<\/div>\n\t\t\n\t\t\t\t\t\t\t\t\t\t<div class=\"wd-post-read-more wd-style-link read-more-section\">\n\t\t\t\t\t\t<a class=\"\" href=\"https:\/\/verdascagroup.com\/fr\/menos-carbono-mais-futuro-descubra-as-nossas-solucoes-na-concreta\/\">Continue reading<\/a>\t\t\t\t\t<\/div>\n\t\t\t\t\t\t\t<\/div>\n\n\t<\/article>\n\t\t\t\t\t<\/div>\n\t\t\t\t<div class=\"wd-carousel-item\">\n\t\t\t\t\t\t\t\n<article id=\"post-22327\" class=\"wd-post blog-design-meta-image blog-post-loop blog-style-flat post-22327 post type-post status-publish format-standard has-post-thumbnail hentry category-actualites\">\n\t\n\t<div class=\"wd-post-thumb color-scheme-light\">\n\t\t\t\t\t<div class=\"wd-post-img\">\n\t\t\t\t<img loading=\"lazy\" decoding=\"async\" width=\"450\" height=\"278\" src=\"https:\/\/verdascagroup.com\/wp-content\/uploads\/2025\/10\/Prancheta-13-100-450x278.webp\" class=\"attachment-450x278 size-450x278\" alt=\"\" \/>\t\t\t<\/div>\n\t\t\n\t\t\t\t<a class=\"wd-post-link wd-fill\" tabindex=\"-1\" href=\"https:\/\/verdascagroup.com\/fr\/verdasca-group-presente-como-patrocinador-gold-no-congresso-de-pre-fabricacao-de-betao-2025\/\" rel=\"bookmark\" aria-label=\"Link on post Verdasca Group pr\u00e9sent en tant que sponsor Gold au Congr\u00e8s sur la pr\u00e9fabrication en b\u00e9ton 2025\"><\/a>\n\n\t\t\t<\/div>\n\n\t<div class=\"wd-post-content\">\n\t\t<div class=\"wd-post-meta wd-post-entry-meta\">\n\t\t\t\n\t\t\t\n\t\t\t\t\t\t\t<div class=\"wd-post-date wd-style-default\">\n\t\t\t\t\t<time class=\"published\" datetime=\"2025-10-15T12:18:28+00:00\">\n\t\t\t\t\t\t15 Oct 2025\t\t\t\t\t<\/time>\n\t\t\t\t<\/div>\n\n\t\t\t\t<div class=\"wd-modified-date\">\n\t\t\t\t\t\t\t<time class=\"updated\" datetime=\"2025-10-16T08:55:13+00:00\">\n\t\t\toctobre 16, 2025\t\t<\/time>\n\t\t\t\t\t\t<\/div>\n\t\t\t\t\t<\/div>\n\n\t\t\t\t\t<h3 class=\"wd-post-title wd-entities-title title post-title\">\n\t\t\t\t<a href=\"https:\/\/verdascagroup.com\/fr\/verdasca-group-presente-como-patrocinador-gold-no-congresso-de-pre-fabricacao-de-betao-2025\/\" rel=\"bookmark\">\n\t\t\t\t\tVerdasca Group pr\u00e9sent en tant que sponsor Gold au Congr\u00e8s sur la pr\u00e9fabrication en b\u00e9ton 2025\t\t\t\t<\/a>\n\t\t\t<\/h3>\n\t\t\n\t\t\t\t\t<div class=\"wd-post-excerpt\">\n\t\t\t\t\t\t\t\t\tLes 16 et 17 octobre, le groupe Verdasca sera pr\u00e9sent au Congr\u00e8s de la pr\u00e9fabrication en b\u00e9ton, l'un des principaux rendez-vous du sect...\t\t\t\t\t\t\t<\/div>\n\t\t\n\t\t\t\t\t\t\t\t\t\t<div class=\"wd-post-read-more wd-style-link read-more-section\">\n\t\t\t\t\t\t<a class=\"\" href=\"https:\/\/verdascagroup.com\/fr\/verdasca-group-presente-como-patrocinador-gold-no-congresso-de-pre-fabricacao-de-betao-2025\/\">Continue reading<\/a>\t\t\t\t\t<\/div>\n\t\t\t\t\t\t\t<\/div>\n\n\t<\/article>\n\t\t\t\t\t<\/div>\n\t\t\t\t<div class=\"wd-carousel-item\">\n\t\t\t\t\t\t\t\n<article id=\"post-21133\" class=\"wd-post blog-design-meta-image blog-post-loop blog-style-flat post-21133 post type-post status-publish format-standard has-post-thumbnail hentry category-actualites\">\n\t\n\t<div class=\"wd-post-thumb color-scheme-light\">\n\t\t\t\t\t<div class=\"wd-post-img\">\n\t\t\t\t<img loading=\"lazy\" decoding=\"async\" width=\"450\" height=\"278\" src=\"https:\/\/verdascagroup.com\/wp-content\/uploads\/2022\/05\/Prancheta-5-100-450x278.webp\" class=\"attachment-450x278 size-450x278\" alt=\"\" \/>\t\t\t<\/div>\n\t\t\n\t\t\t\t<a class=\"wd-post-link wd-fill\" tabindex=\"-1\" href=\"https:\/\/verdascagroup.com\/fr\/distinguido-como-melhor-projeto-industrial-nos-bim-awards-2025\/\" rel=\"bookmark\" aria-label=\"Link on post Distingu\u00e9 comme Meilleur Projet Industriel aux BIM Awards 2025\"><\/a>\n\n\t\t\t<\/div>\n\n\t<div class=\"wd-post-content\">\n\t\t<div class=\"wd-post-meta wd-post-entry-meta\">\n\t\t\t\n\t\t\t\n\t\t\t\t\t\t\t<div class=\"wd-post-date wd-style-default\">\n\t\t\t\t\t<time class=\"published\" datetime=\"2025-08-25T09:03:39+00:00\">\n\t\t\t\t\t\t25 Ao\u00fbt 2025\t\t\t\t\t<\/time>\n\t\t\t\t<\/div>\n\n\t\t\t\t<div class=\"wd-modified-date\">\n\t\t\t\t\t\t\t<time class=\"updated\" datetime=\"2025-08-25T09:11:29+00:00\">\n\t\t\tao\u00fbt 25, 2025\t\t<\/time>\n\t\t\t\t\t\t<\/div>\n\t\t\t\t\t<\/div>\n\n\t\t\t\t\t<h3 class=\"wd-post-title wd-entities-title title post-title\">\n\t\t\t\t<a href=\"https:\/\/verdascagroup.com\/fr\/distinguido-como-melhor-projeto-industrial-nos-bim-awards-2025\/\" rel=\"bookmark\">\n\t\t\t\t\tDistingu\u00e9 comme Meilleur Projet Industriel aux BIM Awards 2025\t\t\t\t<\/a>\n\t\t\t<\/h3>\n\t\t\n\t\t\t\t\t<div class=\"wd-post-excerpt\">\n\t\t\t\t\t\t\t\t\tLe projet Electrical Substation, d\u00e9velopp\u00e9 par Verdasca Group, a \u00e9t\u00e9 distingu\u00e9 comme le Meilleur Projet Industriel au niveau national l...\t\t\t\t\t\t\t<\/div>\n\t\t\n\t\t\t\t\t\t\t\t\t\t<div class=\"wd-post-read-more wd-style-link read-more-section\">\n\t\t\t\t\t\t<a class=\"\" href=\"https:\/\/verdascagroup.com\/fr\/distinguido-como-melhor-projeto-industrial-nos-bim-awards-2025\/\">Continue reading<\/a>\t\t\t\t\t<\/div>\n\t\t\t\t\t\t\t<\/div>\n\n\t<\/article>\n\t\t\t\t\t<\/div>\n\t\t\t\t\t\t\t\t<\/div>\n\t\t\t\t\t<\/div>\n\n\t\t\t\t\t\t\t<div class=\"wd-nav-arrows wd-pos-sep wd-hover-1 wd-icon-1\">\n\t\t\t<div class=\"wd-btn-arrow wd-prev wd-disabled\">\n\t\t\t\t<div class=\"wd-arrow-inner\"><\/div>\n\t\t\t<\/div>\n\t\t\t<div class=\"wd-btn-arrow wd-next\">\n\t\t\t\t<div class=\"wd-arrow-inner\"><\/div>\n\t\t\t<\/div>\n\t\t<\/div>\n\t\t\t\t\t\t<\/div>\n\n\t\t\t\t\t\t\t\t\t\t\t\t\t\t<\/div>\n\t\t\t\t\t\t\t\t\t\t<\/div>\n\t\t\t\t<\/div>\n\t\t\t\t<\/div>\n\t\t\t\t<\/div>\n\t\t\t\t\t<\/div>\n\t\t\t\t<\/div>\n\t\t\t\t<\/div>\n\t\t","protected":false},"excerpt":{"rendered":"<p>25 Ago 2025 Agosto 25, 2025 Distinguido como Melhor Projeto Industrial nos BIM Awards 2025 O projeto Electrical Substation, desenvolvido<\/p>\n","protected":false},"author":1,"featured_media":0,"parent":0,"menu_order":0,"comment_status":"closed","ping_status":"closed","template":"","meta":{"footnotes":""},"class_list":["post-13980","page","type-page","status-publish","hentry"],"yoast_head":"<!-- This site is optimized with the Yoast SEO plugin v26.7 - https:\/\/yoast.com\/wordpress\/plugins\/seo\/ -->\n<title>Actualit\u00e9s - Verdasca Group<\/title>\n<meta name=\"robots\" content=\"index, follow, max-snippet:-1, max-image-preview:large, max-video-preview:-1\" \/>\n<link rel=\"canonical\" href=\"https:\/\/verdascagroup.com\/fr\/actualites\/\" \/>\n<meta property=\"og:locale\" content=\"fr_FR\" \/>\n<meta property=\"og:type\" content=\"article\" \/>\n<meta property=\"og:title\" content=\"Actualit\u00e9s - Verdasca Group\" \/>\n<meta property=\"og:description\" content=\"25 Ago 2025 Agosto 25, 2025 Distinguido como Melhor Projeto Industrial nos BIM Awards 2025 O projeto Electrical Substation, desenvolvido\" \/>\n<meta property=\"og:url\" content=\"https:\/\/verdascagroup.com\/fr\/actualites\/\" \/>\n<meta property=\"og:site_name\" content=\"Verdasca Group\" \/>\n<meta property=\"article:modified_time\" content=\"2025-08-25T09:13:55+00:00\" \/>\n<meta property=\"og:image\" content=\"https:\/\/verdascagroup.com\/wp-content\/uploads\/2022\/05\/Prancheta-5-100-450x278.webp\" \/>\n<meta name=\"twitter:card\" content=\"summary_large_image\" \/>\n<meta name=\"twitter:label1\" content=\"Dur\u00e9e de lecture estim\u00e9e\" \/>\n\t<meta name=\"twitter:data1\" content=\"1 minute\" \/>\n<script type=\"application\/ld+json\" class=\"yoast-schema-graph\">{\"@context\":\"https:\/\/schema.org\",\"@graph\":[{\"@type\":\"WebPage\",\"@id\":\"https:\/\/verdascagroup.com\/fr\/actualites\/\",\"url\":\"https:\/\/verdascagroup.com\/fr\/actualites\/\",\"name\":\"Actualit\u00e9s - Verdasca Group\",\"isPartOf\":{\"@id\":\"https:\/\/verdascagroup.com\/fr\/#website\"},\"primaryImageOfPage\":{\"@id\":\"https:\/\/verdascagroup.com\/fr\/actualites\/#primaryimage\"},\"image\":{\"@id\":\"https:\/\/verdascagroup.com\/fr\/actualites\/#primaryimage\"},\"thumbnailUrl\":\"https:\/\/verdascagroup.com\/wp-content\/uploads\/2022\/05\/Prancheta-5-100-450x278.webp\",\"datePublished\":\"2025-07-10T09:22:43+00:00\",\"dateModified\":\"2025-08-25T09:13:55+00:00\",\"breadcrumb\":{\"@id\":\"https:\/\/verdascagroup.com\/fr\/actualites\/#breadcrumb\"},\"inLanguage\":\"fr-FR\",\"potentialAction\":[{\"@type\":\"ReadAction\",\"target\":[\"https:\/\/verdascagroup.com\/fr\/actualites\/\"]}]},{\"@type\":\"ImageObject\",\"inLanguage\":\"fr-FR\",\"@id\":\"https:\/\/verdascagroup.com\/fr\/actualites\/#primaryimage\",\"url\":\"https:\/\/verdascagroup.com\/wp-content\/uploads\/2022\/05\/Prancheta-5-100-450x278.webp\",\"contentUrl\":\"https:\/\/verdascagroup.com\/wp-content\/uploads\/2022\/05\/Prancheta-5-100-450x278.webp\"},{\"@type\":\"BreadcrumbList\",\"@id\":\"https:\/\/verdascagroup.com\/fr\/actualites\/#breadcrumb\",\"itemListElement\":[{\"@type\":\"ListItem\",\"position\":1,\"name\":\"In\u00edcio\",\"item\":\"https:\/\/verdascagroup.com\/fr\/\"},{\"@type\":\"ListItem\",\"position\":2,\"name\":\"Actualit\u00e9s\"}]},{\"@type\":\"WebSite\",\"@id\":\"https:\/\/verdascagroup.com\/fr\/#website\",\"url\":\"https:\/\/verdascagroup.com\/fr\/\",\"name\":\"Verdasca Group\",\"description\":\"Verdasca Group, fornecedor e produtor de materiais \u00e0 base de bet\u00e3o pr\u00e9-fabricado e de bet\u00e3o.\",\"potentialAction\":[{\"@type\":\"SearchAction\",\"target\":{\"@type\":\"EntryPoint\",\"urlTemplate\":\"https:\/\/verdascagroup.com\/fr\/?s={search_term_string}\"},\"query-input\":{\"@type\":\"PropertyValueSpecification\",\"valueRequired\":true,\"valueName\":\"search_term_string\"}}],\"inLanguage\":\"fr-FR\"}]}<\/script>\n<!-- \/ Yoast SEO plugin. -->","yoast_head_json":{"title":"Actualit\u00e9s - Verdasca Group","robots":{"index":"index","follow":"follow","max-snippet":"max-snippet:-1","max-image-preview":"max-image-preview:large","max-video-preview":"max-video-preview:-1"},"canonical":"https:\/\/verdascagroup.com\/fr\/actualites\/","og_locale":"fr_FR","og_type":"article","og_title":"Actualit\u00e9s - Verdasca Group","og_description":"25 Ago 2025 Agosto 25, 2025 Distinguido como Melhor Projeto Industrial nos BIM Awards 2025 O projeto Electrical Substation, desenvolvido","og_url":"https:\/\/verdascagroup.com\/fr\/actualites\/","og_site_name":"Verdasca Group","article_modified_time":"2025-08-25T09:13:55+00:00","og_image":[{"url":"https:\/\/verdascagroup.com\/wp-content\/uploads\/2022\/05\/Prancheta-5-100-450x278.webp","type":"","width":"","height":""}],"twitter_card":"summary_large_image","twitter_misc":{"Dur\u00e9e de lecture estim\u00e9e":"1 minute"},"schema":{"@context":"https:\/\/schema.org","@graph":[{"@type":"WebPage","@id":"https:\/\/verdascagroup.com\/fr\/actualites\/","url":"https:\/\/verdascagroup.com\/fr\/actualites\/","name":"Actualit\u00e9s - Verdasca Group","isPartOf":{"@id":"https:\/\/verdascagroup.com\/fr\/#website"},"primaryImageOfPage":{"@id":"https:\/\/verdascagroup.com\/fr\/actualites\/#primaryimage"},"image":{"@id":"https:\/\/verdascagroup.com\/fr\/actualites\/#primaryimage"},"thumbnailUrl":"https:\/\/verdascagroup.com\/wp-content\/uploads\/2022\/05\/Prancheta-5-100-450x278.webp","datePublished":"2025-07-10T09:22:43+00:00","dateModified":"2025-08-25T09:13:55+00:00","breadcrumb":{"@id":"https:\/\/verdascagroup.com\/fr\/actualites\/#breadcrumb"},"inLanguage":"fr-FR","potentialAction":[{"@type":"ReadAction","target":["https:\/\/verdascagroup.com\/fr\/actualites\/"]}]},{"@type":"ImageObject","inLanguage":"fr-FR","@id":"https:\/\/verdascagroup.com\/fr\/actualites\/#primaryimage","url":"https:\/\/verdascagroup.com\/wp-content\/uploads\/2022\/05\/Prancheta-5-100-450x278.webp","contentUrl":"https:\/\/verdascagroup.com\/wp-content\/uploads\/2022\/05\/Prancheta-5-100-450x278.webp"},{"@type":"BreadcrumbList","@id":"https:\/\/verdascagroup.com\/fr\/actualites\/#breadcrumb","itemListElement":[{"@type":"ListItem","position":1,"name":"In\u00edcio","item":"https:\/\/verdascagroup.com\/fr\/"},{"@type":"ListItem","position":2,"name":"Actualit\u00e9s"}]},{"@type":"WebSite","@id":"https:\/\/verdascagroup.com\/fr\/#website","url":"https:\/\/verdascagroup.com\/fr\/","name":"Verdasca Group","description":"Verdasca Group, fornecedor e produtor de materiais \u00e0 base de bet\u00e3o pr\u00e9-fabricado e de bet\u00e3o.","potentialAction":[{"@type":"SearchAction","target":{"@type":"EntryPoint","urlTemplate":"https:\/\/verdascagroup.com\/fr\/?s={search_term_string}"},"query-input":{"@type":"PropertyValueSpecification","valueRequired":true,"valueName":"search_term_string"}}],"inLanguage":"fr-FR"}]}},"_links":{"self":[{"href":"https:\/\/verdascagroup.com\/fr\/wp-json\/wp\/v2\/pages\/13980","targetHints":{"allow":["GET"]}}],"collection":[{"href":"https:\/\/verdascagroup.com\/fr\/wp-json\/wp\/v2\/pages"}],"about":[{"href":"https:\/\/verdascagroup.com\/fr\/wp-json\/wp\/v2\/types\/page"}],"author":[{"embeddable":true,"href":"https:\/\/verdascagroup.com\/fr\/wp-json\/wp\/v2\/users\/1"}],"replies":[{"embeddable":true,"href":"https:\/\/verdascagroup.com\/fr\/wp-json\/wp\/v2\/comments?post=13980"}],"version-history":[{"count":7,"href":"https:\/\/verdascagroup.com\/fr\/wp-json\/wp\/v2\/pages\/13980\/revisions"}],"predecessor-version":[{"id":21161,"href":"https:\/\/verdascagroup.com\/fr\/wp-json\/wp\/v2\/pages\/13980\/revisions\/21161"}],"wp:attachment":[{"href":"https:\/\/verdascagroup.com\/fr\/wp-json\/wp\/v2\/media?parent=13980"}],"curies":[{"name":"wp","href":"https:\/\/api.w.org\/{rel}","templated":true}]}}