{"id":14807,"date":"2025-07-24T09:30:15","date_gmt":"2025-07-24T09:30:15","guid":{"rendered":"https:\/\/verdascagroup.com\/produto\/pavimento-calcada-portuguesa\/"},"modified":"2025-12-09T15:13:33","modified_gmt":"2025-12-09T15:13:33","slug":"portuguese-pavement-flooring","status":"publish","type":"product","link":"https:\/\/verdascagroup.com\/en\/produto\/portuguese-pavement-flooring\/","title":{"rendered":"Portuguese Pavement Flooring"},"content":{"rendered":"<p>External covering of pedestrian and vehicle circulation routes, for example, sidewalks, bicycle lanes, parking lots, streets, roads, industrial areas (including docks and ports), runway pavements for airplanes, bus stations and gas stations.<\/p>\n","protected":false},"excerpt":{"rendered":"<p>External covering of pedestrian and vehicle circulation routes, for example, sidewalks, bicycle lanes, parking lots, streets, roads, industrial areas (including docks and ports), runway pavements for airplanes, bus stations and gas stations.<\/p>\n","protected":false},"featured_media":19271,"template":"","meta":[],"product_brand":[],"product_cat":[529],"product_tag":[],"class_list":{"0":"post-14807","1":"product","2":"type-product","3":"status-publish","4":"has-post-thumbnail","6":"product_cat-standard","8":"first","9":"instock","10":"shipping-taxable","11":"product-type-simple"},"yoast_head":"<!-- This site is optimized with the Yoast SEO plugin v26.7 - https:\/\/yoast.com\/wordpress\/plugins\/seo\/ -->\n<title>Portuguese Pavement Flooring - Verdasca Group<\/title>\n<meta name=\"description\" content=\"Portuguese pavement ideal for sidewalks, streets, parking lots, industrial areas, and public areas, combining durability and traditional aesthetics.\" \/>\n<meta name=\"robots\" content=\"index, follow, max-snippet:-1, max-image-preview:large, max-video-preview:-1\" \/>\n<link rel=\"canonical\" href=\"https:\/\/verdascagroup.com\/en\/produto\/portuguese-pavement-flooring\/\" \/>\n<meta property=\"og:locale\" content=\"en_US\" \/>\n<meta property=\"og:type\" content=\"article\" \/>\n<meta property=\"og:title\" content=\"Portuguese Pavement Flooring - Verdasca Group\" \/>\n<meta property=\"og:description\" content=\"Portuguese pavement ideal for sidewalks, streets, parking lots, industrial areas, and public areas, combining durability and traditional aesthetics.\" \/>\n<meta property=\"og:url\" content=\"https:\/\/verdascagroup.com\/en\/produto\/portuguese-pavement-flooring\/\" \/>\n<meta property=\"og:site_name\" content=\"Verdasca Group\" \/>\n<meta property=\"article:modified_time\" content=\"2025-12-09T15:13:33+00:00\" \/>\n<meta property=\"og:image\" content=\"https:\/\/verdascagroup.com\/wp-content\/uploads\/2025\/07\/Sem-Titulo-17.webp\" \/>\n\t<meta property=\"og:image:width\" content=\"1280\" \/>\n\t<meta property=\"og:image:height\" content=\"1280\" \/>\n\t<meta property=\"og:image:type\" content=\"image\/webp\" \/>\n<meta name=\"twitter:card\" content=\"summary_large_image\" \/>\n<meta name=\"twitter:label1\" content=\"Est. reading time\" \/>\n\t<meta name=\"twitter:data1\" content=\"1 minute\" \/>\n<script type=\"application\/ld+json\" class=\"yoast-schema-graph\">{\"@context\":\"https:\/\/schema.org\",\"@graph\":[{\"@type\":\"WebPage\",\"@id\":\"https:\/\/verdascagroup.com\/en\/produto\/portuguese-pavement-flooring\/\",\"url\":\"https:\/\/verdascagroup.com\/en\/produto\/portuguese-pavement-flooring\/\",\"name\":\"Portuguese Pavement Flooring - Verdasca Group\",\"isPartOf\":{\"@id\":\"https:\/\/verdascagroup.com\/en\/#website\"},\"primaryImageOfPage\":{\"@id\":\"https:\/\/verdascagroup.com\/en\/produto\/portuguese-pavement-flooring\/#primaryimage\"},\"image\":{\"@id\":\"https:\/\/verdascagroup.com\/en\/produto\/portuguese-pavement-flooring\/#primaryimage\"},\"thumbnailUrl\":\"https:\/\/verdascagroup.com\/wp-content\/uploads\/2025\/07\/Sem-Titulo-17.webp\",\"datePublished\":\"2025-07-24T09:30:15+00:00\",\"dateModified\":\"2025-12-09T15:13:33+00:00\",\"description\":\"Portuguese pavement ideal for sidewalks, streets, parking lots, industrial areas, and public areas, combining durability and traditional aesthetics.\",\"breadcrumb\":{\"@id\":\"https:\/\/verdascagroup.com\/en\/produto\/portuguese-pavement-flooring\/#breadcrumb\"},\"inLanguage\":\"en-US\",\"potentialAction\":[{\"@type\":\"ReadAction\",\"target\":[\"https:\/\/verdascagroup.com\/en\/produto\/portuguese-pavement-flooring\/\"]}]},{\"@type\":\"ImageObject\",\"inLanguage\":\"en-US\",\"@id\":\"https:\/\/verdascagroup.com\/en\/produto\/portuguese-pavement-flooring\/#primaryimage\",\"url\":\"https:\/\/verdascagroup.com\/wp-content\/uploads\/2025\/07\/Sem-Titulo-17.webp\",\"contentUrl\":\"https:\/\/verdascagroup.com\/wp-content\/uploads\/2025\/07\/Sem-Titulo-17.webp\",\"width\":1280,\"height\":1280,\"caption\":\"Portuguese cobblestone pavement ideal for combining durability and traditional aesthetics.\"},{\"@type\":\"BreadcrumbList\",\"@id\":\"https:\/\/verdascagroup.com\/en\/produto\/portuguese-pavement-flooring\/#breadcrumb\",\"itemListElement\":[{\"@type\":\"ListItem\",\"position\":1,\"name\":\"In\u00edcio\",\"item\":\"https:\/\/verdascagroup.com\/en\/\"},{\"@type\":\"ListItem\",\"position\":2,\"name\":\"Products\",\"item\":\"https:\/\/verdascagroup.com\/en\/products\/\"},{\"@type\":\"ListItem\",\"position\":3,\"name\":\"Portuguese Pavement Flooring\"}]},{\"@type\":\"WebSite\",\"@id\":\"https:\/\/verdascagroup.com\/en\/#website\",\"url\":\"https:\/\/verdascagroup.com\/en\/\",\"name\":\"Verdasca Group\",\"description\":\"Verdasca Group, fornecedor e produtor de materiais \u00e0 base de bet\u00e3o pr\u00e9-fabricado e de bet\u00e3o.\",\"potentialAction\":[{\"@type\":\"SearchAction\",\"target\":{\"@type\":\"EntryPoint\",\"urlTemplate\":\"https:\/\/verdascagroup.com\/en\/?s={search_term_string}\"},\"query-input\":{\"@type\":\"PropertyValueSpecification\",\"valueRequired\":true,\"valueName\":\"search_term_string\"}}],\"inLanguage\":\"en-US\"}]}<\/script>\n<!-- \/ Yoast SEO plugin. -->","yoast_head_json":{"title":"Portuguese Pavement Flooring - Verdasca Group","description":"Portuguese pavement ideal for sidewalks, streets, parking lots, industrial areas, and public areas, combining durability and traditional aesthetics.","robots":{"index":"index","follow":"follow","max-snippet":"max-snippet:-1","max-image-preview":"max-image-preview:large","max-video-preview":"max-video-preview:-1"},"canonical":"https:\/\/verdascagroup.com\/en\/produto\/portuguese-pavement-flooring\/","og_locale":"en_US","og_type":"article","og_title":"Portuguese Pavement Flooring - Verdasca Group","og_description":"Portuguese pavement ideal for sidewalks, streets, parking lots, industrial areas, and public areas, combining durability and traditional aesthetics.","og_url":"https:\/\/verdascagroup.com\/en\/produto\/portuguese-pavement-flooring\/","og_site_name":"Verdasca Group","article_modified_time":"2025-12-09T15:13:33+00:00","og_image":[{"width":1280,"height":1280,"url":"https:\/\/verdascagroup.com\/wp-content\/uploads\/2025\/07\/Sem-Titulo-17.webp","type":"image\/webp"}],"twitter_card":"summary_large_image","twitter_misc":{"Est. reading time":"1 minute"},"schema":{"@context":"https:\/\/schema.org","@graph":[{"@type":"WebPage","@id":"https:\/\/verdascagroup.com\/en\/produto\/portuguese-pavement-flooring\/","url":"https:\/\/verdascagroup.com\/en\/produto\/portuguese-pavement-flooring\/","name":"Portuguese Pavement Flooring - Verdasca Group","isPartOf":{"@id":"https:\/\/verdascagroup.com\/en\/#website"},"primaryImageOfPage":{"@id":"https:\/\/verdascagroup.com\/en\/produto\/portuguese-pavement-flooring\/#primaryimage"},"image":{"@id":"https:\/\/verdascagroup.com\/en\/produto\/portuguese-pavement-flooring\/#primaryimage"},"thumbnailUrl":"https:\/\/verdascagroup.com\/wp-content\/uploads\/2025\/07\/Sem-Titulo-17.webp","datePublished":"2025-07-24T09:30:15+00:00","dateModified":"2025-12-09T15:13:33+00:00","description":"Portuguese pavement ideal for sidewalks, streets, parking lots, industrial areas, and public areas, combining durability and traditional aesthetics.","breadcrumb":{"@id":"https:\/\/verdascagroup.com\/en\/produto\/portuguese-pavement-flooring\/#breadcrumb"},"inLanguage":"en-US","potentialAction":[{"@type":"ReadAction","target":["https:\/\/verdascagroup.com\/en\/produto\/portuguese-pavement-flooring\/"]}]},{"@type":"ImageObject","inLanguage":"en-US","@id":"https:\/\/verdascagroup.com\/en\/produto\/portuguese-pavement-flooring\/#primaryimage","url":"https:\/\/verdascagroup.com\/wp-content\/uploads\/2025\/07\/Sem-Titulo-17.webp","contentUrl":"https:\/\/verdascagroup.com\/wp-content\/uploads\/2025\/07\/Sem-Titulo-17.webp","width":1280,"height":1280,"caption":"Portuguese cobblestone pavement ideal for combining durability and traditional aesthetics."},{"@type":"BreadcrumbList","@id":"https:\/\/verdascagroup.com\/en\/produto\/portuguese-pavement-flooring\/#breadcrumb","itemListElement":[{"@type":"ListItem","position":1,"name":"In\u00edcio","item":"https:\/\/verdascagroup.com\/en\/"},{"@type":"ListItem","position":2,"name":"Products","item":"https:\/\/verdascagroup.com\/en\/products\/"},{"@type":"ListItem","position":3,"name":"Portuguese Pavement Flooring"}]},{"@type":"WebSite","@id":"https:\/\/verdascagroup.com\/en\/#website","url":"https:\/\/verdascagroup.com\/en\/","name":"Verdasca Group","description":"Verdasca Group, fornecedor e produtor de materiais \u00e0 base de bet\u00e3o pr\u00e9-fabricado e de bet\u00e3o.","potentialAction":[{"@type":"SearchAction","target":{"@type":"EntryPoint","urlTemplate":"https:\/\/verdascagroup.com\/en\/?s={search_term_string}"},"query-input":{"@type":"PropertyValueSpecification","valueRequired":true,"valueName":"search_term_string"}}],"inLanguage":"en-US"}]}},"_links":{"self":[{"href":"https:\/\/verdascagroup.com\/en\/wp-json\/wp\/v2\/product\/14807","targetHints":{"allow":["GET"]}}],"collection":[{"href":"https:\/\/verdascagroup.com\/en\/wp-json\/wp\/v2\/product"}],"about":[{"href":"https:\/\/verdascagroup.com\/en\/wp-json\/wp\/v2\/types\/product"}],"version-history":[{"count":4,"href":"https:\/\/verdascagroup.com\/en\/wp-json\/wp\/v2\/product\/14807\/revisions"}],"predecessor-version":[{"id":21013,"href":"https:\/\/verdascagroup.com\/en\/wp-json\/wp\/v2\/product\/14807\/revisions\/21013"}],"wp:featuredmedia":[{"embeddable":true,"href":"https:\/\/verdascagroup.com\/en\/wp-json\/wp\/v2\/media\/19271"}],"wp:attachment":[{"href":"https:\/\/verdascagroup.com\/en\/wp-json\/wp\/v2\/media?parent=14807"}],"wp:term":[{"taxonomy":"product_brand","embeddable":true,"href":"https:\/\/verdascagroup.com\/en\/wp-json\/wp\/v2\/product_brand?post=14807"},{"taxonomy":"product_cat","embeddable":true,"href":"https:\/\/verdascagroup.com\/en\/wp-json\/wp\/v2\/product_cat?post=14807"},{"taxonomy":"product_tag","embeddable":true,"href":"https:\/\/verdascagroup.com\/en\/wp-json\/wp\/v2\/product_tag?post=14807"}],"curies":[{"name":"wp","href":"https:\/\/api.w.org\/{rel}","templated":true}]}}