{"id":14666,"date":"2025-07-28T16:49:20","date_gmt":"2025-07-28T16:49:20","guid":{"rendered":"https:\/\/verdascagroup.com\/produto\/bloco-split-canto\/"},"modified":"2025-08-22T15:01:25","modified_gmt":"2025-08-22T15:01:25","slug":"bloco-split-canto","status":"publish","type":"product","link":"https:\/\/verdascagroup.com\/en\/produto\/bloco-split-canto\/","title":{"rendered":"Split Corner Block"},"content":{"rendered":"<p>Masonry blocks for common use, coated or exposed, used in buildings or civil engineering works. The blocks can be used in various types of walls, including single walls, double walls, partition walls, and other similar uses.<\/p>\n","protected":false},"excerpt":{"rendered":"<p>Masonry blocks for common use, coated or exposed, used in buildings or civil engineering works. The blocks can be used in various types of walls, including single walls, double walls, partition walls, and other similar uses.<\/p>\n","protected":false},"featured_media":9215,"template":"","meta":[],"product_brand":[],"product_cat":[543],"product_tag":[],"class_list":{"0":"post-14666","1":"product","2":"type-product","3":"status-publish","4":"has-post-thumbnail","6":"product_cat-exterior-landscaping","8":"first","9":"instock","10":"shipping-taxable","11":"product-type-simple"},"yoast_head":"<!-- This site is optimized with the Yoast SEO plugin v27.4 - https:\/\/yoast.com\/product\/yoast-seo-wordpress\/ -->\n<title>Split Corner Block - Verdasca Group<\/title>\n<meta name=\"robots\" content=\"index, follow, max-snippet:-1, max-image-preview:large, max-video-preview:-1\" \/>\n<link rel=\"canonical\" href=\"https:\/\/verdascagroup.com\/en\/produto\/bloco-split-canto\/\" \/>\n<meta property=\"og:locale\" content=\"en_US\" \/>\n<meta property=\"og:type\" content=\"article\" \/>\n<meta property=\"og:title\" content=\"Split Corner Block - Verdasca Group\" \/>\n<meta property=\"og:description\" content=\"Masonry blocks for common use, coated or exposed, used in buildings or civil engineering works. The blocks can be used in various types of walls, including single walls, double walls, partition walls, and other similar uses.\" \/>\n<meta property=\"og:url\" content=\"https:\/\/verdascagroup.com\/en\/produto\/bloco-split-canto\/\" \/>\n<meta property=\"og:site_name\" content=\"Verdasca Group\" \/>\n<meta property=\"article:modified_time\" content=\"2025-08-22T15:01:25+00:00\" \/>\n<meta property=\"og:image\" content=\"https:\/\/verdascagroup.com\/wp-content\/uploads\/2025\/07\/bloco-split-canto.webp\" \/>\n\t<meta property=\"og:image:width\" content=\"1280\" \/>\n\t<meta property=\"og:image:height\" content=\"1280\" \/>\n\t<meta property=\"og:image:type\" content=\"image\/webp\" \/>\n<meta name=\"twitter:card\" content=\"summary_large_image\" \/>\n<meta name=\"twitter:label1\" content=\"Est. reading time\" \/>\n\t<meta name=\"twitter:data1\" content=\"1 minute\" \/>\n<script type=\"application\/ld+json\" class=\"yoast-schema-graph\">{\"@context\":\"https:\\\/\\\/schema.org\",\"@graph\":[{\"@type\":\"WebPage\",\"@id\":\"https:\\\/\\\/verdascagroup.com\\\/en\\\/produto\\\/bloco-split-canto\\\/\",\"url\":\"https:\\\/\\\/verdascagroup.com\\\/en\\\/produto\\\/bloco-split-canto\\\/\",\"name\":\"Split Corner Block - Verdasca Group\",\"isPartOf\":{\"@id\":\"https:\\\/\\\/verdascagroup.com\\\/en\\\/#website\"},\"primaryImageOfPage\":{\"@id\":\"https:\\\/\\\/verdascagroup.com\\\/en\\\/produto\\\/bloco-split-canto\\\/#primaryimage\"},\"image\":{\"@id\":\"https:\\\/\\\/verdascagroup.com\\\/en\\\/produto\\\/bloco-split-canto\\\/#primaryimage\"},\"thumbnailUrl\":\"https:\\\/\\\/verdascagroup.com\\\/wp-content\\\/uploads\\\/2025\\\/07\\\/bloco-split-canto.webp\",\"datePublished\":\"2025-07-28T16:49:20+00:00\",\"dateModified\":\"2025-08-22T15:01:25+00:00\",\"breadcrumb\":{\"@id\":\"https:\\\/\\\/verdascagroup.com\\\/en\\\/produto\\\/bloco-split-canto\\\/#breadcrumb\"},\"inLanguage\":\"en-US\",\"potentialAction\":[{\"@type\":\"ReadAction\",\"target\":[\"https:\\\/\\\/verdascagroup.com\\\/en\\\/produto\\\/bloco-split-canto\\\/\"]}]},{\"@type\":\"ImageObject\",\"inLanguage\":\"en-US\",\"@id\":\"https:\\\/\\\/verdascagroup.com\\\/en\\\/produto\\\/bloco-split-canto\\\/#primaryimage\",\"url\":\"https:\\\/\\\/verdascagroup.com\\\/wp-content\\\/uploads\\\/2025\\\/07\\\/bloco-split-canto.webp\",\"contentUrl\":\"https:\\\/\\\/verdascagroup.com\\\/wp-content\\\/uploads\\\/2025\\\/07\\\/bloco-split-canto.webp\",\"width\":1280,\"height\":1280},{\"@type\":\"BreadcrumbList\",\"@id\":\"https:\\\/\\\/verdascagroup.com\\\/en\\\/produto\\\/bloco-split-canto\\\/#breadcrumb\",\"itemListElement\":[{\"@type\":\"ListItem\",\"position\":1,\"name\":\"In\u00edcio\",\"item\":\"https:\\\/\\\/verdascagroup.com\\\/en\\\/\"},{\"@type\":\"ListItem\",\"position\":2,\"name\":\"Products\",\"item\":\"https:\\\/\\\/verdascagroup.com\\\/en\\\/products\\\/\"},{\"@type\":\"ListItem\",\"position\":3,\"name\":\"Split Corner Block\"}]},{\"@type\":\"WebSite\",\"@id\":\"https:\\\/\\\/verdascagroup.com\\\/en\\\/#website\",\"url\":\"https:\\\/\\\/verdascagroup.com\\\/en\\\/\",\"name\":\"Verdasca Group\",\"description\":\"Verdasca Group, fornecedor e produtor de materiais \u00e0 base de bet\u00e3o pr\u00e9-fabricado e de bet\u00e3o.\",\"potentialAction\":[{\"@type\":\"SearchAction\",\"target\":{\"@type\":\"EntryPoint\",\"urlTemplate\":\"https:\\\/\\\/verdascagroup.com\\\/en\\\/?s={search_term_string}\"},\"query-input\":{\"@type\":\"PropertyValueSpecification\",\"valueRequired\":true,\"valueName\":\"search_term_string\"}}],\"inLanguage\":\"en-US\"}]}<\/script>\n<!-- \/ Yoast SEO plugin. -->","yoast_head_json":{"title":"Split Corner Block - Verdasca Group","robots":{"index":"index","follow":"follow","max-snippet":"max-snippet:-1","max-image-preview":"max-image-preview:large","max-video-preview":"max-video-preview:-1"},"canonical":"https:\/\/verdascagroup.com\/en\/produto\/bloco-split-canto\/","og_locale":"en_US","og_type":"article","og_title":"Split Corner Block - Verdasca Group","og_description":"Masonry blocks for common use, coated or exposed, used in buildings or civil engineering works. The blocks can be used in various types of walls, including single walls, double walls, partition walls, and other similar uses.","og_url":"https:\/\/verdascagroup.com\/en\/produto\/bloco-split-canto\/","og_site_name":"Verdasca Group","article_modified_time":"2025-08-22T15:01:25+00:00","og_image":[{"width":1280,"height":1280,"url":"https:\/\/verdascagroup.com\/wp-content\/uploads\/2025\/07\/bloco-split-canto.webp","type":"image\/webp"}],"twitter_card":"summary_large_image","twitter_misc":{"Est. reading time":"1 minute"},"schema":{"@context":"https:\/\/schema.org","@graph":[{"@type":"WebPage","@id":"https:\/\/verdascagroup.com\/en\/produto\/bloco-split-canto\/","url":"https:\/\/verdascagroup.com\/en\/produto\/bloco-split-canto\/","name":"Split Corner Block - Verdasca Group","isPartOf":{"@id":"https:\/\/verdascagroup.com\/en\/#website"},"primaryImageOfPage":{"@id":"https:\/\/verdascagroup.com\/en\/produto\/bloco-split-canto\/#primaryimage"},"image":{"@id":"https:\/\/verdascagroup.com\/en\/produto\/bloco-split-canto\/#primaryimage"},"thumbnailUrl":"https:\/\/verdascagroup.com\/wp-content\/uploads\/2025\/07\/bloco-split-canto.webp","datePublished":"2025-07-28T16:49:20+00:00","dateModified":"2025-08-22T15:01:25+00:00","breadcrumb":{"@id":"https:\/\/verdascagroup.com\/en\/produto\/bloco-split-canto\/#breadcrumb"},"inLanguage":"en-US","potentialAction":[{"@type":"ReadAction","target":["https:\/\/verdascagroup.com\/en\/produto\/bloco-split-canto\/"]}]},{"@type":"ImageObject","inLanguage":"en-US","@id":"https:\/\/verdascagroup.com\/en\/produto\/bloco-split-canto\/#primaryimage","url":"https:\/\/verdascagroup.com\/wp-content\/uploads\/2025\/07\/bloco-split-canto.webp","contentUrl":"https:\/\/verdascagroup.com\/wp-content\/uploads\/2025\/07\/bloco-split-canto.webp","width":1280,"height":1280},{"@type":"BreadcrumbList","@id":"https:\/\/verdascagroup.com\/en\/produto\/bloco-split-canto\/#breadcrumb","itemListElement":[{"@type":"ListItem","position":1,"name":"In\u00edcio","item":"https:\/\/verdascagroup.com\/en\/"},{"@type":"ListItem","position":2,"name":"Products","item":"https:\/\/verdascagroup.com\/en\/products\/"},{"@type":"ListItem","position":3,"name":"Split Corner Block"}]},{"@type":"WebSite","@id":"https:\/\/verdascagroup.com\/en\/#website","url":"https:\/\/verdascagroup.com\/en\/","name":"Verdasca Group","description":"Verdasca Group, fornecedor e produtor de materiais \u00e0 base de bet\u00e3o pr\u00e9-fabricado e de bet\u00e3o.","potentialAction":[{"@type":"SearchAction","target":{"@type":"EntryPoint","urlTemplate":"https:\/\/verdascagroup.com\/en\/?s={search_term_string}"},"query-input":{"@type":"PropertyValueSpecification","valueRequired":true,"valueName":"search_term_string"}}],"inLanguage":"en-US"}]}},"_links":{"self":[{"href":"https:\/\/verdascagroup.com\/en\/wp-json\/wp\/v2\/product\/14666","targetHints":{"allow":["GET"]}}],"collection":[{"href":"https:\/\/verdascagroup.com\/en\/wp-json\/wp\/v2\/product"}],"about":[{"href":"https:\/\/verdascagroup.com\/en\/wp-json\/wp\/v2\/types\/product"}],"version-history":[{"count":5,"href":"https:\/\/verdascagroup.com\/en\/wp-json\/wp\/v2\/product\/14666\/revisions"}],"predecessor-version":[{"id":20981,"href":"https:\/\/verdascagroup.com\/en\/wp-json\/wp\/v2\/product\/14666\/revisions\/20981"}],"wp:featuredmedia":[{"embeddable":true,"href":"https:\/\/verdascagroup.com\/en\/wp-json\/wp\/v2\/media\/9215"}],"wp:attachment":[{"href":"https:\/\/verdascagroup.com\/en\/wp-json\/wp\/v2\/media?parent=14666"}],"wp:term":[{"taxonomy":"product_brand","embeddable":true,"href":"https:\/\/verdascagroup.com\/en\/wp-json\/wp\/v2\/product_brand?post=14666"},{"taxonomy":"product_cat","embeddable":true,"href":"https:\/\/verdascagroup.com\/en\/wp-json\/wp\/v2\/product_cat?post=14666"},{"taxonomy":"product_tag","embeddable":true,"href":"https:\/\/verdascagroup.com\/en\/wp-json\/wp\/v2\/product_tag?post=14666"}],"curies":[{"name":"wp","href":"https:\/\/api.w.org\/{rel}","templated":true}]}}