{"id":14417,"date":"2025-07-29T16:10:44","date_gmt":"2025-07-29T16:10:44","guid":{"rendered":"https:\/\/verdascagroup.com\/produto\/tampa-de-drenagem-em-valeta-para-boca-de-escavacao-tipo-1\/"},"modified":"2025-08-22T15:00:57","modified_gmt":"2025-08-22T15:00:57","slug":"tampa-de-drenagem-em-valeta-para-boca-de-escavacao-tipo-1","status":"publish","type":"product","link":"https:\/\/verdascagroup.com\/en\/produto\/tampa-de-drenagem-em-valeta-para-boca-de-escavacao-tipo-1\/","title":{"rendered":"Drainage Cover for Excavation Opening &#8211; Type 1"},"content":{"rendered":"<p>The Factory Production Control System implemented defines the requirements for manufacturing, covering the entire production process, from the control of raw materials and equipment to the manufacture of the product and the control for validation of the finished product.<\/p>\n","protected":false},"excerpt":{"rendered":"<p>The Factory Production Control System implemented defines the requirements for manufacturing, covering the entire production process, from the control of raw materials and equipment to the manufacture of the product and the control for validation of the finished product.<\/p>\n","protected":false},"featured_media":9789,"template":"","meta":[],"product_brand":[],"product_cat":[542],"product_tag":[],"class_list":{"0":"post-14417","1":"product","2":"type-product","3":"status-publish","4":"has-post-thumbnail","6":"product_cat-sanitation-and-plumbing","8":"first","9":"instock","10":"shipping-taxable","11":"product-type-simple"},"yoast_head":"<!-- This site is optimized with the Yoast SEO plugin v26.7 - https:\/\/yoast.com\/wordpress\/plugins\/seo\/ -->\n<title>Drainage Cover for Excavation Opening - Type 1 - Verdasca Group<\/title>\n<meta name=\"robots\" content=\"index, follow, max-snippet:-1, max-image-preview:large, max-video-preview:-1\" \/>\n<link rel=\"canonical\" href=\"https:\/\/verdascagroup.com\/en\/produto\/tampa-de-drenagem-em-valeta-para-boca-de-escavacao-tipo-1\/\" \/>\n<meta property=\"og:locale\" content=\"en_US\" \/>\n<meta property=\"og:type\" content=\"article\" \/>\n<meta property=\"og:title\" content=\"Drainage Cover for Excavation Opening - Type 1 - Verdasca Group\" \/>\n<meta property=\"og:description\" content=\"The Factory Production Control System implemented defines the requirements for manufacturing, covering the entire production process, from the control of raw materials and equipment to the manufacture of the product and the control for validation of the finished product.\" \/>\n<meta property=\"og:url\" content=\"https:\/\/verdascagroup.com\/en\/produto\/tampa-de-drenagem-em-valeta-para-boca-de-escavacao-tipo-1\/\" \/>\n<meta property=\"og:site_name\" content=\"Verdasca Group\" \/>\n<meta property=\"article:modified_time\" content=\"2025-08-22T15:00:57+00:00\" \/>\n<meta property=\"og:image\" content=\"https:\/\/verdascagroup.com\/wp-content\/uploads\/2025\/07\/Tampas_Drenagem_Valeta_Tipo_1.webp\" \/>\n\t<meta property=\"og:image:width\" content=\"1280\" \/>\n\t<meta property=\"og:image:height\" content=\"1280\" \/>\n\t<meta property=\"og:image:type\" content=\"image\/webp\" \/>\n<meta name=\"twitter:card\" content=\"summary_large_image\" \/>\n<meta name=\"twitter:label1\" content=\"Est. reading time\" \/>\n\t<meta name=\"twitter:data1\" content=\"1 minute\" \/>\n<script type=\"application\/ld+json\" class=\"yoast-schema-graph\">{\"@context\":\"https:\/\/schema.org\",\"@graph\":[{\"@type\":\"WebPage\",\"@id\":\"https:\/\/verdascagroup.com\/en\/produto\/tampa-de-drenagem-em-valeta-para-boca-de-escavacao-tipo-1\/\",\"url\":\"https:\/\/verdascagroup.com\/en\/produto\/tampa-de-drenagem-em-valeta-para-boca-de-escavacao-tipo-1\/\",\"name\":\"Drainage Cover for Excavation Opening - Type 1 - Verdasca Group\",\"isPartOf\":{\"@id\":\"https:\/\/verdascagroup.com\/en\/#website\"},\"primaryImageOfPage\":{\"@id\":\"https:\/\/verdascagroup.com\/en\/produto\/tampa-de-drenagem-em-valeta-para-boca-de-escavacao-tipo-1\/#primaryimage\"},\"image\":{\"@id\":\"https:\/\/verdascagroup.com\/en\/produto\/tampa-de-drenagem-em-valeta-para-boca-de-escavacao-tipo-1\/#primaryimage\"},\"thumbnailUrl\":\"https:\/\/verdascagroup.com\/wp-content\/uploads\/2025\/07\/Tampas_Drenagem_Valeta_Tipo_1.webp\",\"datePublished\":\"2025-07-29T16:10:44+00:00\",\"dateModified\":\"2025-08-22T15:00:57+00:00\",\"breadcrumb\":{\"@id\":\"https:\/\/verdascagroup.com\/en\/produto\/tampa-de-drenagem-em-valeta-para-boca-de-escavacao-tipo-1\/#breadcrumb\"},\"inLanguage\":\"en-US\",\"potentialAction\":[{\"@type\":\"ReadAction\",\"target\":[\"https:\/\/verdascagroup.com\/en\/produto\/tampa-de-drenagem-em-valeta-para-boca-de-escavacao-tipo-1\/\"]}]},{\"@type\":\"ImageObject\",\"inLanguage\":\"en-US\",\"@id\":\"https:\/\/verdascagroup.com\/en\/produto\/tampa-de-drenagem-em-valeta-para-boca-de-escavacao-tipo-1\/#primaryimage\",\"url\":\"https:\/\/verdascagroup.com\/wp-content\/uploads\/2025\/07\/Tampas_Drenagem_Valeta_Tipo_1.webp\",\"contentUrl\":\"https:\/\/verdascagroup.com\/wp-content\/uploads\/2025\/07\/Tampas_Drenagem_Valeta_Tipo_1.webp\",\"width\":1280,\"height\":1280},{\"@type\":\"BreadcrumbList\",\"@id\":\"https:\/\/verdascagroup.com\/en\/produto\/tampa-de-drenagem-em-valeta-para-boca-de-escavacao-tipo-1\/#breadcrumb\",\"itemListElement\":[{\"@type\":\"ListItem\",\"position\":1,\"name\":\"In\u00edcio\",\"item\":\"https:\/\/verdascagroup.com\/en\/\"},{\"@type\":\"ListItem\",\"position\":2,\"name\":\"Products\",\"item\":\"https:\/\/verdascagroup.com\/en\/products\/\"},{\"@type\":\"ListItem\",\"position\":3,\"name\":\"Drainage Cover for Excavation Opening &#8211; Type 1\"}]},{\"@type\":\"WebSite\",\"@id\":\"https:\/\/verdascagroup.com\/en\/#website\",\"url\":\"https:\/\/verdascagroup.com\/en\/\",\"name\":\"Verdasca Group\",\"description\":\"Verdasca Group, fornecedor e produtor de materiais \u00e0 base de bet\u00e3o pr\u00e9-fabricado e de bet\u00e3o.\",\"potentialAction\":[{\"@type\":\"SearchAction\",\"target\":{\"@type\":\"EntryPoint\",\"urlTemplate\":\"https:\/\/verdascagroup.com\/en\/?s={search_term_string}\"},\"query-input\":{\"@type\":\"PropertyValueSpecification\",\"valueRequired\":true,\"valueName\":\"search_term_string\"}}],\"inLanguage\":\"en-US\"}]}<\/script>\n<!-- \/ Yoast SEO plugin. -->","yoast_head_json":{"title":"Drainage Cover for Excavation Opening - Type 1 - Verdasca Group","robots":{"index":"index","follow":"follow","max-snippet":"max-snippet:-1","max-image-preview":"max-image-preview:large","max-video-preview":"max-video-preview:-1"},"canonical":"https:\/\/verdascagroup.com\/en\/produto\/tampa-de-drenagem-em-valeta-para-boca-de-escavacao-tipo-1\/","og_locale":"en_US","og_type":"article","og_title":"Drainage Cover for Excavation Opening - Type 1 - Verdasca Group","og_description":"The Factory Production Control System implemented defines the requirements for manufacturing, covering the entire production process, from the control of raw materials and equipment to the manufacture of the product and the control for validation of the finished product.","og_url":"https:\/\/verdascagroup.com\/en\/produto\/tampa-de-drenagem-em-valeta-para-boca-de-escavacao-tipo-1\/","og_site_name":"Verdasca Group","article_modified_time":"2025-08-22T15:00:57+00:00","og_image":[{"width":1280,"height":1280,"url":"https:\/\/verdascagroup.com\/wp-content\/uploads\/2025\/07\/Tampas_Drenagem_Valeta_Tipo_1.webp","type":"image\/webp"}],"twitter_card":"summary_large_image","twitter_misc":{"Est. reading time":"1 minute"},"schema":{"@context":"https:\/\/schema.org","@graph":[{"@type":"WebPage","@id":"https:\/\/verdascagroup.com\/en\/produto\/tampa-de-drenagem-em-valeta-para-boca-de-escavacao-tipo-1\/","url":"https:\/\/verdascagroup.com\/en\/produto\/tampa-de-drenagem-em-valeta-para-boca-de-escavacao-tipo-1\/","name":"Drainage Cover for Excavation Opening - Type 1 - Verdasca Group","isPartOf":{"@id":"https:\/\/verdascagroup.com\/en\/#website"},"primaryImageOfPage":{"@id":"https:\/\/verdascagroup.com\/en\/produto\/tampa-de-drenagem-em-valeta-para-boca-de-escavacao-tipo-1\/#primaryimage"},"image":{"@id":"https:\/\/verdascagroup.com\/en\/produto\/tampa-de-drenagem-em-valeta-para-boca-de-escavacao-tipo-1\/#primaryimage"},"thumbnailUrl":"https:\/\/verdascagroup.com\/wp-content\/uploads\/2025\/07\/Tampas_Drenagem_Valeta_Tipo_1.webp","datePublished":"2025-07-29T16:10:44+00:00","dateModified":"2025-08-22T15:00:57+00:00","breadcrumb":{"@id":"https:\/\/verdascagroup.com\/en\/produto\/tampa-de-drenagem-em-valeta-para-boca-de-escavacao-tipo-1\/#breadcrumb"},"inLanguage":"en-US","potentialAction":[{"@type":"ReadAction","target":["https:\/\/verdascagroup.com\/en\/produto\/tampa-de-drenagem-em-valeta-para-boca-de-escavacao-tipo-1\/"]}]},{"@type":"ImageObject","inLanguage":"en-US","@id":"https:\/\/verdascagroup.com\/en\/produto\/tampa-de-drenagem-em-valeta-para-boca-de-escavacao-tipo-1\/#primaryimage","url":"https:\/\/verdascagroup.com\/wp-content\/uploads\/2025\/07\/Tampas_Drenagem_Valeta_Tipo_1.webp","contentUrl":"https:\/\/verdascagroup.com\/wp-content\/uploads\/2025\/07\/Tampas_Drenagem_Valeta_Tipo_1.webp","width":1280,"height":1280},{"@type":"BreadcrumbList","@id":"https:\/\/verdascagroup.com\/en\/produto\/tampa-de-drenagem-em-valeta-para-boca-de-escavacao-tipo-1\/#breadcrumb","itemListElement":[{"@type":"ListItem","position":1,"name":"In\u00edcio","item":"https:\/\/verdascagroup.com\/en\/"},{"@type":"ListItem","position":2,"name":"Products","item":"https:\/\/verdascagroup.com\/en\/products\/"},{"@type":"ListItem","position":3,"name":"Drainage Cover for Excavation Opening &#8211; Type 1"}]},{"@type":"WebSite","@id":"https:\/\/verdascagroup.com\/en\/#website","url":"https:\/\/verdascagroup.com\/en\/","name":"Verdasca Group","description":"Verdasca Group, fornecedor e produtor de materiais \u00e0 base de bet\u00e3o pr\u00e9-fabricado e de bet\u00e3o.","potentialAction":[{"@type":"SearchAction","target":{"@type":"EntryPoint","urlTemplate":"https:\/\/verdascagroup.com\/en\/?s={search_term_string}"},"query-input":{"@type":"PropertyValueSpecification","valueRequired":true,"valueName":"search_term_string"}}],"inLanguage":"en-US"}]}},"_links":{"self":[{"href":"https:\/\/verdascagroup.com\/en\/wp-json\/wp\/v2\/product\/14417","targetHints":{"allow":["GET"]}}],"collection":[{"href":"https:\/\/verdascagroup.com\/en\/wp-json\/wp\/v2\/product"}],"about":[{"href":"https:\/\/verdascagroup.com\/en\/wp-json\/wp\/v2\/types\/product"}],"version-history":[{"count":4,"href":"https:\/\/verdascagroup.com\/en\/wp-json\/wp\/v2\/product\/14417\/revisions"}],"predecessor-version":[{"id":20915,"href":"https:\/\/verdascagroup.com\/en\/wp-json\/wp\/v2\/product\/14417\/revisions\/20915"}],"wp:featuredmedia":[{"embeddable":true,"href":"https:\/\/verdascagroup.com\/en\/wp-json\/wp\/v2\/media\/9789"}],"wp:attachment":[{"href":"https:\/\/verdascagroup.com\/en\/wp-json\/wp\/v2\/media?parent=14417"}],"wp:term":[{"taxonomy":"product_brand","embeddable":true,"href":"https:\/\/verdascagroup.com\/en\/wp-json\/wp\/v2\/product_brand?post=14417"},{"taxonomy":"product_cat","embeddable":true,"href":"https:\/\/verdascagroup.com\/en\/wp-json\/wp\/v2\/product_cat?post=14417"},{"taxonomy":"product_tag","embeddable":true,"href":"https:\/\/verdascagroup.com\/en\/wp-json\/wp\/v2\/product_tag?post=14417"}],"curies":[{"name":"wp","href":"https:\/\/api.w.org\/{rel}","templated":true}]}}