{"id":13702,"date":"2025-08-10T12:15:50","date_gmt":"2025-08-10T12:15:50","guid":{"rendered":"https:\/\/verdascagroup.com\/recrutamento\/estagios\/"},"modified":"2025-08-19T11:04:16","modified_gmt":"2025-08-19T11:04:16","slug":"estagios","status":"publish","type":"page","link":"https:\/\/verdascagroup.com\/en\/recruitment\/estagios\/","title":{"rendered":"Internships"},"content":{"rendered":"\t\t<div data-elementor-type=\"wp-page\" data-elementor-id=\"13702\" class=\"elementor elementor-13702 elementor-11458\" data-elementor-post-type=\"page\">\n\t\t\t\t<div class=\"wd-negative-gap elementor-element elementor-element-49bb643 wd-section-stretch e-flex e-con-boxed e-con e-parent\" data-id=\"49bb643\" data-element_type=\"container\" data-e-type=\"container\" data-settings=\"{&quot;background_background&quot;:&quot;classic&quot;,&quot;jet_parallax_layout_list&quot;:[]}\">\n\t\t\t\t\t<div class=\"e-con-inner\">\n\t\t<div class=\"elementor-element elementor-element-1460205 e-con-full e-flex e-con e-child\" data-id=\"1460205\" data-element_type=\"container\" data-e-type=\"container\" data-settings=\"{&quot;jet_parallax_layout_list&quot;:[]}\">\n\t\t<div class=\"elementor-element elementor-element-cf5a94f e-con-full e-flex e-con e-child\" data-id=\"cf5a94f\" data-element_type=\"container\" data-e-type=\"container\" data-settings=\"{&quot;jet_parallax_layout_list&quot;:[]}\">\n\t\t\t\t<div class=\"elementor-element elementor-element-bc6f49d wd-width-100 elementor-widget elementor-widget-wd_title\" data-id=\"bc6f49d\" data-element_type=\"widget\" data-e-type=\"widget\" data-widget_type=\"wd_title.default\">\n\t\t\t\t<div class=\"elementor-widget-container\">\n\t\t\t\t\t\t\t<div class=\"title-wrapper wd-set-mb reset-last-child wd-title-color-default wd-title-style-default wd-title-size-large text-left\">\n\n\t\t\t\n\t\t\t<div class=\"liner-continer\">\n\t\t\t\t<h4 class=\"woodmart-title-container title wd-fontsize-xxl\">Intern at Verdasca Group<\/h4> \n\t\t\t\t\t\t\t<\/div>\n\n\t\t\t\t\t\t\t<div class=\"title-after_title reset-last-child wd-fontsize-s\">\n\t\t\t\t\t<p>Do you have ambition and want to get in touch with the working world? At Verdasca Group, we believe we are the right partner to help you build your future.<\/p><p>We recognize your potential and support your personal and professional development, always with close guidance from our team. Here, we grow together.<\/p><p>If you are looking to evolve, this page is for you. Choose the internship that best suits you:<\/p><ul><li><p><strong>Summer Internships<\/strong> \u2013 A practical experience during your free time, integrated into real teams and with dedicated support;<\/p><\/li><li><p><strong>Curricular Internships<\/strong> \u2013 Develop skills aligned with your academic training, always with technical support and professional guidance;<\/p><\/li><li><p><strong>Professional Internships<\/strong> \u2013 A solid step toward entering the job market, with ongoing mentorship and potential for future integration.<\/p><\/li><\/ul>\t\t\t\t<\/div>\n\t\t\t\t\t<\/div>\n\t\t\t\t\t\t<\/div>\n\t\t\t\t<\/div>\n\t\t<div data-dce-background-color=\"#F1F3F8\" class=\"elementor-element elementor-element-e1474b6 e-con-full e-flex e-con e-child\" data-id=\"e1474b6\" data-element_type=\"container\" data-e-type=\"container\" data-settings=\"{&quot;background_background&quot;:&quot;classic&quot;,&quot;jet_parallax_layout_list&quot;:[]}\">\n\t\t\t\t<div class=\"elementor-element elementor-element-94e0e7a elementor-widget elementor-widget-shortcode\" data-id=\"94e0e7a\" data-element_type=\"widget\" data-e-type=\"widget\" data-widget_type=\"shortcode.default\">\n\t\t\t\t\t\t\t<div class=\"elementor-shortcode\">\n<div class=\"wpcf7 no-js\" id=\"wpcf7-f18401-o1\" lang=\"en-US\" dir=\"ltr\" data-wpcf7-id=\"18401\">\n<div class=\"screen-reader-response\"><p role=\"status\" aria-live=\"polite\" aria-atomic=\"true\"><\/p> <ul><\/ul><\/div>\n<form action=\"\/en\/wp-json\/wp\/v2\/pages\/13702#wpcf7-f18401-o1\" method=\"post\" class=\"wpcf7-form init\" aria-label=\"Contact form\" enctype=\"multipart\/form-data\" novalidate=\"novalidate\" data-status=\"init\">\n<fieldset class=\"hidden-fields-container\"><input type=\"hidden\" name=\"_wpcf7\" value=\"18401\" \/><input type=\"hidden\" name=\"_wpcf7_version\" value=\"6.1.4\" \/><input type=\"hidden\" name=\"_wpcf7_locale\" value=\"en_US\" \/><input type=\"hidden\" name=\"_wpcf7_unit_tag\" value=\"wpcf7-f18401-o1\" \/><input type=\"hidden\" name=\"_wpcf7_container_post\" value=\"0\" \/><input type=\"hidden\" name=\"_wpcf7_posted_data_hash\" value=\"\" \/>\n<\/fieldset>\n<p><label> Full Name *<br \/>\n<span class=\"wpcf7-form-control-wrap\" data-name=\"nome\"><input size=\"40\" maxlength=\"400\" class=\"wpcf7-form-control wpcf7-text wpcf7-validates-as-required form-control\" aria-required=\"true\" aria-invalid=\"false\" value=\"\" type=\"text\" name=\"nome\" \/><\/span> <\/label>\n<\/p>\n<p><label> Email *<br \/>\n<span class=\"wpcf7-form-control-wrap\" data-name=\"email\"><input size=\"40\" maxlength=\"400\" class=\"wpcf7-form-control wpcf7-email wpcf7-validates-as-required wpcf7-text wpcf7-validates-as-email form-control\" aria-required=\"true\" aria-invalid=\"false\" value=\"\" type=\"email\" name=\"email\" \/><\/span> <\/label>\n<\/p>\n<p><label> Phone *<br \/>\n<span class=\"wpcf7-form-control-wrap\" data-name=\"telefone\"><input size=\"40\" maxlength=\"400\" class=\"wpcf7-form-control wpcf7-tel wpcf7-validates-as-required wpcf7-text wpcf7-validates-as-tel form-control\" aria-required=\"true\" aria-invalid=\"false\" value=\"\" type=\"tel\" name=\"telefone\" \/><\/span> <\/label>\n<\/p>\n<p><label> Internship Type *<br \/>\n<span class=\"wpcf7-form-control-wrap\" data-name=\"tipo_estagio\"><select class=\"wpcf7-form-control wpcf7-select wpcf7-validates-as-required form-control\" aria-required=\"true\" aria-invalid=\"false\" name=\"tipo_estagio\"><option value=\"Summer Internship\">Summer Internship<\/option><option value=\"Curricular Internship\">Curricular Internship<\/option><option value=\"Professional Internship\">Professional Internship<\/option><\/select><\/span><br \/>\n<\/label>\n<\/p>\n<p><label> Internship Area *<br \/>\n<span class=\"wpcf7-form-control-wrap\" data-name=\"area_estagio\"><input size=\"40\" maxlength=\"400\" class=\"wpcf7-form-control wpcf7-text wpcf7-validates-as-required form-control\" aria-required=\"true\" aria-invalid=\"false\" value=\"\" type=\"text\" name=\"area_estagio\" \/><\/span> <\/label>\n<\/p>\n<p><label> Start Date *<br \/>\n<span class=\"wpcf7-form-control-wrap\" data-name=\"data_inicio\"><input class=\"wpcf7-form-control wpcf7-date wpcf7-validates-as-required wpcf7-validates-as-date form-control\" aria-required=\"true\" aria-invalid=\"false\" value=\"\" type=\"date\" name=\"data_inicio\" \/><\/span> <\/label>\n<\/p>\n<p><label> End Date *<br \/>\n<span class=\"wpcf7-form-control-wrap\" data-name=\"data_fim\"><input class=\"wpcf7-form-control wpcf7-date wpcf7-validates-as-required wpcf7-validates-as-date form-control\" aria-required=\"true\" aria-invalid=\"false\" value=\"\" type=\"date\" name=\"data_fim\" \/><\/span> <\/label>\n<\/p>\n<p><label> Motivation Letter *<br \/>\n<span class=\"wpcf7-form-control-wrap\" data-name=\"motivacao\"><textarea cols=\"40\" rows=\"10\" maxlength=\"2000\" class=\"wpcf7-form-control wpcf7-textarea wpcf7-validates-as-required form-control\" aria-required=\"true\" aria-invalid=\"false\" name=\"motivacao\"><\/textarea><\/span> <\/label>\n<\/p>\n<p><label> Upload CV\/Resume *<br \/>\n<span class=\"wpcf7-form-control-wrap\" data-name=\"cv\"><input size=\"40\" class=\"wpcf7-form-control wpcf7-file wpcf7-validates-as-required form-control\" accept=\".pdf,.doc,.docx\" aria-required=\"true\" aria-invalid=\"false\" type=\"file\" name=\"cv\" \/><\/span><br \/>\n<span class=\"file-note\">Allowed formats: .pdf, .doc, .docx<\/span><br \/>\n<\/label>\n<\/p>\n<p><label> Proof of Enrollment *<br \/>\n<span class=\"wpcf7-form-control-wrap\" data-name=\"comprovativo_matricula\"><input size=\"40\" class=\"wpcf7-form-control wpcf7-file wpcf7-validates-as-required form-control\" accept=\".pdf,.doc,.docx\" aria-required=\"true\" aria-invalid=\"false\" type=\"file\" name=\"comprovativo_matricula\" \/><\/span><br \/>\n<span class=\"file-note\">Allowed formats: .pdf, .doc, .docx<\/span><br \/>\n<\/label>\n<\/p>\n<p><label class=\"consent-label\"><br \/>\n<span class=\"wpcf7-form-control-wrap\" data-name=\"your-consent\"><span class=\"wpcf7-form-control wpcf7-acceptance\"><span class=\"wpcf7-list-item\"><label><input type=\"checkbox\" name=\"your-consent\" value=\"1\" aria-invalid=\"false\" \/><span class=\"wpcf7-list-item-label\">By using this form you agree to the storage and processing of your data by this site.<\/span><\/label><\/span><\/span><\/span><br \/>\n<\/label>\n<\/p>\n<p><input class=\"wpcf7-form-control wpcf7-submit has-spinner\" type=\"submit\" value=\"Submit\" \/>\n<\/p><div class=\"wpcf7-response-output\" aria-hidden=\"true\"><\/div>\n<\/form>\n<\/div>\n<\/div>\n\t\t\t\t\t\t<\/div>\n\t\t\t\t<\/div>\n\t\t\t\t<\/div>\n\t\t\t\t<\/div>\n\t\t\t\t\t<\/div>\n\t\t\t\t<\/div>\n\t\t\t\t<\/div>\n\t\t","protected":false},"excerpt":{"rendered":"<p>Intern at Verdasca Group Do you have ambition and want to get in touch with the working world? At Verdasca<\/p>\n","protected":false},"author":1,"featured_media":0,"parent":13692,"menu_order":0,"comment_status":"closed","ping_status":"closed","template":"","meta":{"footnotes":""},"class_list":["post-13702","page","type-page","status-publish","hentry"],"yoast_head":"<!-- This site is optimized with the Yoast SEO plugin v27.4 - https:\/\/yoast.com\/product\/yoast-seo-wordpress\/ -->\n<title>Internships - Verdasca Group<\/title>\n<meta name=\"robots\" content=\"index, follow, max-snippet:-1, max-image-preview:large, max-video-preview:-1\" \/>\n<link rel=\"canonical\" href=\"https:\/\/verdascagroup.com\/en\/recruitment\/estagios\/\" \/>\n<meta property=\"og:locale\" content=\"en_US\" \/>\n<meta property=\"og:type\" content=\"article\" \/>\n<meta property=\"og:title\" content=\"Internships - Verdasca Group\" \/>\n<meta property=\"og:description\" content=\"Intern at Verdasca Group Do you have ambition and want to get in touch with the working world? At Verdasca\" \/>\n<meta property=\"og:url\" content=\"https:\/\/verdascagroup.com\/en\/recruitment\/estagios\/\" \/>\n<meta property=\"og:site_name\" content=\"Verdasca Group\" \/>\n<meta property=\"article:modified_time\" content=\"2025-08-19T11:04:16+00:00\" \/>\n<meta name=\"twitter:card\" content=\"summary_large_image\" \/>\n<meta name=\"twitter:label1\" content=\"Est. reading time\" \/>\n\t<meta name=\"twitter:data1\" content=\"1 minute\" \/>\n<script type=\"application\/ld+json\" class=\"yoast-schema-graph\">{\"@context\":\"https:\\\/\\\/schema.org\",\"@graph\":[{\"@type\":\"WebPage\",\"@id\":\"https:\\\/\\\/verdascagroup.com\\\/en\\\/recruitment\\\/estagios\\\/\",\"url\":\"https:\\\/\\\/verdascagroup.com\\\/en\\\/recruitment\\\/estagios\\\/\",\"name\":\"Internships - Verdasca Group\",\"isPartOf\":{\"@id\":\"https:\\\/\\\/verdascagroup.com\\\/en\\\/#website\"},\"datePublished\":\"2025-08-10T12:15:50+00:00\",\"dateModified\":\"2025-08-19T11:04:16+00:00\",\"breadcrumb\":{\"@id\":\"https:\\\/\\\/verdascagroup.com\\\/en\\\/recruitment\\\/estagios\\\/#breadcrumb\"},\"inLanguage\":\"en-US\",\"potentialAction\":[{\"@type\":\"ReadAction\",\"target\":[\"https:\\\/\\\/verdascagroup.com\\\/en\\\/recruitment\\\/estagios\\\/\"]}]},{\"@type\":\"BreadcrumbList\",\"@id\":\"https:\\\/\\\/verdascagroup.com\\\/en\\\/recruitment\\\/estagios\\\/#breadcrumb\",\"itemListElement\":[{\"@type\":\"ListItem\",\"position\":1,\"name\":\"In\u00edcio\",\"item\":\"https:\\\/\\\/verdascagroup.com\\\/en\\\/\"},{\"@type\":\"ListItem\",\"position\":2,\"name\":\"Recruitment\",\"item\":\"https:\\\/\\\/verdascagroup.com\\\/en\\\/recrutamento\\\/\"},{\"@type\":\"ListItem\",\"position\":3,\"name\":\"Internships\"}]},{\"@type\":\"WebSite\",\"@id\":\"https:\\\/\\\/verdascagroup.com\\\/en\\\/#website\",\"url\":\"https:\\\/\\\/verdascagroup.com\\\/en\\\/\",\"name\":\"Verdasca Group\",\"description\":\"Verdasca Group, fornecedor e produtor de materiais \u00e0 base de bet\u00e3o pr\u00e9-fabricado e de bet\u00e3o.\",\"potentialAction\":[{\"@type\":\"SearchAction\",\"target\":{\"@type\":\"EntryPoint\",\"urlTemplate\":\"https:\\\/\\\/verdascagroup.com\\\/en\\\/?s={search_term_string}\"},\"query-input\":{\"@type\":\"PropertyValueSpecification\",\"valueRequired\":true,\"valueName\":\"search_term_string\"}}],\"inLanguage\":\"en-US\"}]}<\/script>\n<!-- \/ Yoast SEO plugin. -->","yoast_head_json":{"title":"Internships - Verdasca Group","robots":{"index":"index","follow":"follow","max-snippet":"max-snippet:-1","max-image-preview":"max-image-preview:large","max-video-preview":"max-video-preview:-1"},"canonical":"https:\/\/verdascagroup.com\/en\/recruitment\/estagios\/","og_locale":"en_US","og_type":"article","og_title":"Internships - Verdasca Group","og_description":"Intern at Verdasca Group Do you have ambition and want to get in touch with the working world? At Verdasca","og_url":"https:\/\/verdascagroup.com\/en\/recruitment\/estagios\/","og_site_name":"Verdasca Group","article_modified_time":"2025-08-19T11:04:16+00:00","twitter_card":"summary_large_image","twitter_misc":{"Est. reading time":"1 minute"},"schema":{"@context":"https:\/\/schema.org","@graph":[{"@type":"WebPage","@id":"https:\/\/verdascagroup.com\/en\/recruitment\/estagios\/","url":"https:\/\/verdascagroup.com\/en\/recruitment\/estagios\/","name":"Internships - Verdasca Group","isPartOf":{"@id":"https:\/\/verdascagroup.com\/en\/#website"},"datePublished":"2025-08-10T12:15:50+00:00","dateModified":"2025-08-19T11:04:16+00:00","breadcrumb":{"@id":"https:\/\/verdascagroup.com\/en\/recruitment\/estagios\/#breadcrumb"},"inLanguage":"en-US","potentialAction":[{"@type":"ReadAction","target":["https:\/\/verdascagroup.com\/en\/recruitment\/estagios\/"]}]},{"@type":"BreadcrumbList","@id":"https:\/\/verdascagroup.com\/en\/recruitment\/estagios\/#breadcrumb","itemListElement":[{"@type":"ListItem","position":1,"name":"In\u00edcio","item":"https:\/\/verdascagroup.com\/en\/"},{"@type":"ListItem","position":2,"name":"Recruitment","item":"https:\/\/verdascagroup.com\/en\/recrutamento\/"},{"@type":"ListItem","position":3,"name":"Internships"}]},{"@type":"WebSite","@id":"https:\/\/verdascagroup.com\/en\/#website","url":"https:\/\/verdascagroup.com\/en\/","name":"Verdasca Group","description":"Verdasca Group, fornecedor e produtor de materiais \u00e0 base de bet\u00e3o pr\u00e9-fabricado e de bet\u00e3o.","potentialAction":[{"@type":"SearchAction","target":{"@type":"EntryPoint","urlTemplate":"https:\/\/verdascagroup.com\/en\/?s={search_term_string}"},"query-input":{"@type":"PropertyValueSpecification","valueRequired":true,"valueName":"search_term_string"}}],"inLanguage":"en-US"}]}},"_links":{"self":[{"href":"https:\/\/verdascagroup.com\/en\/wp-json\/wp\/v2\/pages\/13702","targetHints":{"allow":["GET"]}}],"collection":[{"href":"https:\/\/verdascagroup.com\/en\/wp-json\/wp\/v2\/pages"}],"about":[{"href":"https:\/\/verdascagroup.com\/en\/wp-json\/wp\/v2\/types\/page"}],"author":[{"embeddable":true,"href":"https:\/\/verdascagroup.com\/en\/wp-json\/wp\/v2\/users\/1"}],"replies":[{"embeddable":true,"href":"https:\/\/verdascagroup.com\/en\/wp-json\/wp\/v2\/comments?post=13702"}],"version-history":[{"count":10,"href":"https:\/\/verdascagroup.com\/en\/wp-json\/wp\/v2\/pages\/13702\/revisions"}],"predecessor-version":[{"id":18422,"href":"https:\/\/verdascagroup.com\/en\/wp-json\/wp\/v2\/pages\/13702\/revisions\/18422"}],"up":[{"embeddable":true,"href":"https:\/\/verdascagroup.com\/en\/wp-json\/wp\/v2\/pages\/13692"}],"wp:attachment":[{"href":"https:\/\/verdascagroup.com\/en\/wp-json\/wp\/v2\/media?parent=13702"}],"curies":[{"name":"wp","href":"https:\/\/api.w.org\/{rel}","templated":true}]}}